{"id":3707,"date":"2020-12-01T03:07:08","date_gmt":"2020-12-01T03:07:08","guid":{"rendered":"https:\/\/piayogaonline.com\/?post_type=product&#038;p=3707"},"modified":"2021-07-21T12:06:28","modified_gmt":"2021-07-21T16:06:28","slug":"private-yoga-classes-presencial","status":"publish","type":"product","link":"https:\/\/piayogaonline.com\/es\/producto\/private-yoga-classes-presencial\/","title":{"rendered":"Clase de yoga privada en Miami (Presencial)"},"content":{"rendered":"<p>Clases de yoga de 1 hora adaptadas a su propio ritmo y necesidades. No importa si eres un principiante y deseas comenzar una pr\u00e1ctica de yoga o si eres un estudiante regular que desea mejorar o profundizar tu pr\u00e1ctica.<\/p>\n<p>Despu\u00e9s de la compra, me pondr\u00e9 en contacto contigo para fijar una hora y una fecha para la clase. No dude en contactarme si tiene alguna pregunta: info@piayogaonline.com<\/p>\n<p>* Precios para Brickell y el \u00e1rea del centro.<\/p>\n<p>Tambi\u00e9n ofrezco <a href=\"https:\/\/piayogaonline.com\/es\/producto\/clase-de-yoga-privada-zoom\/\">clases Privadas por Zoom<\/a><\/p>\n<p>&nbsp;<\/p>\n<p>TESTIMONIOS:<\/p>\n<p><em>\u201cPia is an amazing yoga instructor. I have been taking individual classes with her for over a year and the results are fantastic. Today I have much more strength, flexibility, and a higher level of focus. On top of that, I feel great after every class. Her classes have a perfect balance between good practice and relaxation. Her attention to detail has an impact on every aspect of the class. My two daughters (5 and 9 years old) join me from time to time and are also beginning to love her classes.\u201d<\/em><\/p>\n<p>\u2013 Gerardo Mahuad<\/p>\n<p>&nbsp;<\/p>\n<p><em>\u201cPia made me fall in love with yoga. I\u2019m an athletic person, I tried yoga a couple of times but it didn\u2019t do much for me, until this quarantine, when I decided to try a package of classes with Pia. The classes are challenging and that is great for my mind and body. I love Pia\u2019s classes and energy, I\u2019m getting better every day, gaining balance and flexibility. Her practice kept me sane during quarantine and homeschooling with my boys. Grateful for her teaching, knowledge, and fun classes.\u201d <\/em><\/p>\n<p>\u2013 Andrea Minski<\/p>\n","protected":false},"excerpt":{"rendered":"<p>Clases privadas de yoga en Miami adaptadas a su propio ritmo y necesidades. No importa si eres un principiante y deseas comenzar una pr\u00e1ctica de yoga o si eres un estudiante regular que desea mejorar o profundizar tu pr\u00e1ctica.<\/p>\n<p>\u00a1Clases privadas de yoga en el interior o al aire libre!<\/p>\n<p>* Precios para Brickell y el \u00e1rea del centro.<\/p>\n","protected":false},"featured_media":3887,"comment_status":"open","ping_status":"closed","template":"","meta":[],"product_brand":[],"product_cat":[47],"product_tag":[],"class_list":{"0":"post-3707","1":"product","2":"type-product","3":"status-publish","4":"has-post-thumbnail","6":"product_cat-clases-yoga","8":"first","9":"instock","10":"taxable","11":"shipping-taxable","12":"purchasable","13":"product-type-variable"},"yoast_head":"<!-- This site is optimized with the Yoast SEO plugin v27.3 - https:\/\/yoast.com\/product\/yoast-seo-wordpress\/ -->\n<title>Clase de yoga privada en Miami (Presencial) - Pia Yoga Online - Yoga para fortalecer mente y cuerpo<\/title>\n<meta name=\"robots\" content=\"index, follow, max-snippet:-1, max-image-preview:large, max-video-preview:-1\" \/>\n<link rel=\"canonical\" href=\"https:\/\/piayogaonline.com\/es\/producto\/private-yoga-classes-presencial\/\" \/>\n<meta property=\"og:locale\" content=\"es_ES\" \/>\n<meta property=\"og:type\" content=\"article\" \/>\n<meta property=\"og:title\" content=\"Clase de yoga privada en Miami (Presencial) - Pia Yoga Online - Yoga para fortalecer mente y cuerpo\" \/>\n<meta property=\"og:description\" content=\"Clases privadas de yoga en Miami adaptadas a su propio ritmo y necesidades. No importa si eres un principiante y deseas comenzar una pr\u00e1ctica de yoga o si eres un estudiante regular que desea mejorar o profundizar tu pr\u00e1ctica.  \u00a1Clases privadas de yoga en el interior o al aire libre!  * Precios para Brickell y el \u00e1rea del centro.\" \/>\n<meta property=\"og:url\" content=\"https:\/\/piayogaonline.com\/es\/producto\/private-yoga-classes-presencial\/\" \/>\n<meta property=\"og:site_name\" content=\"Pia Yoga Online - Yoga para fortalecer mente y cuerpo\" \/>\n<meta property=\"article:publisher\" content=\"https:\/\/www.facebook.com\/PiaYoga108\/\" \/>\n<meta property=\"article:modified_time\" content=\"2021-07-21T16:06:28+00:00\" \/>\n<meta property=\"og:image\" content=\"https:\/\/piayogaonline.com\/wp-content\/uploads\/2020\/12\/private-yoga-class-in-miami.jpg\" \/>\n\t<meta property=\"og:image:width\" content=\"1200\" \/>\n\t<meta property=\"og:image:height\" content=\"1500\" \/>\n\t<meta property=\"og:image:type\" content=\"image\/jpeg\" \/>\n<meta name=\"twitter:card\" content=\"summary_large_image\" \/>\n<meta name=\"twitter:label1\" content=\"Tiempo de lectura\" \/>\n\t<meta name=\"twitter:data1\" content=\"2 minutos\" \/>\n<script type=\"application\/ld+json\" class=\"yoast-schema-graph\">{\"@context\":\"https:\\\/\\\/schema.org\",\"@graph\":[{\"@type\":\"WebPage\",\"@id\":\"https:\\\/\\\/piayogaonline.com\\\/es\\\/producto\\\/private-yoga-classes-presencial\\\/\",\"url\":\"https:\\\/\\\/piayogaonline.com\\\/es\\\/producto\\\/private-yoga-classes-presencial\\\/\",\"name\":\"Clase de yoga privada en Miami (Presencial) - Pia Yoga Online - Yoga para fortalecer mente y cuerpo\",\"isPartOf\":{\"@id\":\"https:\\\/\\\/piayogaonline.com\\\/es\\\/#website\"},\"primaryImageOfPage\":{\"@id\":\"https:\\\/\\\/piayogaonline.com\\\/es\\\/producto\\\/private-yoga-classes-presencial\\\/#primaryimage\"},\"image\":{\"@id\":\"https:\\\/\\\/piayogaonline.com\\\/es\\\/producto\\\/private-yoga-classes-presencial\\\/#primaryimage\"},\"thumbnailUrl\":\"https:\\\/\\\/piayogaonline.com\\\/wp-content\\\/uploads\\\/2020\\\/12\\\/private-yoga-class-in-miami.jpg\",\"datePublished\":\"2020-12-01T03:07:08+00:00\",\"dateModified\":\"2021-07-21T16:06:28+00:00\",\"breadcrumb\":{\"@id\":\"https:\\\/\\\/piayogaonline.com\\\/es\\\/producto\\\/private-yoga-classes-presencial\\\/#breadcrumb\"},\"inLanguage\":\"es-CO\",\"potentialAction\":[{\"@type\":\"ReadAction\",\"target\":[\"https:\\\/\\\/piayogaonline.com\\\/es\\\/producto\\\/private-yoga-classes-presencial\\\/\"]}]},{\"@type\":\"ImageObject\",\"inLanguage\":\"es-CO\",\"@id\":\"https:\\\/\\\/piayogaonline.com\\\/es\\\/producto\\\/private-yoga-classes-presencial\\\/#primaryimage\",\"url\":\"https:\\\/\\\/piayogaonline.com\\\/wp-content\\\/uploads\\\/2020\\\/12\\\/private-yoga-class-in-miami.jpg\",\"contentUrl\":\"https:\\\/\\\/piayogaonline.com\\\/wp-content\\\/uploads\\\/2020\\\/12\\\/private-yoga-class-in-miami.jpg\",\"width\":1200,\"height\":1500,\"caption\":\"Private yoga\"},{\"@type\":\"BreadcrumbList\",\"@id\":\"https:\\\/\\\/piayogaonline.com\\\/es\\\/producto\\\/private-yoga-classes-presencial\\\/#breadcrumb\",\"itemListElement\":[{\"@type\":\"ListItem\",\"position\":1,\"name\":\"Home\",\"item\":\"https:\\\/\\\/piayogaonline.com\\\/es\\\/\"},{\"@type\":\"ListItem\",\"position\":2,\"name\":\"Shop\",\"item\":\"https:\\\/\\\/piayogaonline.com\\\/shop\\\/\"},{\"@type\":\"ListItem\",\"position\":3,\"name\":\"Clase de yoga privada en Miami (Presencial)\"}]},{\"@type\":\"WebSite\",\"@id\":\"https:\\\/\\\/piayogaonline.com\\\/es\\\/#website\",\"url\":\"https:\\\/\\\/piayogaonline.com\\\/es\\\/\",\"name\":\"Pia Yoga Online - Yoga para fortalecer mente y cuerpo\",\"description\":\"Clases de yoga online, videos y consejos para tu pr\u00e1ctica de yoga, enfocados en fortalecer mente y cuerpo. Tambi\u00e9n informaci\u00f3n sobre talleres, retiros de yoga y eventos especiales.\",\"potentialAction\":[{\"@type\":\"SearchAction\",\"target\":{\"@type\":\"EntryPoint\",\"urlTemplate\":\"https:\\\/\\\/piayogaonline.com\\\/es\\\/?s={search_term_string}\"},\"query-input\":{\"@type\":\"PropertyValueSpecification\",\"valueRequired\":true,\"valueName\":\"search_term_string\"}}],\"inLanguage\":\"es-CO\"}]}<\/script>\n<!-- \/ Yoast SEO plugin. -->","yoast_head_json":{"title":"Clase de yoga privada en Miami (Presencial) - Pia Yoga Online - Yoga para fortalecer mente y cuerpo","robots":{"index":"index","follow":"follow","max-snippet":"max-snippet:-1","max-image-preview":"max-image-preview:large","max-video-preview":"max-video-preview:-1"},"canonical":"https:\/\/piayogaonline.com\/es\/producto\/private-yoga-classes-presencial\/","og_locale":"es_ES","og_type":"article","og_title":"Clase de yoga privada en Miami (Presencial) - Pia Yoga Online - Yoga para fortalecer mente y cuerpo","og_description":"Clases privadas de yoga en Miami adaptadas a su propio ritmo y necesidades. No importa si eres un principiante y deseas comenzar una pr\u00e1ctica de yoga o si eres un estudiante regular que desea mejorar o profundizar tu pr\u00e1ctica.  \u00a1Clases privadas de yoga en el interior o al aire libre!  * Precios para Brickell y el \u00e1rea del centro.","og_url":"https:\/\/piayogaonline.com\/es\/producto\/private-yoga-classes-presencial\/","og_site_name":"Pia Yoga Online - Yoga para fortalecer mente y cuerpo","article_publisher":"https:\/\/www.facebook.com\/PiaYoga108\/","article_modified_time":"2021-07-21T16:06:28+00:00","og_image":[{"width":1200,"height":1500,"url":"https:\/\/piayogaonline.com\/wp-content\/uploads\/2020\/12\/private-yoga-class-in-miami.jpg","type":"image\/jpeg"}],"twitter_card":"summary_large_image","twitter_misc":{"Tiempo de lectura":"2 minutos"},"schema":{"@context":"https:\/\/schema.org","@graph":[{"@type":"WebPage","@id":"https:\/\/piayogaonline.com\/es\/producto\/private-yoga-classes-presencial\/","url":"https:\/\/piayogaonline.com\/es\/producto\/private-yoga-classes-presencial\/","name":"Clase de yoga privada en Miami (Presencial) - Pia Yoga Online - Yoga para fortalecer mente y cuerpo","isPartOf":{"@id":"https:\/\/piayogaonline.com\/es\/#website"},"primaryImageOfPage":{"@id":"https:\/\/piayogaonline.com\/es\/producto\/private-yoga-classes-presencial\/#primaryimage"},"image":{"@id":"https:\/\/piayogaonline.com\/es\/producto\/private-yoga-classes-presencial\/#primaryimage"},"thumbnailUrl":"https:\/\/piayogaonline.com\/wp-content\/uploads\/2020\/12\/private-yoga-class-in-miami.jpg","datePublished":"2020-12-01T03:07:08+00:00","dateModified":"2021-07-21T16:06:28+00:00","breadcrumb":{"@id":"https:\/\/piayogaonline.com\/es\/producto\/private-yoga-classes-presencial\/#breadcrumb"},"inLanguage":"es-CO","potentialAction":[{"@type":"ReadAction","target":["https:\/\/piayogaonline.com\/es\/producto\/private-yoga-classes-presencial\/"]}]},{"@type":"ImageObject","inLanguage":"es-CO","@id":"https:\/\/piayogaonline.com\/es\/producto\/private-yoga-classes-presencial\/#primaryimage","url":"https:\/\/piayogaonline.com\/wp-content\/uploads\/2020\/12\/private-yoga-class-in-miami.jpg","contentUrl":"https:\/\/piayogaonline.com\/wp-content\/uploads\/2020\/12\/private-yoga-class-in-miami.jpg","width":1200,"height":1500,"caption":"Private yoga"},{"@type":"BreadcrumbList","@id":"https:\/\/piayogaonline.com\/es\/producto\/private-yoga-classes-presencial\/#breadcrumb","itemListElement":[{"@type":"ListItem","position":1,"name":"Home","item":"https:\/\/piayogaonline.com\/es\/"},{"@type":"ListItem","position":2,"name":"Shop","item":"https:\/\/piayogaonline.com\/shop\/"},{"@type":"ListItem","position":3,"name":"Clase de yoga privada en Miami (Presencial)"}]},{"@type":"WebSite","@id":"https:\/\/piayogaonline.com\/es\/#website","url":"https:\/\/piayogaonline.com\/es\/","name":"Pia Yoga Online - Yoga para fortalecer mente y cuerpo","description":"Clases de yoga online, videos y consejos para tu pr\u00e1ctica de yoga, enfocados en fortalecer mente y cuerpo. Tambi\u00e9n informaci\u00f3n sobre talleres, retiros de yoga y eventos especiales.","potentialAction":[{"@type":"SearchAction","target":{"@type":"EntryPoint","urlTemplate":"https:\/\/piayogaonline.com\/es\/?s={search_term_string}"},"query-input":{"@type":"PropertyValueSpecification","valueRequired":true,"valueName":"search_term_string"}}],"inLanguage":"es-CO"}]}},"_links":{"self":[{"href":"https:\/\/piayogaonline.com\/es\/wp-json\/wp\/v2\/product\/3707","targetHints":{"allow":["GET"]}}],"collection":[{"href":"https:\/\/piayogaonline.com\/es\/wp-json\/wp\/v2\/product"}],"about":[{"href":"https:\/\/piayogaonline.com\/es\/wp-json\/wp\/v2\/types\/product"}],"replies":[{"embeddable":true,"href":"https:\/\/piayogaonline.com\/es\/wp-json\/wp\/v2\/comments?post=3707"}],"wp:featuredmedia":[{"embeddable":true,"href":"https:\/\/piayogaonline.com\/es\/wp-json\/wp\/v2\/media\/3887"}],"wp:attachment":[{"href":"https:\/\/piayogaonline.com\/es\/wp-json\/wp\/v2\/media?parent=3707"}],"wp:term":[{"taxonomy":"product_brand","embeddable":true,"href":"https:\/\/piayogaonline.com\/es\/wp-json\/wp\/v2\/product_brand?post=3707"},{"taxonomy":"product_cat","embeddable":true,"href":"https:\/\/piayogaonline.com\/es\/wp-json\/wp\/v2\/product_cat?post=3707"},{"taxonomy":"product_tag","embeddable":true,"href":"https:\/\/piayogaonline.com\/es\/wp-json\/wp\/v2\/product_tag?post=3707"}],"curies":[{"name":"wp","href":"https:\/\/api.w.org\/{rel}","templated":true}]}}