{"id":3080,"date":"2020-09-15T03:21:53","date_gmt":"2020-09-15T03:21:53","guid":{"rendered":"https:\/\/piayogaonline.com\/?post_type=product&#038;p=3080"},"modified":"2021-01-08T01:11:18","modified_gmt":"2021-01-08T01:11:18","slug":"clase-conceptos-basicos-del-yoga","status":"publish","type":"product","link":"https:\/\/piayogaonline.com\/es\/producto\/clase-conceptos-basicos-del-yoga\/","title":{"rendered":"Clase: Conceptos b\u00e1sicos del yoga"},"content":{"rendered":"<p>Clase pre-grabada de 2 horas dirigida a quienes quieren aprender o entender algunos conceptos b\u00e1sicos de la filosof\u00eda del yoga, desde qu\u00e9 es exactamente el yoga, los diferentes estilos, y conceptos como los mudras, los bandhas, mantras, pranayama y los chakras.<\/p>\n","protected":false},"excerpt":{"rendered":"<p>Clase pre-grabada de 2 horas dirigida a quienes quieren aprender o entender algunos conceptos b\u00e1sicos de la filosof\u00eda del yoga, desde qu\u00e9 es exactamente el yoga, los diferentes estilos, y conceptos como los mudras, los bandhas, mantras, pranayama y los chakras.<\/p>\n","protected":false},"featured_media":3077,"comment_status":"open","ping_status":"closed","template":"","meta":[],"product_brand":[],"product_cat":[47],"product_tag":[],"class_list":{"0":"post-3080","1":"product","2":"type-product","3":"status-publish","4":"has-post-thumbnail","6":"product_cat-clases-yoga","8":"first","9":"instock","10":"virtual","11":"taxable","12":"purchasable","13":"product-type-simple"},"yoast_head":"<!-- This site is optimized with the Yoast SEO plugin v27.3 - https:\/\/yoast.com\/product\/yoast-seo-wordpress\/ -->\n<title>Clase: Conceptos b\u00e1sicos del yoga con P\u00eda yoga<\/title>\n<meta name=\"description\" content=\"Clase pre-grabada de 2 horas dirigida a quienes quieren aprender o entender algunos conceptos b\u00e1sicos de la filosof\u00eda del yoga\" \/>\n<meta name=\"robots\" content=\"index, follow, max-snippet:-1, max-image-preview:large, max-video-preview:-1\" \/>\n<link rel=\"canonical\" href=\"https:\/\/piayogaonline.com\/es\/producto\/clase-conceptos-basicos-del-yoga\/\" \/>\n<meta property=\"og:locale\" content=\"es_ES\" \/>\n<meta property=\"og:type\" content=\"article\" \/>\n<meta property=\"og:title\" content=\"Clase: Conceptos b\u00e1sicos del yoga con P\u00eda yoga\" \/>\n<meta property=\"og:description\" content=\"Clase pre-grabada de 2 horas dirigida a quienes quieren aprender o entender algunos conceptos b\u00e1sicos de la filosof\u00eda del yoga\" \/>\n<meta property=\"og:url\" content=\"https:\/\/piayogaonline.com\/es\/producto\/clase-conceptos-basicos-del-yoga\/\" \/>\n<meta property=\"og:site_name\" content=\"Pia Yoga Online - Yoga para fortalecer mente y cuerpo\" \/>\n<meta property=\"article:publisher\" content=\"https:\/\/www.facebook.com\/PiaYoga108\/\" \/>\n<meta property=\"article:modified_time\" content=\"2021-01-08T01:11:18+00:00\" \/>\n<meta property=\"og:image\" content=\"https:\/\/piayogaonline.com\/wp-content\/uploads\/2020\/09\/clase-conceptos-basicos-del-yoga.png\" \/>\n\t<meta property=\"og:image:width\" content=\"300\" \/>\n\t<meta property=\"og:image:height\" content=\"300\" \/>\n\t<meta property=\"og:image:type\" content=\"image\/jpeg\" \/>\n<meta name=\"twitter:card\" content=\"summary_large_image\" \/>\n<script type=\"application\/ld+json\" class=\"yoast-schema-graph\">{\"@context\":\"https:\\\/\\\/schema.org\",\"@graph\":[{\"@type\":\"WebPage\",\"@id\":\"https:\\\/\\\/piayogaonline.com\\\/es\\\/producto\\\/clase-conceptos-basicos-del-yoga\\\/\",\"url\":\"https:\\\/\\\/piayogaonline.com\\\/es\\\/producto\\\/clase-conceptos-basicos-del-yoga\\\/\",\"name\":\"Clase: Conceptos b\u00e1sicos del yoga con P\u00eda yoga\",\"isPartOf\":{\"@id\":\"https:\\\/\\\/piayogaonline.com\\\/es\\\/#website\"},\"primaryImageOfPage\":{\"@id\":\"https:\\\/\\\/piayogaonline.com\\\/es\\\/producto\\\/clase-conceptos-basicos-del-yoga\\\/#primaryimage\"},\"image\":{\"@id\":\"https:\\\/\\\/piayogaonline.com\\\/es\\\/producto\\\/clase-conceptos-basicos-del-yoga\\\/#primaryimage\"},\"thumbnailUrl\":\"https:\\\/\\\/piayogaonline.com\\\/wp-content\\\/uploads\\\/2020\\\/09\\\/clase-conceptos-basicos-del-yoga.png\",\"datePublished\":\"2020-09-15T03:21:53+00:00\",\"dateModified\":\"2021-01-08T01:11:18+00:00\",\"description\":\"Clase pre-grabada de 2 horas dirigida a quienes quieren aprender o entender algunos conceptos b\u00e1sicos de la filosof\u00eda del yoga\",\"breadcrumb\":{\"@id\":\"https:\\\/\\\/piayogaonline.com\\\/es\\\/producto\\\/clase-conceptos-basicos-del-yoga\\\/#breadcrumb\"},\"inLanguage\":\"es-CO\",\"potentialAction\":[{\"@type\":\"ReadAction\",\"target\":[\"https:\\\/\\\/piayogaonline.com\\\/es\\\/producto\\\/clase-conceptos-basicos-del-yoga\\\/\"]}]},{\"@type\":\"ImageObject\",\"inLanguage\":\"es-CO\",\"@id\":\"https:\\\/\\\/piayogaonline.com\\\/es\\\/producto\\\/clase-conceptos-basicos-del-yoga\\\/#primaryimage\",\"url\":\"https:\\\/\\\/piayogaonline.com\\\/wp-content\\\/uploads\\\/2020\\\/09\\\/clase-conceptos-basicos-del-yoga.png\",\"contentUrl\":\"https:\\\/\\\/piayogaonline.com\\\/wp-content\\\/uploads\\\/2020\\\/09\\\/clase-conceptos-basicos-del-yoga.png\",\"width\":300,\"height\":300,\"caption\":\"clase-conceptos-basicos-del-yoga\"},{\"@type\":\"BreadcrumbList\",\"@id\":\"https:\\\/\\\/piayogaonline.com\\\/es\\\/producto\\\/clase-conceptos-basicos-del-yoga\\\/#breadcrumb\",\"itemListElement\":[{\"@type\":\"ListItem\",\"position\":1,\"name\":\"Home\",\"item\":\"https:\\\/\\\/piayogaonline.com\\\/es\\\/\"},{\"@type\":\"ListItem\",\"position\":2,\"name\":\"Shop\",\"item\":\"https:\\\/\\\/piayogaonline.com\\\/shop\\\/\"},{\"@type\":\"ListItem\",\"position\":3,\"name\":\"Clase: Conceptos b\u00e1sicos del yoga\"}]},{\"@type\":\"WebSite\",\"@id\":\"https:\\\/\\\/piayogaonline.com\\\/es\\\/#website\",\"url\":\"https:\\\/\\\/piayogaonline.com\\\/es\\\/\",\"name\":\"Pia Yoga Online - Yoga para fortalecer mente y cuerpo\",\"description\":\"Clases de yoga online, videos y consejos para tu pr\u00e1ctica de yoga, enfocados en fortalecer mente y cuerpo. Tambi\u00e9n informaci\u00f3n sobre talleres, retiros de yoga y eventos especiales.\",\"potentialAction\":[{\"@type\":\"SearchAction\",\"target\":{\"@type\":\"EntryPoint\",\"urlTemplate\":\"https:\\\/\\\/piayogaonline.com\\\/es\\\/?s={search_term_string}\"},\"query-input\":{\"@type\":\"PropertyValueSpecification\",\"valueRequired\":true,\"valueName\":\"search_term_string\"}}],\"inLanguage\":\"es-CO\"}]}<\/script>\n<!-- \/ Yoast SEO plugin. -->","yoast_head_json":{"title":"Clase: Conceptos b\u00e1sicos del yoga con P\u00eda yoga","description":"Clase pre-grabada de 2 horas dirigida a quienes quieren aprender o entender algunos conceptos b\u00e1sicos de la filosof\u00eda del yoga","robots":{"index":"index","follow":"follow","max-snippet":"max-snippet:-1","max-image-preview":"max-image-preview:large","max-video-preview":"max-video-preview:-1"},"canonical":"https:\/\/piayogaonline.com\/es\/producto\/clase-conceptos-basicos-del-yoga\/","og_locale":"es_ES","og_type":"article","og_title":"Clase: Conceptos b\u00e1sicos del yoga con P\u00eda yoga","og_description":"Clase pre-grabada de 2 horas dirigida a quienes quieren aprender o entender algunos conceptos b\u00e1sicos de la filosof\u00eda del yoga","og_url":"https:\/\/piayogaonline.com\/es\/producto\/clase-conceptos-basicos-del-yoga\/","og_site_name":"Pia Yoga Online - Yoga para fortalecer mente y cuerpo","article_publisher":"https:\/\/www.facebook.com\/PiaYoga108\/","article_modified_time":"2021-01-08T01:11:18+00:00","og_image":[{"width":300,"height":300,"url":"https:\/\/piayogaonline.com\/wp-content\/uploads\/2020\/09\/clase-conceptos-basicos-del-yoga.png","type":"image\/jpeg"}],"twitter_card":"summary_large_image","schema":{"@context":"https:\/\/schema.org","@graph":[{"@type":"WebPage","@id":"https:\/\/piayogaonline.com\/es\/producto\/clase-conceptos-basicos-del-yoga\/","url":"https:\/\/piayogaonline.com\/es\/producto\/clase-conceptos-basicos-del-yoga\/","name":"Clase: Conceptos b\u00e1sicos del yoga con P\u00eda yoga","isPartOf":{"@id":"https:\/\/piayogaonline.com\/es\/#website"},"primaryImageOfPage":{"@id":"https:\/\/piayogaonline.com\/es\/producto\/clase-conceptos-basicos-del-yoga\/#primaryimage"},"image":{"@id":"https:\/\/piayogaonline.com\/es\/producto\/clase-conceptos-basicos-del-yoga\/#primaryimage"},"thumbnailUrl":"https:\/\/piayogaonline.com\/wp-content\/uploads\/2020\/09\/clase-conceptos-basicos-del-yoga.png","datePublished":"2020-09-15T03:21:53+00:00","dateModified":"2021-01-08T01:11:18+00:00","description":"Clase pre-grabada de 2 horas dirigida a quienes quieren aprender o entender algunos conceptos b\u00e1sicos de la filosof\u00eda del yoga","breadcrumb":{"@id":"https:\/\/piayogaonline.com\/es\/producto\/clase-conceptos-basicos-del-yoga\/#breadcrumb"},"inLanguage":"es-CO","potentialAction":[{"@type":"ReadAction","target":["https:\/\/piayogaonline.com\/es\/producto\/clase-conceptos-basicos-del-yoga\/"]}]},{"@type":"ImageObject","inLanguage":"es-CO","@id":"https:\/\/piayogaonline.com\/es\/producto\/clase-conceptos-basicos-del-yoga\/#primaryimage","url":"https:\/\/piayogaonline.com\/wp-content\/uploads\/2020\/09\/clase-conceptos-basicos-del-yoga.png","contentUrl":"https:\/\/piayogaonline.com\/wp-content\/uploads\/2020\/09\/clase-conceptos-basicos-del-yoga.png","width":300,"height":300,"caption":"clase-conceptos-basicos-del-yoga"},{"@type":"BreadcrumbList","@id":"https:\/\/piayogaonline.com\/es\/producto\/clase-conceptos-basicos-del-yoga\/#breadcrumb","itemListElement":[{"@type":"ListItem","position":1,"name":"Home","item":"https:\/\/piayogaonline.com\/es\/"},{"@type":"ListItem","position":2,"name":"Shop","item":"https:\/\/piayogaonline.com\/shop\/"},{"@type":"ListItem","position":3,"name":"Clase: Conceptos b\u00e1sicos del yoga"}]},{"@type":"WebSite","@id":"https:\/\/piayogaonline.com\/es\/#website","url":"https:\/\/piayogaonline.com\/es\/","name":"Pia Yoga Online - Yoga para fortalecer mente y cuerpo","description":"Clases de yoga online, videos y consejos para tu pr\u00e1ctica de yoga, enfocados en fortalecer mente y cuerpo. Tambi\u00e9n informaci\u00f3n sobre talleres, retiros de yoga y eventos especiales.","potentialAction":[{"@type":"SearchAction","target":{"@type":"EntryPoint","urlTemplate":"https:\/\/piayogaonline.com\/es\/?s={search_term_string}"},"query-input":{"@type":"PropertyValueSpecification","valueRequired":true,"valueName":"search_term_string"}}],"inLanguage":"es-CO"}]}},"_links":{"self":[{"href":"https:\/\/piayogaonline.com\/es\/wp-json\/wp\/v2\/product\/3080","targetHints":{"allow":["GET"]}}],"collection":[{"href":"https:\/\/piayogaonline.com\/es\/wp-json\/wp\/v2\/product"}],"about":[{"href":"https:\/\/piayogaonline.com\/es\/wp-json\/wp\/v2\/types\/product"}],"replies":[{"embeddable":true,"href":"https:\/\/piayogaonline.com\/es\/wp-json\/wp\/v2\/comments?post=3080"}],"wp:featuredmedia":[{"embeddable":true,"href":"https:\/\/piayogaonline.com\/es\/wp-json\/wp\/v2\/media\/3077"}],"wp:attachment":[{"href":"https:\/\/piayogaonline.com\/es\/wp-json\/wp\/v2\/media?parent=3080"}],"wp:term":[{"taxonomy":"product_brand","embeddable":true,"href":"https:\/\/piayogaonline.com\/es\/wp-json\/wp\/v2\/product_brand?post=3080"},{"taxonomy":"product_cat","embeddable":true,"href":"https:\/\/piayogaonline.com\/es\/wp-json\/wp\/v2\/product_cat?post=3080"},{"taxonomy":"product_tag","embeddable":true,"href":"https:\/\/piayogaonline.com\/es\/wp-json\/wp\/v2\/product_tag?post=3080"}],"curies":[{"name":"wp","href":"https:\/\/api.w.org\/{rel}","templated":true}]}}