{"id":3079,"date":"2020-09-15T03:21:59","date_gmt":"2020-09-15T03:21:59","guid":{"rendered":"https:\/\/piayogaonline.com\/?post_type=product&#038;p=3079"},"modified":"2021-02-15T23:25:53","modified_gmt":"2021-02-15T23:25:53","slug":"taller-como-crecer-mi-instagram","status":"publish","type":"product","link":"https:\/\/piayogaonline.com\/es\/producto\/taller-como-crecer-mi-instagram\/","title":{"rendered":"Taller: \u00bfC\u00f3mo crecer tu cuenta de Instagram?"},"content":{"rendered":"<p>Taller pre-grabado de 1 hora y media donde te comparto todos los tips y pr\u00e1cticas que debes tener en cuenta para que tu Instagram no s\u00f3lo luzca bien visualmente, sino que te ayude a generar un crecimiento ORG\u00c1NICO. Todos estas pr\u00e1cticas que te compartir\u00e9 te ayudar\u00e1s a generar una audiencia creciente, conectada contigo y que se converir\u00e1 en potenciales clientes.<\/p>\n<p>Enfocado para peque\u00f1os negocios o cuentas de marca personal: Instructores fitness o de yoga, restaurantes o negocios de comida, estudios o gimnasios y en general, profesionales queriendo crear impacto digital.<\/p>\n<h5>SOBRE MI EXPERIENCIA EN MERCADEO Y REDES:<\/h5>\n<p>A pesar que dej\u00e9 el mundo corporativo en el que trabaj\u00e9 por meas de 6 a\u00f1os, mi pasi\u00f3n por el mercadeo siempre se a mantenido y he continuado aprendiendo y aplicando el conocimiento continuamente: administrando un estudio de yoga, trabajando medio tiempo para otras compa\u00f1\u00edas, en mis propios proyectos de emprendimiento y como consultora.<\/p>\n<p>En el pasado he administrado tambi\u00e9n cuentas de Instagram como Clim Concept Store, Bahana, Skanda Yoga, <a href=\"https:\/\/www.instagram.com\/TwoVisitAround\/\">Two Visit Around<\/a>, y mi cuenta actual de yoga <a href=\"https:\/\/www.instagram.com\/pia_yoga\/\">Pia_Yoga.<\/a><\/p>\n<p>Con mi experiencia en Mercadeo y mi pasi\u00f3n por ayudar a otros en sus emprendimientos, he decidido crear Pia Social, para as\u00ed poder asesorar en temas relacionados con mercadeo, desde crear planes de negocio o an\u00e1lisis de mercados, hasta asesor\u00edas en temas de Redes Sociales.<\/p>\n<p>Conoce m\u00e1s sobre mi experiencia <a href=\"https:\/\/piayogaonline.com\/pia-social\/\">AQU\u00cd<\/a><\/p>\n<p>&nbsp;<\/p>\n<h5><strong>TESTIMONIOS<\/strong><\/h5>\n<p><em>\u201cTuve la oportunidad de asistir a dos de los talleres que Pia ofrece para hacer crecer la cuenta en Instagram org\u00e1nicamente y me parecieron muy buenos, concisos y con informaci\u00f3n y tips claves para comenzar a navegar con m\u00e1s\u00a0confianza y seguridad en el manejo de marca en Instagram.\u00a0 Despu\u00e9s del primer taller que tom\u00e9, se abri\u00f3 la posibilidad de ir m\u00e1s\u00a0en detalle a trav\u00e9s de una asesor\u00eda personalizada, en la que pude comprender a\u00fan m\u00e1s, como aplicar lo aprendido en mi marca propia.\u00a0 P\u00eda te ofrece claridad en cada concepto y analiza c\u00f3mo\u00a0puedes mejorar tu cuenta, para as\u00ed enfocarte en el nicho que quieres para tu marca, y por ende comenzar a crear tu contenido.La recomiendo sin lugar a\u00a0dudas, Gracias!!\u201d <strong>Dahyana Villota <a href=\"http:\/\/instagram.com\/dayivillota\" target=\"_blank\" rel=\"noreferrer noopener\" aria-label=\"undefined (opens in a new tab)\">@Dayivillota<\/a><\/strong><\/em><\/p>\n<p><em>&#8220;Gracias, gracias, gracias!! Por tu conocimiento y sabidur\u00eda para hacer crecer mi pagina de Instragram. Por tu paciencia infinita con todos los problemas t\u00e9cnicos (\u00f3sea yo!).\u00a0 Por lograr que esta experiencia fuera tan agradable y productiva.\u00a0 Y por siempre estar disponible para mis infinitas preguntas.\u00a0 Eres el apoyo que todos necesitamos para emprender en este mundo de Instagram!! Gracias!!!&#8221; <strong>Patricia Carral @ThatsTheNeedlepoint<\/strong><\/em><\/p>\n","protected":false},"excerpt":{"rendered":"<p>Taller pre-grabado de 1 hora y media donde te comparto todos los tips y pr\u00e1cticas que debes tener en cuenta para que tu Instagram no s\u00f3lo luzca bien visualmente, sino que te ayude a generar un crecimiento ORG\u00c1NICO. Todos estas pr\u00e1cticas que te compartir\u00e9 te ayudar\u00e1s a generar una audiencia creciente, conectada contigo y que se converir\u00e1 en potenciales clientes.<\/p>\n","protected":false},"featured_media":2611,"comment_status":"open","ping_status":"closed","template":"","meta":[],"product_brand":[],"product_cat":[90],"product_tag":[91],"class_list":{"0":"post-3079","1":"product","2":"type-product","3":"status-publish","4":"has-post-thumbnail","6":"product_cat-pia-social-2","7":"product_tag-piasocial-es","9":"first","10":"instock","11":"virtual","12":"taxable","13":"purchasable","14":"product-type-simple"},"yoast_head":"<!-- This site is optimized with the Yoast SEO plugin v27.3 - https:\/\/yoast.com\/product\/yoast-seo-wordpress\/ -->\n<title>Taller: \u00bfC\u00f3mo crecer tu cuenta de Instagram?<\/title>\n<meta name=\"description\" content=\"Taller pre-grabado de 1 hora y media donde te comparto todos los tips y pr\u00e1cticas que debes tener en cuenta para que tu Instagram no s\u00f3lo luzca bien visualmente, sino que te ayude a generar un crecimiento ORG\u00c1NICO.\" \/>\n<meta name=\"robots\" content=\"index, follow, max-snippet:-1, max-image-preview:large, max-video-preview:-1\" \/>\n<link rel=\"canonical\" href=\"https:\/\/piayogaonline.com\/es\/producto\/taller-como-crecer-mi-instagram\/\" \/>\n<meta property=\"og:locale\" content=\"es_ES\" \/>\n<meta property=\"og:type\" content=\"article\" \/>\n<meta property=\"og:title\" content=\"Taller: \u00bfC\u00f3mo crecer tu cuenta de Instagram?\" \/>\n<meta property=\"og:description\" content=\"Taller pre-grabado de 1 hora y media donde te comparto todos los tips y pr\u00e1cticas que debes tener en cuenta para que tu Instagram no s\u00f3lo luzca bien visualmente, sino que te ayude a generar un crecimiento ORG\u00c1NICO.\" \/>\n<meta property=\"og:url\" content=\"https:\/\/piayogaonline.com\/es\/producto\/taller-como-crecer-mi-instagram\/\" \/>\n<meta property=\"og:site_name\" content=\"Pia Yoga Online - Yoga para fortalecer mente y cuerpo\" \/>\n<meta property=\"article:publisher\" content=\"https:\/\/www.facebook.com\/PiaYoga108\/\" \/>\n<meta property=\"article:modified_time\" content=\"2021-02-15T23:25:53+00:00\" \/>\n<meta property=\"og:image\" content=\"https:\/\/piayogaonline.com\/wp-content\/uploads\/2020\/08\/crece-tu-instagram-organicamente-1.jpg\" \/>\n\t<meta property=\"og:image:width\" content=\"828\" \/>\n\t<meta property=\"og:image:height\" content=\"841\" \/>\n\t<meta property=\"og:image:type\" content=\"image\/jpeg\" \/>\n<meta name=\"twitter:card\" content=\"summary_large_image\" \/>\n<meta name=\"twitter:label1\" content=\"Tiempo de lectura\" \/>\n\t<meta name=\"twitter:data1\" content=\"2 minutos\" \/>\n<script type=\"application\/ld+json\" class=\"yoast-schema-graph\">{\"@context\":\"https:\\\/\\\/schema.org\",\"@graph\":[{\"@type\":\"WebPage\",\"@id\":\"https:\\\/\\\/piayogaonline.com\\\/es\\\/producto\\\/taller-como-crecer-mi-instagram\\\/\",\"url\":\"https:\\\/\\\/piayogaonline.com\\\/es\\\/producto\\\/taller-como-crecer-mi-instagram\\\/\",\"name\":\"Taller: \u00bfC\u00f3mo crecer tu cuenta de Instagram?\",\"isPartOf\":{\"@id\":\"https:\\\/\\\/piayogaonline.com\\\/es\\\/#website\"},\"primaryImageOfPage\":{\"@id\":\"https:\\\/\\\/piayogaonline.com\\\/es\\\/producto\\\/taller-como-crecer-mi-instagram\\\/#primaryimage\"},\"image\":{\"@id\":\"https:\\\/\\\/piayogaonline.com\\\/es\\\/producto\\\/taller-como-crecer-mi-instagram\\\/#primaryimage\"},\"thumbnailUrl\":\"https:\\\/\\\/piayogaonline.com\\\/wp-content\\\/uploads\\\/2020\\\/08\\\/crece-tu-instagram-organicamente-1.jpg\",\"datePublished\":\"2020-09-15T03:21:59+00:00\",\"dateModified\":\"2021-02-15T23:25:53+00:00\",\"description\":\"Taller pre-grabado de 1 hora y media donde te comparto todos los tips y pr\u00e1cticas que debes tener en cuenta para que tu Instagram no s\u00f3lo luzca bien visualmente, sino que te ayude a generar un crecimiento ORG\u00c1NICO.\",\"breadcrumb\":{\"@id\":\"https:\\\/\\\/piayogaonline.com\\\/es\\\/producto\\\/taller-como-crecer-mi-instagram\\\/#breadcrumb\"},\"inLanguage\":\"es-CO\",\"potentialAction\":[{\"@type\":\"ReadAction\",\"target\":[\"https:\\\/\\\/piayogaonline.com\\\/es\\\/producto\\\/taller-como-crecer-mi-instagram\\\/\"]}]},{\"@type\":\"ImageObject\",\"inLanguage\":\"es-CO\",\"@id\":\"https:\\\/\\\/piayogaonline.com\\\/es\\\/producto\\\/taller-como-crecer-mi-instagram\\\/#primaryimage\",\"url\":\"https:\\\/\\\/piayogaonline.com\\\/wp-content\\\/uploads\\\/2020\\\/08\\\/crece-tu-instagram-organicamente-1.jpg\",\"contentUrl\":\"https:\\\/\\\/piayogaonline.com\\\/wp-content\\\/uploads\\\/2020\\\/08\\\/crece-tu-instagram-organicamente-1.jpg\",\"width\":828,\"height\":841,\"caption\":\"crece-tu-instagram-organicamente-1\"},{\"@type\":\"BreadcrumbList\",\"@id\":\"https:\\\/\\\/piayogaonline.com\\\/es\\\/producto\\\/taller-como-crecer-mi-instagram\\\/#breadcrumb\",\"itemListElement\":[{\"@type\":\"ListItem\",\"position\":1,\"name\":\"Home\",\"item\":\"https:\\\/\\\/piayogaonline.com\\\/es\\\/\"},{\"@type\":\"ListItem\",\"position\":2,\"name\":\"Shop\",\"item\":\"https:\\\/\\\/piayogaonline.com\\\/shop\\\/\"},{\"@type\":\"ListItem\",\"position\":3,\"name\":\"Taller: \u00bfC\u00f3mo crecer tu cuenta de Instagram?\"}]},{\"@type\":\"WebSite\",\"@id\":\"https:\\\/\\\/piayogaonline.com\\\/es\\\/#website\",\"url\":\"https:\\\/\\\/piayogaonline.com\\\/es\\\/\",\"name\":\"Pia Yoga Online - Yoga para fortalecer mente y cuerpo\",\"description\":\"Clases de yoga online, videos y consejos para tu pr\u00e1ctica de yoga, enfocados en fortalecer mente y cuerpo. Tambi\u00e9n informaci\u00f3n sobre talleres, retiros de yoga y eventos especiales.\",\"potentialAction\":[{\"@type\":\"SearchAction\",\"target\":{\"@type\":\"EntryPoint\",\"urlTemplate\":\"https:\\\/\\\/piayogaonline.com\\\/es\\\/?s={search_term_string}\"},\"query-input\":{\"@type\":\"PropertyValueSpecification\",\"valueRequired\":true,\"valueName\":\"search_term_string\"}}],\"inLanguage\":\"es-CO\"}]}<\/script>\n<!-- \/ Yoast SEO plugin. -->","yoast_head_json":{"title":"Taller: \u00bfC\u00f3mo crecer tu cuenta de Instagram?","description":"Taller pre-grabado de 1 hora y media donde te comparto todos los tips y pr\u00e1cticas que debes tener en cuenta para que tu Instagram no s\u00f3lo luzca bien visualmente, sino que te ayude a generar un crecimiento ORG\u00c1NICO.","robots":{"index":"index","follow":"follow","max-snippet":"max-snippet:-1","max-image-preview":"max-image-preview:large","max-video-preview":"max-video-preview:-1"},"canonical":"https:\/\/piayogaonline.com\/es\/producto\/taller-como-crecer-mi-instagram\/","og_locale":"es_ES","og_type":"article","og_title":"Taller: \u00bfC\u00f3mo crecer tu cuenta de Instagram?","og_description":"Taller pre-grabado de 1 hora y media donde te comparto todos los tips y pr\u00e1cticas que debes tener en cuenta para que tu Instagram no s\u00f3lo luzca bien visualmente, sino que te ayude a generar un crecimiento ORG\u00c1NICO.","og_url":"https:\/\/piayogaonline.com\/es\/producto\/taller-como-crecer-mi-instagram\/","og_site_name":"Pia Yoga Online - Yoga para fortalecer mente y cuerpo","article_publisher":"https:\/\/www.facebook.com\/PiaYoga108\/","article_modified_time":"2021-02-15T23:25:53+00:00","og_image":[{"width":828,"height":841,"url":"https:\/\/piayogaonline.com\/wp-content\/uploads\/2020\/08\/crece-tu-instagram-organicamente-1.jpg","type":"image\/jpeg"}],"twitter_card":"summary_large_image","twitter_misc":{"Tiempo de lectura":"2 minutos"},"schema":{"@context":"https:\/\/schema.org","@graph":[{"@type":"WebPage","@id":"https:\/\/piayogaonline.com\/es\/producto\/taller-como-crecer-mi-instagram\/","url":"https:\/\/piayogaonline.com\/es\/producto\/taller-como-crecer-mi-instagram\/","name":"Taller: \u00bfC\u00f3mo crecer tu cuenta de Instagram?","isPartOf":{"@id":"https:\/\/piayogaonline.com\/es\/#website"},"primaryImageOfPage":{"@id":"https:\/\/piayogaonline.com\/es\/producto\/taller-como-crecer-mi-instagram\/#primaryimage"},"image":{"@id":"https:\/\/piayogaonline.com\/es\/producto\/taller-como-crecer-mi-instagram\/#primaryimage"},"thumbnailUrl":"https:\/\/piayogaonline.com\/wp-content\/uploads\/2020\/08\/crece-tu-instagram-organicamente-1.jpg","datePublished":"2020-09-15T03:21:59+00:00","dateModified":"2021-02-15T23:25:53+00:00","description":"Taller pre-grabado de 1 hora y media donde te comparto todos los tips y pr\u00e1cticas que debes tener en cuenta para que tu Instagram no s\u00f3lo luzca bien visualmente, sino que te ayude a generar un crecimiento ORG\u00c1NICO.","breadcrumb":{"@id":"https:\/\/piayogaonline.com\/es\/producto\/taller-como-crecer-mi-instagram\/#breadcrumb"},"inLanguage":"es-CO","potentialAction":[{"@type":"ReadAction","target":["https:\/\/piayogaonline.com\/es\/producto\/taller-como-crecer-mi-instagram\/"]}]},{"@type":"ImageObject","inLanguage":"es-CO","@id":"https:\/\/piayogaonline.com\/es\/producto\/taller-como-crecer-mi-instagram\/#primaryimage","url":"https:\/\/piayogaonline.com\/wp-content\/uploads\/2020\/08\/crece-tu-instagram-organicamente-1.jpg","contentUrl":"https:\/\/piayogaonline.com\/wp-content\/uploads\/2020\/08\/crece-tu-instagram-organicamente-1.jpg","width":828,"height":841,"caption":"crece-tu-instagram-organicamente-1"},{"@type":"BreadcrumbList","@id":"https:\/\/piayogaonline.com\/es\/producto\/taller-como-crecer-mi-instagram\/#breadcrumb","itemListElement":[{"@type":"ListItem","position":1,"name":"Home","item":"https:\/\/piayogaonline.com\/es\/"},{"@type":"ListItem","position":2,"name":"Shop","item":"https:\/\/piayogaonline.com\/shop\/"},{"@type":"ListItem","position":3,"name":"Taller: \u00bfC\u00f3mo crecer tu cuenta de Instagram?"}]},{"@type":"WebSite","@id":"https:\/\/piayogaonline.com\/es\/#website","url":"https:\/\/piayogaonline.com\/es\/","name":"Pia Yoga Online - Yoga para fortalecer mente y cuerpo","description":"Clases de yoga online, videos y consejos para tu pr\u00e1ctica de yoga, enfocados en fortalecer mente y cuerpo. Tambi\u00e9n informaci\u00f3n sobre talleres, retiros de yoga y eventos especiales.","potentialAction":[{"@type":"SearchAction","target":{"@type":"EntryPoint","urlTemplate":"https:\/\/piayogaonline.com\/es\/?s={search_term_string}"},"query-input":{"@type":"PropertyValueSpecification","valueRequired":true,"valueName":"search_term_string"}}],"inLanguage":"es-CO"}]}},"_links":{"self":[{"href":"https:\/\/piayogaonline.com\/es\/wp-json\/wp\/v2\/product\/3079","targetHints":{"allow":["GET"]}}],"collection":[{"href":"https:\/\/piayogaonline.com\/es\/wp-json\/wp\/v2\/product"}],"about":[{"href":"https:\/\/piayogaonline.com\/es\/wp-json\/wp\/v2\/types\/product"}],"replies":[{"embeddable":true,"href":"https:\/\/piayogaonline.com\/es\/wp-json\/wp\/v2\/comments?post=3079"}],"wp:featuredmedia":[{"embeddable":true,"href":"https:\/\/piayogaonline.com\/es\/wp-json\/wp\/v2\/media\/2611"}],"wp:attachment":[{"href":"https:\/\/piayogaonline.com\/es\/wp-json\/wp\/v2\/media?parent=3079"}],"wp:term":[{"taxonomy":"product_brand","embeddable":true,"href":"https:\/\/piayogaonline.com\/es\/wp-json\/wp\/v2\/product_brand?post=3079"},{"taxonomy":"product_cat","embeddable":true,"href":"https:\/\/piayogaonline.com\/es\/wp-json\/wp\/v2\/product_cat?post=3079"},{"taxonomy":"product_tag","embeddable":true,"href":"https:\/\/piayogaonline.com\/es\/wp-json\/wp\/v2\/product_tag?post=3079"}],"curies":[{"name":"wp","href":"https:\/\/api.w.org\/{rel}","templated":true}]}}