{"id":1434,"date":"2020-04-18T18:50:13","date_gmt":"2020-04-18T18:50:13","guid":{"rendered":"https:\/\/piayogaonline.com\/product\/online-yoga-class\/"},"modified":"2020-11-03T03:46:17","modified_gmt":"2020-11-03T03:46:17","slug":"online-yoga-class","status":"publish","type":"product","link":"https:\/\/piayogaonline.com\/es\/producto\/online-yoga-class\/","title":{"rendered":"1hr online yoga class (pre-recorded)"},"content":{"rendered":"<p>A recorded 1hr LIVE Skanda Yoga classes led by @pia_yoga<\/p>\n<p>After purchasing a link to access the recorded class would be sent to you. The link will expire in two months.<\/p>\n","protected":false},"excerpt":{"rendered":"<p>Buy a recorded 1hr power yoga class. Valid for 1 months. More info below.<\/p>\n<p>&nbsp;<\/p>\n","protected":false},"featured_media":1336,"comment_status":"open","ping_status":"closed","template":"","meta":[],"product_brand":[],"product_cat":[47],"product_tag":[50],"class_list":{"0":"post-1434","1":"product","2":"type-product","3":"status-publish","4":"has-post-thumbnail","6":"product_cat-clases-yoga","7":"product_tag-clases-de-yoga-online","9":"first","10":"instock","11":"virtual","12":"purchasable","13":"product-type-simple"},"yoast_head":"<!-- This site is optimized with the Yoast SEO plugin v27.3 - https:\/\/yoast.com\/product\/yoast-seo-wordpress\/ -->\n<title>1hr online yoga class (pre-recorded) with Pia yoga<\/title>\n<meta name=\"description\" content=\"A recorded 1hr LIVE Skanda Yoga classes led by @pia_yoga\" \/>\n<meta name=\"robots\" content=\"index, follow, max-snippet:-1, max-image-preview:large, max-video-preview:-1\" \/>\n<link rel=\"canonical\" href=\"https:\/\/piayogaonline.com\/es\/producto\/online-yoga-class\/\" \/>\n<meta property=\"og:locale\" content=\"es_ES\" \/>\n<meta property=\"og:type\" content=\"article\" \/>\n<meta property=\"og:title\" content=\"1hr online yoga class (pre-recorded) with Pia yoga\" \/>\n<meta property=\"og:description\" content=\"A recorded 1hr LIVE Skanda Yoga classes led by @pia_yoga\" \/>\n<meta property=\"og:url\" content=\"https:\/\/piayogaonline.com\/es\/producto\/online-yoga-class\/\" \/>\n<meta property=\"og:site_name\" content=\"Pia Yoga Online - Yoga para fortalecer mente y cuerpo\" \/>\n<meta property=\"article:publisher\" content=\"https:\/\/www.facebook.com\/PiaYoga108\/\" \/>\n<meta property=\"article:modified_time\" content=\"2020-11-03T03:46:17+00:00\" \/>\n<meta property=\"og:image\" content=\"https:\/\/piayogaonline.com\/wp-content\/uploads\/2020\/04\/recorded-yoga-classes-by-pia-yoga-e1587235787820.jpg\" \/>\n\t<meta property=\"og:image:width\" content=\"1500\" \/>\n\t<meta property=\"og:image:height\" content=\"1504\" \/>\n\t<meta property=\"og:image:type\" content=\"image\/jpeg\" \/>\n<meta name=\"twitter:card\" content=\"summary_large_image\" \/>\n<script type=\"application\/ld+json\" class=\"yoast-schema-graph\">{\"@context\":\"https:\\\/\\\/schema.org\",\"@graph\":[{\"@type\":\"WebPage\",\"@id\":\"https:\\\/\\\/piayogaonline.com\\\/es\\\/producto\\\/online-yoga-class\\\/\",\"url\":\"https:\\\/\\\/piayogaonline.com\\\/es\\\/producto\\\/online-yoga-class\\\/\",\"name\":\"1hr online yoga class (pre-recorded) with Pia yoga\",\"isPartOf\":{\"@id\":\"https:\\\/\\\/piayogaonline.com\\\/es\\\/#website\"},\"primaryImageOfPage\":{\"@id\":\"https:\\\/\\\/piayogaonline.com\\\/es\\\/producto\\\/online-yoga-class\\\/#primaryimage\"},\"image\":{\"@id\":\"https:\\\/\\\/piayogaonline.com\\\/es\\\/producto\\\/online-yoga-class\\\/#primaryimage\"},\"thumbnailUrl\":\"https:\\\/\\\/piayogaonline.com\\\/wp-content\\\/uploads\\\/2020\\\/04\\\/recorded-yoga-classes-by-pia-yoga-e1587235787820.jpg\",\"datePublished\":\"2020-04-18T18:50:13+00:00\",\"dateModified\":\"2020-11-03T03:46:17+00:00\",\"description\":\"A recorded 1hr LIVE Skanda Yoga classes led by @pia_yoga\",\"breadcrumb\":{\"@id\":\"https:\\\/\\\/piayogaonline.com\\\/es\\\/producto\\\/online-yoga-class\\\/#breadcrumb\"},\"inLanguage\":\"es-CO\",\"potentialAction\":[{\"@type\":\"ReadAction\",\"target\":[\"https:\\\/\\\/piayogaonline.com\\\/es\\\/producto\\\/online-yoga-class\\\/\"]}]},{\"@type\":\"ImageObject\",\"inLanguage\":\"es-CO\",\"@id\":\"https:\\\/\\\/piayogaonline.com\\\/es\\\/producto\\\/online-yoga-class\\\/#primaryimage\",\"url\":\"https:\\\/\\\/piayogaonline.com\\\/wp-content\\\/uploads\\\/2020\\\/04\\\/recorded-yoga-classes-by-pia-yoga-e1587235787820.jpg\",\"contentUrl\":\"https:\\\/\\\/piayogaonline.com\\\/wp-content\\\/uploads\\\/2020\\\/04\\\/recorded-yoga-classes-by-pia-yoga-e1587235787820.jpg\",\"width\":1500,\"height\":1504,\"caption\":\"recorded yoga classes by pia\"},{\"@type\":\"BreadcrumbList\",\"@id\":\"https:\\\/\\\/piayogaonline.com\\\/es\\\/producto\\\/online-yoga-class\\\/#breadcrumb\",\"itemListElement\":[{\"@type\":\"ListItem\",\"position\":1,\"name\":\"Home\",\"item\":\"https:\\\/\\\/piayogaonline.com\\\/es\\\/\"},{\"@type\":\"ListItem\",\"position\":2,\"name\":\"Shop\",\"item\":\"https:\\\/\\\/piayogaonline.com\\\/shop\\\/\"},{\"@type\":\"ListItem\",\"position\":3,\"name\":\"1hr online yoga class (pre-recorded)\"}]},{\"@type\":\"WebSite\",\"@id\":\"https:\\\/\\\/piayogaonline.com\\\/es\\\/#website\",\"url\":\"https:\\\/\\\/piayogaonline.com\\\/es\\\/\",\"name\":\"Pia Yoga Online - Yoga para fortalecer mente y cuerpo\",\"description\":\"Clases de yoga online, videos y consejos para tu pr\u00e1ctica de yoga, enfocados en fortalecer mente y cuerpo. Tambi\u00e9n informaci\u00f3n sobre talleres, retiros de yoga y eventos especiales.\",\"potentialAction\":[{\"@type\":\"SearchAction\",\"target\":{\"@type\":\"EntryPoint\",\"urlTemplate\":\"https:\\\/\\\/piayogaonline.com\\\/es\\\/?s={search_term_string}\"},\"query-input\":{\"@type\":\"PropertyValueSpecification\",\"valueRequired\":true,\"valueName\":\"search_term_string\"}}],\"inLanguage\":\"es-CO\"}]}<\/script>\n<!-- \/ Yoast SEO plugin. -->","yoast_head_json":{"title":"1hr online yoga class (pre-recorded) with Pia yoga","description":"A recorded 1hr LIVE Skanda Yoga classes led by @pia_yoga","robots":{"index":"index","follow":"follow","max-snippet":"max-snippet:-1","max-image-preview":"max-image-preview:large","max-video-preview":"max-video-preview:-1"},"canonical":"https:\/\/piayogaonline.com\/es\/producto\/online-yoga-class\/","og_locale":"es_ES","og_type":"article","og_title":"1hr online yoga class (pre-recorded) with Pia yoga","og_description":"A recorded 1hr LIVE Skanda Yoga classes led by @pia_yoga","og_url":"https:\/\/piayogaonline.com\/es\/producto\/online-yoga-class\/","og_site_name":"Pia Yoga Online - Yoga para fortalecer mente y cuerpo","article_publisher":"https:\/\/www.facebook.com\/PiaYoga108\/","article_modified_time":"2020-11-03T03:46:17+00:00","og_image":[{"width":1500,"height":1504,"url":"https:\/\/piayogaonline.com\/wp-content\/uploads\/2020\/04\/recorded-yoga-classes-by-pia-yoga-e1587235787820.jpg","type":"image\/jpeg"}],"twitter_card":"summary_large_image","schema":{"@context":"https:\/\/schema.org","@graph":[{"@type":"WebPage","@id":"https:\/\/piayogaonline.com\/es\/producto\/online-yoga-class\/","url":"https:\/\/piayogaonline.com\/es\/producto\/online-yoga-class\/","name":"1hr online yoga class (pre-recorded) with Pia yoga","isPartOf":{"@id":"https:\/\/piayogaonline.com\/es\/#website"},"primaryImageOfPage":{"@id":"https:\/\/piayogaonline.com\/es\/producto\/online-yoga-class\/#primaryimage"},"image":{"@id":"https:\/\/piayogaonline.com\/es\/producto\/online-yoga-class\/#primaryimage"},"thumbnailUrl":"https:\/\/piayogaonline.com\/wp-content\/uploads\/2020\/04\/recorded-yoga-classes-by-pia-yoga-e1587235787820.jpg","datePublished":"2020-04-18T18:50:13+00:00","dateModified":"2020-11-03T03:46:17+00:00","description":"A recorded 1hr LIVE Skanda Yoga classes led by @pia_yoga","breadcrumb":{"@id":"https:\/\/piayogaonline.com\/es\/producto\/online-yoga-class\/#breadcrumb"},"inLanguage":"es-CO","potentialAction":[{"@type":"ReadAction","target":["https:\/\/piayogaonline.com\/es\/producto\/online-yoga-class\/"]}]},{"@type":"ImageObject","inLanguage":"es-CO","@id":"https:\/\/piayogaonline.com\/es\/producto\/online-yoga-class\/#primaryimage","url":"https:\/\/piayogaonline.com\/wp-content\/uploads\/2020\/04\/recorded-yoga-classes-by-pia-yoga-e1587235787820.jpg","contentUrl":"https:\/\/piayogaonline.com\/wp-content\/uploads\/2020\/04\/recorded-yoga-classes-by-pia-yoga-e1587235787820.jpg","width":1500,"height":1504,"caption":"recorded yoga classes by pia"},{"@type":"BreadcrumbList","@id":"https:\/\/piayogaonline.com\/es\/producto\/online-yoga-class\/#breadcrumb","itemListElement":[{"@type":"ListItem","position":1,"name":"Home","item":"https:\/\/piayogaonline.com\/es\/"},{"@type":"ListItem","position":2,"name":"Shop","item":"https:\/\/piayogaonline.com\/shop\/"},{"@type":"ListItem","position":3,"name":"1hr online yoga class (pre-recorded)"}]},{"@type":"WebSite","@id":"https:\/\/piayogaonline.com\/es\/#website","url":"https:\/\/piayogaonline.com\/es\/","name":"Pia Yoga Online - Yoga para fortalecer mente y cuerpo","description":"Clases de yoga online, videos y consejos para tu pr\u00e1ctica de yoga, enfocados en fortalecer mente y cuerpo. Tambi\u00e9n informaci\u00f3n sobre talleres, retiros de yoga y eventos especiales.","potentialAction":[{"@type":"SearchAction","target":{"@type":"EntryPoint","urlTemplate":"https:\/\/piayogaonline.com\/es\/?s={search_term_string}"},"query-input":{"@type":"PropertyValueSpecification","valueRequired":true,"valueName":"search_term_string"}}],"inLanguage":"es-CO"}]}},"_links":{"self":[{"href":"https:\/\/piayogaonline.com\/es\/wp-json\/wp\/v2\/product\/1434","targetHints":{"allow":["GET"]}}],"collection":[{"href":"https:\/\/piayogaonline.com\/es\/wp-json\/wp\/v2\/product"}],"about":[{"href":"https:\/\/piayogaonline.com\/es\/wp-json\/wp\/v2\/types\/product"}],"replies":[{"embeddable":true,"href":"https:\/\/piayogaonline.com\/es\/wp-json\/wp\/v2\/comments?post=1434"}],"wp:featuredmedia":[{"embeddable":true,"href":"https:\/\/piayogaonline.com\/es\/wp-json\/wp\/v2\/media\/1336"}],"wp:attachment":[{"href":"https:\/\/piayogaonline.com\/es\/wp-json\/wp\/v2\/media?parent=1434"}],"wp:term":[{"taxonomy":"product_brand","embeddable":true,"href":"https:\/\/piayogaonline.com\/es\/wp-json\/wp\/v2\/product_brand?post=1434"},{"taxonomy":"product_cat","embeddable":true,"href":"https:\/\/piayogaonline.com\/es\/wp-json\/wp\/v2\/product_cat?post=1434"},{"taxonomy":"product_tag","embeddable":true,"href":"https:\/\/piayogaonline.com\/es\/wp-json\/wp\/v2\/product_tag?post=1434"}],"curies":[{"name":"wp","href":"https:\/\/api.w.org\/{rel}","templated":true}]}}