{"id":9991,"date":"2023-03-21T22:54:14","date_gmt":"2023-03-22T02:54:14","guid":{"rendered":"https:\/\/piayogaonline.com\/?page_id=9991"},"modified":"2024-04-26T22:39:46","modified_gmt":"2024-04-27T02:39:46","slug":"eventos-de-yoga-y-bienestar","status":"publish","type":"page","link":"https:\/\/piayogaonline.com\/es\/eventos-de-yoga-y-bienestar\/","title":{"rendered":"Eventos de yoga y bienestar"},"content":{"rendered":"\t\t<div data-elementor-type=\"wp-page\" data-elementor-id=\"9991\" class=\"elementor elementor-9991 elementor-9755\" data-elementor-post-type=\"page\">\n\t\t\t\t\t\t<section class=\"elementor-section elementor-top-section elementor-element elementor-element-1c40dd7 elementor-section-boxed elementor-section-height-default elementor-section-height-default\" data-id=\"1c40dd7\" data-element_type=\"section\" data-e-type=\"section\">\n\t\t\t\t\t\t<div class=\"elementor-container elementor-column-gap-default\">\n\t\t\t\t\t<div class=\"elementor-column elementor-col-100 elementor-top-column elementor-element elementor-element-10adf1e\" data-id=\"10adf1e\" data-element_type=\"column\" data-e-type=\"column\">\n\t\t\t<div class=\"elementor-widget-wrap elementor-element-populated\">\n\t\t\t\t\t\t<div class=\"elementor-element elementor-element-55864da elementor-widget elementor-widget-text-editor\" data-id=\"55864da\" data-element_type=\"widget\" data-e-type=\"widget\" data-widget_type=\"text-editor.default\">\n\t\t\t\t<div class=\"elementor-widget-container\">\n\t\t\t\t\t\t\t\t\t<p>Ense\u00f1ar yoga en eventos grandes o \u00edntimos, es algo que me apasiona.<\/p><p>Puedes contar conmigo si est\u00e1s buscando para tu evento una profesora de yoga con carisma y gran conexi\u00f3n con las personas. Tambi\u00e9n si tienes simplemente una idea a desarrollar y necesitas ayuda para hacer de ella una realidad.<\/p><p>He participado en eventos como\u00a0<a href=\"https:\/\/expoyoga.com.co\/\" target=\"_blank\" rel=\"noreferrer noopener\">YOGA EXPO MEDELLIN<\/a>\u00a0y el\u00a0<a href=\"https:\/\/wanderlust.com\/108-events\/bogota-co\/\" target=\"_blank\" rel=\"noreferrer noopener\">Wanderlust 108 Colombia<\/a>. Tambi\u00e9n, en eventos locales en Miami de reconocidas marcas como lululemon \u2013 Brickell City Centre.<\/p><p>Tambi\u00e9n he liderado clases de yoga en eventos peque\u00f1os como en tiendas de ropa, hoteles, y en lanzamiento de marcas.<\/p><p>Cont\u00e1ctame y podemos explorar juntos diferentes ideas para tu pr\u00f3ximo evento.<\/p>\t\t\t\t\t\t\t\t<\/div>\n\t\t\t\t<\/div>\n\t\t\t\t<div class=\"elementor-element elementor-element-3632dc6 elementor-align-center elementor-widget elementor-widget-button\" data-id=\"3632dc6\" data-element_type=\"widget\" data-e-type=\"widget\" data-widget_type=\"button.default\">\n\t\t\t\t<div class=\"elementor-widget-container\">\n\t\t\t\t\t\t\t\t\t<div class=\"elementor-button-wrapper\">\n\t\t\t\t\t<a class=\"elementor-button elementor-button-link elementor-size-sm\" href=\"mailto:piayogacontact@gmail.com\">\n\t\t\t\t\t\t<span class=\"elementor-button-content-wrapper\">\n\t\t\t\t\t\t\t\t\t<span class=\"elementor-button-text\">CONT\u00c1CTAME<\/span>\n\t\t\t\t\t<\/span>\n\t\t\t\t\t<\/a>\n\t\t\t\t<\/div>\n\t\t\t\t\t\t\t\t<\/div>\n\t\t\t\t<\/div>\n\t\t\t\t<div class=\"elementor-element elementor-element-6a9d49c elementor-widget elementor-widget-gallery\" data-id=\"6a9d49c\" data-element_type=\"widget\" data-e-type=\"widget\" data-settings=\"{&quot;gallery_layout&quot;:&quot;grid&quot;,&quot;columns&quot;:4,&quot;columns_tablet&quot;:2,&quot;columns_mobile&quot;:1,&quot;gap&quot;:{&quot;unit&quot;:&quot;px&quot;,&quot;size&quot;:10,&quot;sizes&quot;:[]},&quot;gap_tablet&quot;:{&quot;unit&quot;:&quot;px&quot;,&quot;size&quot;:10,&quot;sizes&quot;:[]},&quot;gap_mobile&quot;:{&quot;unit&quot;:&quot;px&quot;,&quot;size&quot;:10,&quot;sizes&quot;:[]},&quot;link_to&quot;:&quot;file&quot;,&quot;aspect_ratio&quot;:&quot;3:2&quot;,&quot;overlay_background&quot;:&quot;yes&quot;,&quot;content_hover_animation&quot;:&quot;fade-in&quot;}\" data-widget_type=\"gallery.default\">\n\t\t\t\t<div class=\"elementor-widget-container\">\n\t\t\t\t\t\t\t<div class=\"elementor-gallery__container\">\n\t\t\t\t\t\t\t<a class=\"e-gallery-item elementor-gallery-item elementor-animated-content\" href=\"https:\/\/piayogaonline.com\/wp-content\/uploads\/2020\/02\/yoga-class-brickell-city-centre-lululemon-february-23.jpg\" data-elementor-open-lightbox=\"yes\" data-elementor-lightbox-slideshow=\"6a9d49c\" data-elementor-lightbox-title=\"yoga class brickell city centre lululemon february 23\" data-e-action-hash=\"#elementor-action%3Aaction%3Dlightbox%26settings%3DeyJpZCI6ODg5LCJ1cmwiOiJodHRwczpcL1wvcGlheW9nYW9ubGluZS5jb21cL3dwLWNvbnRlbnRcL3VwbG9hZHNcLzIwMjBcLzAyXC95b2dhLWNsYXNzLWJyaWNrZWxsLWNpdHktY2VudHJlLWx1bHVsZW1vbi1mZWJydWFyeS0yMy5qcGciLCJzbGlkZXNob3ciOiI2YTlkNDljIn0%3D\">\n\t\t\t\t\t<div class=\"e-gallery-image elementor-gallery-item__image\" data-thumbnail=\"https:\/\/piayogaonline.com\/wp-content\/uploads\/2020\/02\/yoga-class-brickell-city-centre-lululemon-february-23.jpg\" data-width=\"225\" data-height=\"300\" aria-label=\"\" role=\"img\" ><\/div>\n\t\t\t\t\t\t\t\t\t\t\t<div class=\"elementor-gallery-item__overlay\"><\/div>\n\t\t\t\t\t\t\t\t\t\t\t\t\t\t<\/a>\n\t\t\t\t\t\t\t<a class=\"e-gallery-item elementor-gallery-item elementor-animated-content\" href=\"https:\/\/piayogaonline.com\/wp-content\/uploads\/2020\/02\/sweat-and-stretch-february-23-lululemon-brickell-miami-e1677859847507.jpg\" data-elementor-open-lightbox=\"yes\" data-elementor-lightbox-slideshow=\"6a9d49c\" data-elementor-lightbox-title=\"sweat and stretch february 23 lululemon brickell miami\" data-e-action-hash=\"#elementor-action%3Aaction%3Dlightbox%26settings%3DeyJpZCI6ODkwLCJ1cmwiOiJodHRwczpcL1wvcGlheW9nYW9ubGluZS5jb21cL3dwLWNvbnRlbnRcL3VwbG9hZHNcLzIwMjBcLzAyXC9zd2VhdC1hbmQtc3RyZXRjaC1mZWJydWFyeS0yMy1sdWx1bGVtb24tYnJpY2tlbGwtbWlhbWktZTE2Nzc4NTk4NDc1MDcuanBnIiwic2xpZGVzaG93IjoiNmE5ZDQ5YyJ9\">\n\t\t\t\t\t<div class=\"e-gallery-image elementor-gallery-item__image\" data-thumbnail=\"https:\/\/piayogaonline.com\/wp-content\/uploads\/2020\/02\/sweat-and-stretch-february-23-lululemon-brickell-miami-e1677859847507-300x187.jpg\" data-width=\"300\" data-height=\"187\" aria-label=\"\" role=\"img\" ><\/div>\n\t\t\t\t\t\t\t\t\t\t\t<div class=\"elementor-gallery-item__overlay\"><\/div>\n\t\t\t\t\t\t\t\t\t\t\t\t\t\t<\/a>\n\t\t\t\t\t\t\t<a class=\"e-gallery-item elementor-gallery-item elementor-animated-content\" href=\"https:\/\/piayogaonline.com\/wp-content\/uploads\/2020\/01\/yoga-events-in-miami.jpg\" data-elementor-open-lightbox=\"yes\" data-elementor-lightbox-slideshow=\"6a9d49c\" data-elementor-lightbox-title=\"yoga events in miami\" data-e-action-hash=\"#elementor-action%3Aaction%3Dlightbox%26settings%3DeyJpZCI6NzkyLCJ1cmwiOiJodHRwczpcL1wvcGlheW9nYW9ubGluZS5jb21cL3dwLWNvbnRlbnRcL3VwbG9hZHNcLzIwMjBcLzAxXC95b2dhLWV2ZW50cy1pbi1taWFtaS5qcGciLCJzbGlkZXNob3ciOiI2YTlkNDljIn0%3D\">\n\t\t\t\t\t<div class=\"e-gallery-image elementor-gallery-item__image\" data-thumbnail=\"https:\/\/piayogaonline.com\/wp-content\/uploads\/2020\/01\/yoga-events-in-miami-300x200.jpg\" data-width=\"300\" data-height=\"200\" aria-label=\"\" role=\"img\" ><\/div>\n\t\t\t\t\t\t\t\t\t\t\t<div class=\"elementor-gallery-item__overlay\"><\/div>\n\t\t\t\t\t\t\t\t\t\t\t\t\t\t<\/a>\n\t\t\t\t\t\t\t<a class=\"e-gallery-item elementor-gallery-item elementor-animated-content\" href=\"https:\/\/piayogaonline.com\/wp-content\/uploads\/2021\/05\/IMG_4015-copy-2-scaled.jpg\" data-elementor-open-lightbox=\"yes\" data-elementor-lightbox-slideshow=\"6a9d49c\" data-elementor-lightbox-title=\"IMG_4015-copy-2\" data-e-action-hash=\"#elementor-action%3Aaction%3Dlightbox%26settings%3DeyJpZCI6NTYzNywidXJsIjoiaHR0cHM6XC9cL3BpYXlvZ2FvbmxpbmUuY29tXC93cC1jb250ZW50XC91cGxvYWRzXC8yMDIxXC8wNVwvSU1HXzQwMTUtY29weS0yLXNjYWxlZC5qcGciLCJzbGlkZXNob3ciOiI2YTlkNDljIn0%3D\">\n\t\t\t\t\t<div class=\"e-gallery-image elementor-gallery-item__image\" data-thumbnail=\"https:\/\/piayogaonline.com\/wp-content\/uploads\/2021\/05\/IMG_4015-copy-2-300x225.jpg\" data-width=\"300\" data-height=\"225\" aria-label=\"yoga classes miami\" role=\"img\" ><\/div>\n\t\t\t\t\t\t\t\t\t\t\t<div class=\"elementor-gallery-item__overlay\"><\/div>\n\t\t\t\t\t\t\t\t\t\t\t\t\t\t<\/a>\n\t\t\t\t\t\t\t<a class=\"e-gallery-item elementor-gallery-item elementor-animated-content\" href=\"https:\/\/piayogaonline.com\/wp-content\/uploads\/2021\/04\/156191244_790193661586002_3020743671665773824_n.jpeg\" data-elementor-open-lightbox=\"yes\" data-elementor-lightbox-slideshow=\"6a9d49c\" data-elementor-lightbox-title=\"156191244_790193661586002_3020743671665773824_n\" data-e-action-hash=\"#elementor-action%3Aaction%3Dlightbox%26settings%3DeyJpZCI6NTMyMywidXJsIjoiaHR0cHM6XC9cL3BpYXlvZ2FvbmxpbmUuY29tXC93cC1jb250ZW50XC91cGxvYWRzXC8yMDIxXC8wNFwvMTU2MTkxMjQ0Xzc5MDE5MzY2MTU4NjAwMl8zMDIwNzQzNjcxNjY1NzczODI0X24uanBlZyIsInNsaWRlc2hvdyI6IjZhOWQ0OWMifQ%3D%3D\">\n\t\t\t\t\t<div class=\"e-gallery-image elementor-gallery-item__image\" data-thumbnail=\"https:\/\/piayogaonline.com\/wp-content\/uploads\/2021\/04\/156191244_790193661586002_3020743671665773824_n-300x200.jpeg\" data-width=\"300\" data-height=\"200\" aria-label=\"\" role=\"img\" ><\/div>\n\t\t\t\t\t\t\t\t\t\t\t<div class=\"elementor-gallery-item__overlay\"><\/div>\n\t\t\t\t\t\t\t\t\t\t\t\t\t\t<\/a>\n\t\t\t\t\t\t\t<a class=\"e-gallery-item elementor-gallery-item elementor-animated-content\" href=\"https:\/\/piayogaonline.com\/wp-content\/uploads\/2021\/03\/outdoor-yoga-class-miami-1.jpeg\" data-elementor-open-lightbox=\"yes\" data-elementor-lightbox-slideshow=\"6a9d49c\" data-elementor-lightbox-title=\"outdoor-yoga-class-miami-1\" data-e-action-hash=\"#elementor-action%3Aaction%3Dlightbox%26settings%3DeyJpZCI6NTI3MywidXJsIjoiaHR0cHM6XC9cL3BpYXlvZ2FvbmxpbmUuY29tXC93cC1jb250ZW50XC91cGxvYWRzXC8yMDIxXC8wM1wvb3V0ZG9vci15b2dhLWNsYXNzLW1pYW1pLTEuanBlZyIsInNsaWRlc2hvdyI6IjZhOWQ0OWMifQ%3D%3D\">\n\t\t\t\t\t<div class=\"e-gallery-image elementor-gallery-item__image\" data-thumbnail=\"https:\/\/piayogaonline.com\/wp-content\/uploads\/2021\/03\/outdoor-yoga-class-miami-1-300x200.jpeg\" data-width=\"300\" data-height=\"200\" aria-label=\"\" role=\"img\" ><\/div>\n\t\t\t\t\t\t\t\t\t\t\t<div class=\"elementor-gallery-item__overlay\"><\/div>\n\t\t\t\t\t\t\t\t\t\t\t\t\t\t<\/a>\n\t\t\t\t\t\t\t<a class=\"e-gallery-item elementor-gallery-item elementor-animated-content\" href=\"https:\/\/piayogaonline.com\/wp-content\/uploads\/2021\/04\/Sunset-rooftop-yoga-in-miami-pia-yoga.png\" data-elementor-open-lightbox=\"yes\" data-elementor-lightbox-slideshow=\"6a9d49c\" data-elementor-lightbox-title=\"Sunset-rooftop-yoga-in-miami-pia-yoga\" data-e-action-hash=\"#elementor-action%3Aaction%3Dlightbox%26settings%3DeyJpZCI6NTMxMCwidXJsIjoiaHR0cHM6XC9cL3BpYXlvZ2FvbmxpbmUuY29tXC93cC1jb250ZW50XC91cGxvYWRzXC8yMDIxXC8wNFwvU3Vuc2V0LXJvb2Z0b3AteW9nYS1pbi1taWFtaS1waWEteW9nYS5wbmciLCJzbGlkZXNob3ciOiI2YTlkNDljIn0%3D\">\n\t\t\t\t\t<div class=\"e-gallery-image elementor-gallery-item__image\" data-thumbnail=\"https:\/\/piayogaonline.com\/wp-content\/uploads\/2021\/04\/Sunset-rooftop-yoga-in-miami-pia-yoga-300x241.png\" data-width=\"300\" data-height=\"241\" aria-label=\"Sunset roofto yoga miami\" role=\"img\" ><\/div>\n\t\t\t\t\t\t\t\t\t\t\t<div class=\"elementor-gallery-item__overlay\"><\/div>\n\t\t\t\t\t\t\t\t\t\t\t\t\t\t<\/a>\n\t\t\t\t\t\t\t<a class=\"e-gallery-item elementor-gallery-item elementor-animated-content\" href=\"https:\/\/piayogaonline.com\/wp-content\/uploads\/2021\/06\/C9E712F8-DE8A-47D1-BB31-FED32289EC72-1-scaled.jpg\" data-elementor-open-lightbox=\"yes\" data-elementor-lightbox-slideshow=\"6a9d49c\" data-elementor-lightbox-title=\"C9E712F8-DE8A-47D1-BB31-FED32289EC72-1\" data-e-action-hash=\"#elementor-action%3Aaction%3Dlightbox%26settings%3DeyJpZCI6NjE3MSwidXJsIjoiaHR0cHM6XC9cL3BpYXlvZ2FvbmxpbmUuY29tXC93cC1jb250ZW50XC91cGxvYWRzXC8yMDIxXC8wNlwvQzlFNzEyRjgtREU4QS00N0QxLUJCMzEtRkVEMzIyODlFQzcyLTEtc2NhbGVkLmpwZyIsInNsaWRlc2hvdyI6IjZhOWQ0OWMifQ%3D%3D\">\n\t\t\t\t\t<div class=\"e-gallery-image elementor-gallery-item__image\" data-thumbnail=\"https:\/\/piayogaonline.com\/wp-content\/uploads\/2021\/06\/C9E712F8-DE8A-47D1-BB31-FED32289EC72-1-240x300.jpg\" data-width=\"240\" data-height=\"300\" aria-label=\"\" role=\"img\" ><\/div>\n\t\t\t\t\t\t\t\t\t\t\t<div class=\"elementor-gallery-item__overlay\"><\/div>\n\t\t\t\t\t\t\t\t\t\t\t\t\t\t<\/a>\n\t\t\t\t\t<\/div>\n\t\t\t\t\t<\/div>\n\t\t\t\t<\/div>\n\t\t\t\t<div class=\"elementor-element elementor-element-e042400 elementor-widget elementor-widget-spacer\" data-id=\"e042400\" data-element_type=\"widget\" data-e-type=\"widget\" data-widget_type=\"spacer.default\">\n\t\t\t\t<div class=\"elementor-widget-container\">\n\t\t\t\t\t\t\t<div class=\"elementor-spacer\">\n\t\t\t<div class=\"elementor-spacer-inner\"><\/div>\n\t\t<\/div>\n\t\t\t\t\t\t<\/div>\n\t\t\t\t<\/div>\n\t\t\t\t\t<\/div>\n\t\t<\/div>\n\t\t\t\t\t<\/div>\n\t\t<\/section>\n\t\t\t\t<\/div>\n\t\t","protected":false},"excerpt":{"rendered":"<p>Ense\u00f1ar yoga en eventos grandes o \u00edntimos, es algo que me apasiona. Puedes contar conmigo si est\u00e1s buscando para tu evento una profesora de yoga con carisma y gran conexi\u00f3n con las personas. Tambi\u00e9n si tienes simplemente una idea a desarrollar y necesitas ayuda para hacer de ella una realidad. He participado en eventos como\u00a0YOGA [&hellip;]<\/p>\n","protected":false},"author":231,"featured_media":1278,"parent":0,"menu_order":0,"comment_status":"closed","ping_status":"closed","template":"elementor_theme","meta":{"footnotes":""},"class_list":["post-9991","page","type-page","status-publish","has-post-thumbnail","hentry"],"yoast_head":"<!-- This site is optimized with the Yoast SEO plugin v27.4 - https:\/\/yoast.com\/product\/yoast-seo-wordpress\/ -->\n<title>Eventos de yoga y bienestar - Pia Yoga Online - Yoga para fortalecer mente y cuerpo<\/title>\n<meta name=\"robots\" content=\"index, follow, max-snippet:-1, max-image-preview:large, max-video-preview:-1\" \/>\n<link rel=\"canonical\" href=\"https:\/\/piayogaonline.com\/es\/eventos-de-yoga-y-bienestar\/\" \/>\n<meta property=\"og:locale\" content=\"es_ES\" \/>\n<meta property=\"og:type\" content=\"article\" \/>\n<meta property=\"og:title\" content=\"Eventos de yoga y bienestar - Pia Yoga Online - Yoga para fortalecer mente y cuerpo\" \/>\n<meta property=\"og:description\" content=\"Ense\u00f1ar yoga en eventos grandes o \u00edntimos, es algo que me apasiona. Puedes contar conmigo si est\u00e1s buscando para tu evento una profesora de yoga con carisma y gran conexi\u00f3n con las personas. Tambi\u00e9n si tienes simplemente una idea a desarrollar y necesitas ayuda para hacer de ella una realidad. He participado en eventos como\u00a0YOGA [&hellip;]\" \/>\n<meta property=\"og:url\" content=\"https:\/\/piayogaonline.com\/es\/eventos-de-yoga-y-bienestar\/\" \/>\n<meta property=\"og:site_name\" content=\"Pia Yoga Online - Yoga para fortalecer mente y cuerpo\" \/>\n<meta property=\"article:publisher\" content=\"https:\/\/www.facebook.com\/PiaYoga108\/\" \/>\n<meta property=\"article:modified_time\" content=\"2024-04-27T02:39:46+00:00\" \/>\n<meta property=\"og:image\" content=\"https:\/\/piayogaonline.com\/wp-content\/uploads\/2019\/12\/Yoga-event-in-miami-by-pia-yoga-e1578677692411.jpg\" \/>\n\t<meta property=\"og:image:width\" content=\"1082\" \/>\n\t<meta property=\"og:image:height\" content=\"605\" \/>\n\t<meta property=\"og:image:type\" content=\"image\/jpeg\" \/>\n<meta name=\"twitter:card\" content=\"summary_large_image\" \/>\n<meta name=\"twitter:label1\" content=\"Tiempo de lectura\" \/>\n\t<meta name=\"twitter:data1\" content=\"1 minuto\" \/>\n<script type=\"application\/ld+json\" class=\"yoast-schema-graph\">{\"@context\":\"https:\\\/\\\/schema.org\",\"@graph\":[{\"@type\":\"WebPage\",\"@id\":\"https:\\\/\\\/piayogaonline.com\\\/es\\\/eventos-de-yoga-y-bienestar\\\/\",\"url\":\"https:\\\/\\\/piayogaonline.com\\\/es\\\/eventos-de-yoga-y-bienestar\\\/\",\"name\":\"Eventos de yoga y bienestar - Pia Yoga Online - Yoga para fortalecer mente y cuerpo\",\"isPartOf\":{\"@id\":\"https:\\\/\\\/piayogaonline.com\\\/es\\\/#website\"},\"primaryImageOfPage\":{\"@id\":\"https:\\\/\\\/piayogaonline.com\\\/es\\\/eventos-de-yoga-y-bienestar\\\/#primaryimage\"},\"image\":{\"@id\":\"https:\\\/\\\/piayogaonline.com\\\/es\\\/eventos-de-yoga-y-bienestar\\\/#primaryimage\"},\"thumbnailUrl\":\"https:\\\/\\\/piayogaonline.com\\\/wp-content\\\/uploads\\\/2019\\\/12\\\/Yoga-event-in-miami-by-pia-yoga-e1578677692411.jpg\",\"datePublished\":\"2023-03-22T02:54:14+00:00\",\"dateModified\":\"2024-04-27T02:39:46+00:00\",\"breadcrumb\":{\"@id\":\"https:\\\/\\\/piayogaonline.com\\\/es\\\/eventos-de-yoga-y-bienestar\\\/#breadcrumb\"},\"inLanguage\":\"es-CO\",\"potentialAction\":[{\"@type\":\"ReadAction\",\"target\":[\"https:\\\/\\\/piayogaonline.com\\\/es\\\/eventos-de-yoga-y-bienestar\\\/\"]}]},{\"@type\":\"ImageObject\",\"inLanguage\":\"es-CO\",\"@id\":\"https:\\\/\\\/piayogaonline.com\\\/es\\\/eventos-de-yoga-y-bienestar\\\/#primaryimage\",\"url\":\"https:\\\/\\\/piayogaonline.com\\\/wp-content\\\/uploads\\\/2019\\\/12\\\/Yoga-event-in-miami-by-pia-yoga-e1578677692411.jpg\",\"contentUrl\":\"https:\\\/\\\/piayogaonline.com\\\/wp-content\\\/uploads\\\/2019\\\/12\\\/Yoga-event-in-miami-by-pia-yoga-e1578677692411.jpg\",\"width\":1082,\"height\":605},{\"@type\":\"BreadcrumbList\",\"@id\":\"https:\\\/\\\/piayogaonline.com\\\/es\\\/eventos-de-yoga-y-bienestar\\\/#breadcrumb\",\"itemListElement\":[{\"@type\":\"ListItem\",\"position\":1,\"name\":\"Home\",\"item\":\"https:\\\/\\\/piayogaonline.com\\\/es\\\/\"},{\"@type\":\"ListItem\",\"position\":2,\"name\":\"Eventos de yoga y bienestar\"}]},{\"@type\":\"WebSite\",\"@id\":\"https:\\\/\\\/piayogaonline.com\\\/es\\\/#website\",\"url\":\"https:\\\/\\\/piayogaonline.com\\\/es\\\/\",\"name\":\"Pia Yoga Online - Yoga para fortalecer mente y cuerpo\",\"description\":\"Clases de yoga online, videos y consejos para tu pr\u00e1ctica de yoga, enfocados en fortalecer mente y cuerpo. Tambi\u00e9n informaci\u00f3n sobre talleres, retiros de yoga y eventos especiales.\",\"potentialAction\":[{\"@type\":\"SearchAction\",\"target\":{\"@type\":\"EntryPoint\",\"urlTemplate\":\"https:\\\/\\\/piayogaonline.com\\\/es\\\/?s={search_term_string}\"},\"query-input\":{\"@type\":\"PropertyValueSpecification\",\"valueRequired\":true,\"valueName\":\"search_term_string\"}}],\"inLanguage\":\"es-CO\"}]}<\/script>\n<!-- \/ Yoast SEO plugin. -->","yoast_head_json":{"title":"Eventos de yoga y bienestar - Pia Yoga Online - Yoga para fortalecer mente y cuerpo","robots":{"index":"index","follow":"follow","max-snippet":"max-snippet:-1","max-image-preview":"max-image-preview:large","max-video-preview":"max-video-preview:-1"},"canonical":"https:\/\/piayogaonline.com\/es\/eventos-de-yoga-y-bienestar\/","og_locale":"es_ES","og_type":"article","og_title":"Eventos de yoga y bienestar - Pia Yoga Online - Yoga para fortalecer mente y cuerpo","og_description":"Ense\u00f1ar yoga en eventos grandes o \u00edntimos, es algo que me apasiona. Puedes contar conmigo si est\u00e1s buscando para tu evento una profesora de yoga con carisma y gran conexi\u00f3n con las personas. Tambi\u00e9n si tienes simplemente una idea a desarrollar y necesitas ayuda para hacer de ella una realidad. He participado en eventos como\u00a0YOGA [&hellip;]","og_url":"https:\/\/piayogaonline.com\/es\/eventos-de-yoga-y-bienestar\/","og_site_name":"Pia Yoga Online - Yoga para fortalecer mente y cuerpo","article_publisher":"https:\/\/www.facebook.com\/PiaYoga108\/","article_modified_time":"2024-04-27T02:39:46+00:00","og_image":[{"width":1082,"height":605,"url":"https:\/\/piayogaonline.com\/wp-content\/uploads\/2019\/12\/Yoga-event-in-miami-by-pia-yoga-e1578677692411.jpg","type":"image\/jpeg"}],"twitter_card":"summary_large_image","twitter_misc":{"Tiempo de lectura":"1 minuto"},"schema":{"@context":"https:\/\/schema.org","@graph":[{"@type":"WebPage","@id":"https:\/\/piayogaonline.com\/es\/eventos-de-yoga-y-bienestar\/","url":"https:\/\/piayogaonline.com\/es\/eventos-de-yoga-y-bienestar\/","name":"Eventos de yoga y bienestar - Pia Yoga Online - Yoga para fortalecer mente y cuerpo","isPartOf":{"@id":"https:\/\/piayogaonline.com\/es\/#website"},"primaryImageOfPage":{"@id":"https:\/\/piayogaonline.com\/es\/eventos-de-yoga-y-bienestar\/#primaryimage"},"image":{"@id":"https:\/\/piayogaonline.com\/es\/eventos-de-yoga-y-bienestar\/#primaryimage"},"thumbnailUrl":"https:\/\/piayogaonline.com\/wp-content\/uploads\/2019\/12\/Yoga-event-in-miami-by-pia-yoga-e1578677692411.jpg","datePublished":"2023-03-22T02:54:14+00:00","dateModified":"2024-04-27T02:39:46+00:00","breadcrumb":{"@id":"https:\/\/piayogaonline.com\/es\/eventos-de-yoga-y-bienestar\/#breadcrumb"},"inLanguage":"es-CO","potentialAction":[{"@type":"ReadAction","target":["https:\/\/piayogaonline.com\/es\/eventos-de-yoga-y-bienestar\/"]}]},{"@type":"ImageObject","inLanguage":"es-CO","@id":"https:\/\/piayogaonline.com\/es\/eventos-de-yoga-y-bienestar\/#primaryimage","url":"https:\/\/piayogaonline.com\/wp-content\/uploads\/2019\/12\/Yoga-event-in-miami-by-pia-yoga-e1578677692411.jpg","contentUrl":"https:\/\/piayogaonline.com\/wp-content\/uploads\/2019\/12\/Yoga-event-in-miami-by-pia-yoga-e1578677692411.jpg","width":1082,"height":605},{"@type":"BreadcrumbList","@id":"https:\/\/piayogaonline.com\/es\/eventos-de-yoga-y-bienestar\/#breadcrumb","itemListElement":[{"@type":"ListItem","position":1,"name":"Home","item":"https:\/\/piayogaonline.com\/es\/"},{"@type":"ListItem","position":2,"name":"Eventos de yoga y bienestar"}]},{"@type":"WebSite","@id":"https:\/\/piayogaonline.com\/es\/#website","url":"https:\/\/piayogaonline.com\/es\/","name":"Pia Yoga Online - Yoga para fortalecer mente y cuerpo","description":"Clases de yoga online, videos y consejos para tu pr\u00e1ctica de yoga, enfocados en fortalecer mente y cuerpo. Tambi\u00e9n informaci\u00f3n sobre talleres, retiros de yoga y eventos especiales.","potentialAction":[{"@type":"SearchAction","target":{"@type":"EntryPoint","urlTemplate":"https:\/\/piayogaonline.com\/es\/?s={search_term_string}"},"query-input":{"@type":"PropertyValueSpecification","valueRequired":true,"valueName":"search_term_string"}}],"inLanguage":"es-CO"}]}},"_links":{"self":[{"href":"https:\/\/piayogaonline.com\/es\/wp-json\/wp\/v2\/pages\/9991","targetHints":{"allow":["GET"]}}],"collection":[{"href":"https:\/\/piayogaonline.com\/es\/wp-json\/wp\/v2\/pages"}],"about":[{"href":"https:\/\/piayogaonline.com\/es\/wp-json\/wp\/v2\/types\/page"}],"author":[{"embeddable":true,"href":"https:\/\/piayogaonline.com\/es\/wp-json\/wp\/v2\/users\/231"}],"replies":[{"embeddable":true,"href":"https:\/\/piayogaonline.com\/es\/wp-json\/wp\/v2\/comments?post=9991"}],"version-history":[{"count":1,"href":"https:\/\/piayogaonline.com\/es\/wp-json\/wp\/v2\/pages\/9991\/revisions"}],"predecessor-version":[{"id":11511,"href":"https:\/\/piayogaonline.com\/es\/wp-json\/wp\/v2\/pages\/9991\/revisions\/11511"}],"wp:featuredmedia":[{"embeddable":true,"href":"https:\/\/piayogaonline.com\/es\/wp-json\/wp\/v2\/media\/1278"}],"wp:attachment":[{"href":"https:\/\/piayogaonline.com\/es\/wp-json\/wp\/v2\/media?parent=9991"}],"curies":[{"name":"wp","href":"https:\/\/api.w.org\/{rel}","templated":true}]}}