{"id":9985,"date":"2023-03-21T22:48:06","date_gmt":"2023-03-22T02:48:06","guid":{"rendered":"https:\/\/piayogaonline.com\/?page_id=9985"},"modified":"2024-12-30T22:44:08","modified_gmt":"2024-12-31T03:44:08","slug":"yoga-corporativo-para-empresas","status":"publish","type":"page","link":"https:\/\/piayogaonline.com\/es\/yoga-corporativo-para-empresas\/","title":{"rendered":"Yoga Corporativo para Empresas"},"content":{"rendered":"\t\t<div data-elementor-type=\"wp-page\" data-elementor-id=\"9985\" class=\"elementor elementor-9985 elementor-9729\" data-elementor-post-type=\"page\">\n\t\t\t\t\t\t<section class=\"elementor-section elementor-top-section elementor-element elementor-element-8fd674b elementor-section-boxed elementor-section-height-default elementor-section-height-default\" data-id=\"8fd674b\" data-element_type=\"section\" data-e-type=\"section\">\n\t\t\t\t\t\t<div class=\"elementor-container elementor-column-gap-default\">\n\t\t\t\t\t<div class=\"elementor-column elementor-col-100 elementor-top-column elementor-element elementor-element-002f83e\" data-id=\"002f83e\" data-element_type=\"column\" data-e-type=\"column\">\n\t\t\t<div class=\"elementor-widget-wrap elementor-element-populated\">\n\t\t\t\t\t\t<div class=\"elementor-element elementor-element-74d26f1 elementor-widget elementor-widget-text-editor\" data-id=\"74d26f1\" data-element_type=\"widget\" data-e-type=\"widget\" data-widget_type=\"text-editor.default\">\n\t\t\t\t<div class=\"elementor-widget-container\">\n\t\t\t\t\t\t\t\t\t<p>\u00bfTienes un negocio o compa\u00f1\u00eda y est\u00e1s buscando brindar a tus empleados un espacio para que puedan ejercitarse y a la vez manejar la ansiedad o estr\u00e9s que puede traer la carga laboral?<\/p><p>Hay muchos beneficios al ofrecer un programa de bienestar a los empleados: aumento en la productividad, disminuci\u00f3n en el ausentismo, mayor compromiso, y muchos m\u00e1s! Conoce los beneficios\u00a0<a href=\"https:\/\/www.snacknation.com\/blog\/benefits-of-employee-wellness-programs\/\" target=\"_blank\" rel=\"noreferrer noopener\">AQUI<\/a>.<\/p><p>Como persona que trabaj\u00f3 por m\u00e1s de 6 a\u00f1os en el mundo corporativo, me identifico con las necesidades de los empleados y lo que buscan en estos espacios. Me gusta trabajar con compa\u00f1\u00edas y su mejor activo: \u00a1las personas!<\/p>\t\t\t\t\t\t\t\t<\/div>\n\t\t\t\t<\/div>\n\t\t\t\t<div class=\"elementor-element elementor-element-66a5289 elementor-widget elementor-widget-image-gallery\" data-id=\"66a5289\" data-element_type=\"widget\" data-e-type=\"widget\" data-widget_type=\"image-gallery.default\">\n\t\t\t\t<div class=\"elementor-widget-container\">\n\t\t\t\t\t\t\t<div class=\"elementor-image-gallery\">\n\t\t\t<div id='gallery-1' class='gallery galleryid-9985 gallery-columns-2 gallery-size-medium'><figure class='gallery-item'>\n\t\t\t<div class='gallery-icon landscape'>\n\t\t\t\t<a data-elementor-open-lightbox=\"yes\" data-elementor-lightbox-slideshow=\"66a5289\" data-elementor-lightbox-title=\"corporate-yoga-in-miami-by-pia-yoga\" data-e-action-hash=\"#elementor-action%3Aaction%3Dlightbox%26settings%3DeyJpZCI6MTI3NywidXJsIjoiaHR0cHM6XC9cL3BpYXlvZ2FvbmxpbmUuY29tXC93cC1jb250ZW50XC91cGxvYWRzXC8yMDE5XC8xMlwvY29ycG9yYXRlLXlvZ2EtaW4tbWlhbWktYnktcGlhLXlvZ2EuanBnIiwic2xpZGVzaG93IjoiNjZhNTI4OSJ9\" href='https:\/\/piayogaonline.com\/wp-content\/uploads\/2019\/12\/corporate-yoga-in-miami-by-pia-yoga.jpg'><img fetchpriority=\"high\" decoding=\"async\" width=\"300\" height=\"189\" src=\"https:\/\/piayogaonline.com\/wp-content\/uploads\/2019\/12\/corporate-yoga-in-miami-by-pia-yoga.jpg\" class=\"attachment-medium size-medium\" alt=\"\" aria-describedby=\"gallery-1-1277\" srcset=\"https:\/\/piayogaonline.com\/wp-content\/uploads\/2019\/12\/corporate-yoga-in-miami-by-pia-yoga.jpg 1500w, https:\/\/piayogaonline.com\/wp-content\/uploads\/2019\/12\/corporate-yoga-in-miami-by-pia-yoga-600x378.jpg 600w\" sizes=\"(max-width: 300px) 100vw, 300px\" \/><\/a>\n\t\t\t<\/div>\n\t\t\t\t<figcaption class='wp-caption-text gallery-caption' id='gallery-1-1277'>\n\t\t\t\tClase corporativa en oficina\n\t\t\t\t<\/figcaption><\/figure><figure class='gallery-item'>\n\t\t\t<div class='gallery-icon landscape'>\n\t\t\t\t<a data-elementor-open-lightbox=\"yes\" data-elementor-lightbox-slideshow=\"66a5289\" data-elementor-lightbox-title=\"fb3e3a43-4c7e-425f-a8a5-3fb8947c6ec5\" data-e-action-hash=\"#elementor-action%3Aaction%3Dlightbox%26settings%3DeyJpZCI6OTc0MCwidXJsIjoiaHR0cHM6XC9cL3BpYXlvZ2FvbmxpbmUuY29tXC93cC1jb250ZW50XC91cGxvYWRzXC8yMDIzXC8wM1wvZmIzZTNhNDMtNGM3ZS00MjVmLWE4YTUtM2ZiODk0N2M2ZWM1LWUxNjc3OTgyNTU5ODc0LmpwZyIsInNsaWRlc2hvdyI6IjY2YTUyODkifQ%3D%3D\" href='https:\/\/piayogaonline.com\/wp-content\/uploads\/2023\/03\/fb3e3a43-4c7e-425f-a8a5-3fb8947c6ec5-e1677982559874.jpg'><img decoding=\"async\" width=\"300\" height=\"188\" src=\"https:\/\/piayogaonline.com\/wp-content\/uploads\/2023\/03\/fb3e3a43-4c7e-425f-a8a5-3fb8947c6ec5-e1677982559874-300x188.jpg\" class=\"attachment-medium size-medium\" alt=\"corporate yoga dior\" aria-describedby=\"gallery-1-9740\" srcset=\"https:\/\/piayogaonline.com\/wp-content\/uploads\/2023\/03\/fb3e3a43-4c7e-425f-a8a5-3fb8947c6ec5-e1677982559874-300x188.jpg 300w, https:\/\/piayogaonline.com\/wp-content\/uploads\/2023\/03\/fb3e3a43-4c7e-425f-a8a5-3fb8947c6ec5-e1677982559874-768x482.jpg 768w\" sizes=\"(max-width: 300px) 100vw, 300px\" \/><\/a>\n\t\t\t<\/div>\n\t\t\t\t<figcaption class='wp-caption-text gallery-caption' id='gallery-1-9740'>\n\t\t\t\tClase corporativa en parque\n\t\t\t\t<\/figcaption><\/figure>\n\t\t<\/div>\n\t\t<\/div>\n\t\t\t\t\t\t<\/div>\n\t\t\t\t<\/div>\n\t\t\t\t<div class=\"elementor-element elementor-element-04e727b elementor-align-center elementor-widget elementor-widget-button\" data-id=\"04e727b\" data-element_type=\"widget\" data-e-type=\"widget\" data-widget_type=\"button.default\">\n\t\t\t\t<div class=\"elementor-widget-container\">\n\t\t\t\t\t\t\t\t\t<div class=\"elementor-button-wrapper\">\n\t\t\t\t\t<a class=\"elementor-button elementor-button-link elementor-size-sm\" href=\"mailto:piayogacontact@gmail.com\">\n\t\t\t\t\t\t<span class=\"elementor-button-content-wrapper\">\n\t\t\t\t\t\t\t\t\t<span class=\"elementor-button-text\">CONT\u00c1CTAME<\/span>\n\t\t\t\t\t<\/span>\n\t\t\t\t\t<\/a>\n\t\t\t\t<\/div>\n\t\t\t\t\t\t\t\t<\/div>\n\t\t\t\t<\/div>\n\t\t\t\t<div class=\"elementor-element elementor-element-c80e875 elementor-widget elementor-widget-spacer\" data-id=\"c80e875\" data-element_type=\"widget\" data-e-type=\"widget\" data-widget_type=\"spacer.default\">\n\t\t\t\t<div class=\"elementor-widget-container\">\n\t\t\t\t\t\t\t<div class=\"elementor-spacer\">\n\t\t\t<div class=\"elementor-spacer-inner\"><\/div>\n\t\t<\/div>\n\t\t\t\t\t\t<\/div>\n\t\t\t\t<\/div>\n\t\t\t\t<div class=\"elementor-element elementor-element-0c18377 elementor-widget elementor-widget-testimonial\" data-id=\"0c18377\" data-element_type=\"widget\" data-e-type=\"widget\" data-widget_type=\"testimonial.default\">\n\t\t\t\t<div class=\"elementor-widget-container\">\n\t\t\t\t\t\t\t<div class=\"elementor-testimonial-wrapper\">\n\t\t\t\t\t\t\t<div class=\"elementor-testimonial-content\">\u201cIt has been a joy to partner with Pia for several yoga workshops for our corporate teams.  Whether virtually or in-person, she has a real gift in her ability to simultaneously teach proper technique, while transmitting genuine positivity, warmth, and inspiration.  We highly recommend Pia for any individual or group yoga lessons, events, or team building seminars\u201d<\/div>\n\t\t\t\n\t\t\t\t\t\t<div class=\"elementor-testimonial-meta elementor-has-image elementor-testimonial-image-position-aside\">\n\t\t\t\t<div class=\"elementor-testimonial-meta-inner\">\n\t\t\t\t\t\t\t\t\t\t\t<div class=\"elementor-testimonial-image\">\n\t\t\t\t\t\t\t<img decoding=\"async\" width=\"1756\" height=\"1438\" src=\"https:\/\/piayogaonline.com\/wp-content\/uploads\/2023\/03\/Vanessa-vergara.png\" class=\"attachment-full size-full wp-image-9736\" alt=\"Vanessa vergara\" srcset=\"https:\/\/piayogaonline.com\/wp-content\/uploads\/2023\/03\/Vanessa-vergara.png 1756w, https:\/\/piayogaonline.com\/wp-content\/uploads\/2023\/03\/Vanessa-vergara-600x491.png 600w, https:\/\/piayogaonline.com\/wp-content\/uploads\/2023\/03\/Vanessa-vergara-300x246.png 300w, https:\/\/piayogaonline.com\/wp-content\/uploads\/2023\/03\/Vanessa-vergara-1024x839.png 1024w, https:\/\/piayogaonline.com\/wp-content\/uploads\/2023\/03\/Vanessa-vergara-768x629.png 768w, https:\/\/piayogaonline.com\/wp-content\/uploads\/2023\/03\/Vanessa-vergara-1536x1258.png 1536w\" sizes=\"(max-width: 1756px) 100vw, 1756px\" \/>\t\t\t\t\t\t<\/div>\n\t\t\t\t\t\n\t\t\t\t\t\t\t\t\t\t<div class=\"elementor-testimonial-details\">\n\t\t\t\t\t\t\t\t\t\t\t\t\t\t<div class=\"elementor-testimonial-name\">Vanessa Vergara<\/div>\n\t\t\t\t\t\t\t\t\t\t\t\t\t\t\t\t\t\t\t\t\t\t<div class=\"elementor-testimonial-job\">Talent Manager at Parfums Christian Dior &amp; LVMH Beauty <\/div>\n\t\t\t\t\t\t\t\t\t\t\t\t\t<\/div>\n\t\t\t\t\t\t\t\t\t<\/div>\n\t\t\t<\/div>\n\t\t\t\t\t<\/div>\n\t\t\t\t\t\t<\/div>\n\t\t\t\t<\/div>\n\t\t\t\t<div class=\"elementor-element elementor-element-d569b43 elementor-widget elementor-widget-spacer\" data-id=\"d569b43\" data-element_type=\"widget\" data-e-type=\"widget\" data-widget_type=\"spacer.default\">\n\t\t\t\t<div class=\"elementor-widget-container\">\n\t\t\t\t\t\t\t<div class=\"elementor-spacer\">\n\t\t\t<div class=\"elementor-spacer-inner\"><\/div>\n\t\t<\/div>\n\t\t\t\t\t\t<\/div>\n\t\t\t\t<\/div>\n\t\t\t\t\t<\/div>\n\t\t<\/div>\n\t\t\t\t\t<\/div>\n\t\t<\/section>\n\t\t\t\t<\/div>\n\t\t","protected":false},"excerpt":{"rendered":"<p>\u00bfTienes un negocio o compa\u00f1\u00eda y est\u00e1s buscando brindar a tus empleados un espacio para que puedan ejercitarse y a la vez manejar la ansiedad o estr\u00e9s que puede traer la carga laboral? Hay muchos beneficios al ofrecer un programa de bienestar a los empleados: aumento en la productividad, disminuci\u00f3n en el ausentismo, mayor compromiso, [&hellip;]<\/p>\n","protected":false},"author":231,"featured_media":1277,"parent":0,"menu_order":0,"comment_status":"closed","ping_status":"closed","template":"elementor_header_footer","meta":{"footnotes":""},"class_list":["post-9985","page","type-page","status-publish","has-post-thumbnail","hentry"],"yoast_head":"<!-- This site is optimized with the Yoast SEO plugin v27.4 - https:\/\/yoast.com\/product\/yoast-seo-wordpress\/ -->\n<title>Yoga Corporativo para Empresas - Pia Yoga Online - Yoga para fortalecer mente y cuerpo<\/title>\n<meta name=\"robots\" content=\"index, follow, max-snippet:-1, max-image-preview:large, max-video-preview:-1\" \/>\n<link rel=\"canonical\" href=\"https:\/\/piayogaonline.com\/es\/yoga-corporativo-para-empresas\/\" \/>\n<meta property=\"og:locale\" content=\"es_ES\" \/>\n<meta property=\"og:type\" content=\"article\" \/>\n<meta property=\"og:title\" content=\"Yoga Corporativo para Empresas - Pia Yoga Online - Yoga para fortalecer mente y cuerpo\" \/>\n<meta property=\"og:description\" content=\"\u00bfTienes un negocio o compa\u00f1\u00eda y est\u00e1s buscando brindar a tus empleados un espacio para que puedan ejercitarse y a la vez manejar la ansiedad o estr\u00e9s que puede traer la carga laboral? Hay muchos beneficios al ofrecer un programa de bienestar a los empleados: aumento en la productividad, disminuci\u00f3n en el ausentismo, mayor compromiso, [&hellip;]\" \/>\n<meta property=\"og:url\" content=\"https:\/\/piayogaonline.com\/es\/yoga-corporativo-para-empresas\/\" \/>\n<meta property=\"og:site_name\" content=\"Pia Yoga Online - Yoga para fortalecer mente y cuerpo\" \/>\n<meta property=\"article:publisher\" content=\"https:\/\/www.facebook.com\/PiaYoga108\/\" \/>\n<meta property=\"article:modified_time\" content=\"2024-12-31T03:44:08+00:00\" \/>\n<meta property=\"og:image\" content=\"https:\/\/piayogaonline.com\/wp-content\/uploads\/2019\/12\/corporate-yoga-in-miami-by-pia-yoga.jpg\" \/>\n\t<meta property=\"og:image:width\" content=\"1500\" \/>\n\t<meta property=\"og:image:height\" content=\"945\" \/>\n\t<meta property=\"og:image:type\" content=\"image\/jpeg\" \/>\n<meta name=\"twitter:card\" content=\"summary_large_image\" \/>\n<meta name=\"twitter:label1\" content=\"Tiempo de lectura\" \/>\n\t<meta name=\"twitter:data1\" content=\"2 minutos\" \/>\n<script type=\"application\/ld+json\" class=\"yoast-schema-graph\">{\"@context\":\"https:\\\/\\\/schema.org\",\"@graph\":[{\"@type\":\"WebPage\",\"@id\":\"https:\\\/\\\/piayogaonline.com\\\/es\\\/yoga-corporativo-para-empresas\\\/\",\"url\":\"https:\\\/\\\/piayogaonline.com\\\/es\\\/yoga-corporativo-para-empresas\\\/\",\"name\":\"Yoga Corporativo para Empresas - Pia Yoga Online - Yoga para fortalecer mente y cuerpo\",\"isPartOf\":{\"@id\":\"https:\\\/\\\/piayogaonline.com\\\/es\\\/#website\"},\"primaryImageOfPage\":{\"@id\":\"https:\\\/\\\/piayogaonline.com\\\/es\\\/yoga-corporativo-para-empresas\\\/#primaryimage\"},\"image\":{\"@id\":\"https:\\\/\\\/piayogaonline.com\\\/es\\\/yoga-corporativo-para-empresas\\\/#primaryimage\"},\"thumbnailUrl\":\"https:\\\/\\\/piayogaonline.com\\\/wp-content\\\/uploads\\\/2019\\\/12\\\/corporate-yoga-in-miami-by-pia-yoga.jpg\",\"datePublished\":\"2023-03-22T02:48:06+00:00\",\"dateModified\":\"2024-12-31T03:44:08+00:00\",\"breadcrumb\":{\"@id\":\"https:\\\/\\\/piayogaonline.com\\\/es\\\/yoga-corporativo-para-empresas\\\/#breadcrumb\"},\"inLanguage\":\"es-CO\",\"potentialAction\":[{\"@type\":\"ReadAction\",\"target\":[\"https:\\\/\\\/piayogaonline.com\\\/es\\\/yoga-corporativo-para-empresas\\\/\"]}]},{\"@type\":\"ImageObject\",\"inLanguage\":\"es-CO\",\"@id\":\"https:\\\/\\\/piayogaonline.com\\\/es\\\/yoga-corporativo-para-empresas\\\/#primaryimage\",\"url\":\"https:\\\/\\\/piayogaonline.com\\\/wp-content\\\/uploads\\\/2019\\\/12\\\/corporate-yoga-in-miami-by-pia-yoga.jpg\",\"contentUrl\":\"https:\\\/\\\/piayogaonline.com\\\/wp-content\\\/uploads\\\/2019\\\/12\\\/corporate-yoga-in-miami-by-pia-yoga.jpg\",\"width\":1500,\"height\":945,\"caption\":\"Clase corporativa en oficina\"},{\"@type\":\"BreadcrumbList\",\"@id\":\"https:\\\/\\\/piayogaonline.com\\\/es\\\/yoga-corporativo-para-empresas\\\/#breadcrumb\",\"itemListElement\":[{\"@type\":\"ListItem\",\"position\":1,\"name\":\"Home\",\"item\":\"https:\\\/\\\/piayogaonline.com\\\/es\\\/\"},{\"@type\":\"ListItem\",\"position\":2,\"name\":\"Yoga Corporativo para Empresas\"}]},{\"@type\":\"WebSite\",\"@id\":\"https:\\\/\\\/piayogaonline.com\\\/es\\\/#website\",\"url\":\"https:\\\/\\\/piayogaonline.com\\\/es\\\/\",\"name\":\"Pia Yoga Online - Yoga para fortalecer mente y cuerpo\",\"description\":\"Clases de yoga online, videos y consejos para tu pr\u00e1ctica de yoga, enfocados en fortalecer mente y cuerpo. Tambi\u00e9n informaci\u00f3n sobre talleres, retiros de yoga y eventos especiales.\",\"potentialAction\":[{\"@type\":\"SearchAction\",\"target\":{\"@type\":\"EntryPoint\",\"urlTemplate\":\"https:\\\/\\\/piayogaonline.com\\\/es\\\/?s={search_term_string}\"},\"query-input\":{\"@type\":\"PropertyValueSpecification\",\"valueRequired\":true,\"valueName\":\"search_term_string\"}}],\"inLanguage\":\"es-CO\"}]}<\/script>\n<!-- \/ Yoast SEO plugin. -->","yoast_head_json":{"title":"Yoga Corporativo para Empresas - Pia Yoga Online - Yoga para fortalecer mente y cuerpo","robots":{"index":"index","follow":"follow","max-snippet":"max-snippet:-1","max-image-preview":"max-image-preview:large","max-video-preview":"max-video-preview:-1"},"canonical":"https:\/\/piayogaonline.com\/es\/yoga-corporativo-para-empresas\/","og_locale":"es_ES","og_type":"article","og_title":"Yoga Corporativo para Empresas - Pia Yoga Online - Yoga para fortalecer mente y cuerpo","og_description":"\u00bfTienes un negocio o compa\u00f1\u00eda y est\u00e1s buscando brindar a tus empleados un espacio para que puedan ejercitarse y a la vez manejar la ansiedad o estr\u00e9s que puede traer la carga laboral? Hay muchos beneficios al ofrecer un programa de bienestar a los empleados: aumento en la productividad, disminuci\u00f3n en el ausentismo, mayor compromiso, [&hellip;]","og_url":"https:\/\/piayogaonline.com\/es\/yoga-corporativo-para-empresas\/","og_site_name":"Pia Yoga Online - Yoga para fortalecer mente y cuerpo","article_publisher":"https:\/\/www.facebook.com\/PiaYoga108\/","article_modified_time":"2024-12-31T03:44:08+00:00","og_image":[{"width":1500,"height":945,"url":"https:\/\/piayogaonline.com\/wp-content\/uploads\/2019\/12\/corporate-yoga-in-miami-by-pia-yoga.jpg","type":"image\/jpeg"}],"twitter_card":"summary_large_image","twitter_misc":{"Tiempo de lectura":"2 minutos"},"schema":{"@context":"https:\/\/schema.org","@graph":[{"@type":"WebPage","@id":"https:\/\/piayogaonline.com\/es\/yoga-corporativo-para-empresas\/","url":"https:\/\/piayogaonline.com\/es\/yoga-corporativo-para-empresas\/","name":"Yoga Corporativo para Empresas - Pia Yoga Online - Yoga para fortalecer mente y cuerpo","isPartOf":{"@id":"https:\/\/piayogaonline.com\/es\/#website"},"primaryImageOfPage":{"@id":"https:\/\/piayogaonline.com\/es\/yoga-corporativo-para-empresas\/#primaryimage"},"image":{"@id":"https:\/\/piayogaonline.com\/es\/yoga-corporativo-para-empresas\/#primaryimage"},"thumbnailUrl":"https:\/\/piayogaonline.com\/wp-content\/uploads\/2019\/12\/corporate-yoga-in-miami-by-pia-yoga.jpg","datePublished":"2023-03-22T02:48:06+00:00","dateModified":"2024-12-31T03:44:08+00:00","breadcrumb":{"@id":"https:\/\/piayogaonline.com\/es\/yoga-corporativo-para-empresas\/#breadcrumb"},"inLanguage":"es-CO","potentialAction":[{"@type":"ReadAction","target":["https:\/\/piayogaonline.com\/es\/yoga-corporativo-para-empresas\/"]}]},{"@type":"ImageObject","inLanguage":"es-CO","@id":"https:\/\/piayogaonline.com\/es\/yoga-corporativo-para-empresas\/#primaryimage","url":"https:\/\/piayogaonline.com\/wp-content\/uploads\/2019\/12\/corporate-yoga-in-miami-by-pia-yoga.jpg","contentUrl":"https:\/\/piayogaonline.com\/wp-content\/uploads\/2019\/12\/corporate-yoga-in-miami-by-pia-yoga.jpg","width":1500,"height":945,"caption":"Clase corporativa en oficina"},{"@type":"BreadcrumbList","@id":"https:\/\/piayogaonline.com\/es\/yoga-corporativo-para-empresas\/#breadcrumb","itemListElement":[{"@type":"ListItem","position":1,"name":"Home","item":"https:\/\/piayogaonline.com\/es\/"},{"@type":"ListItem","position":2,"name":"Yoga Corporativo para Empresas"}]},{"@type":"WebSite","@id":"https:\/\/piayogaonline.com\/es\/#website","url":"https:\/\/piayogaonline.com\/es\/","name":"Pia Yoga Online - Yoga para fortalecer mente y cuerpo","description":"Clases de yoga online, videos y consejos para tu pr\u00e1ctica de yoga, enfocados en fortalecer mente y cuerpo. Tambi\u00e9n informaci\u00f3n sobre talleres, retiros de yoga y eventos especiales.","potentialAction":[{"@type":"SearchAction","target":{"@type":"EntryPoint","urlTemplate":"https:\/\/piayogaonline.com\/es\/?s={search_term_string}"},"query-input":{"@type":"PropertyValueSpecification","valueRequired":true,"valueName":"search_term_string"}}],"inLanguage":"es-CO"}]}},"_links":{"self":[{"href":"https:\/\/piayogaonline.com\/es\/wp-json\/wp\/v2\/pages\/9985","targetHints":{"allow":["GET"]}}],"collection":[{"href":"https:\/\/piayogaonline.com\/es\/wp-json\/wp\/v2\/pages"}],"about":[{"href":"https:\/\/piayogaonline.com\/es\/wp-json\/wp\/v2\/types\/page"}],"author":[{"embeddable":true,"href":"https:\/\/piayogaonline.com\/es\/wp-json\/wp\/v2\/users\/231"}],"replies":[{"embeddable":true,"href":"https:\/\/piayogaonline.com\/es\/wp-json\/wp\/v2\/comments?post=9985"}],"version-history":[{"count":3,"href":"https:\/\/piayogaonline.com\/es\/wp-json\/wp\/v2\/pages\/9985\/revisions"}],"predecessor-version":[{"id":12668,"href":"https:\/\/piayogaonline.com\/es\/wp-json\/wp\/v2\/pages\/9985\/revisions\/12668"}],"wp:featuredmedia":[{"embeddable":true,"href":"https:\/\/piayogaonline.com\/es\/wp-json\/wp\/v2\/media\/1277"}],"wp:attachment":[{"href":"https:\/\/piayogaonline.com\/es\/wp-json\/wp\/v2\/media?parent=9985"}],"curies":[{"name":"wp","href":"https:\/\/api.w.org\/{rel}","templated":true}]}}