{"id":9976,"date":"2023-03-21T22:42:04","date_gmt":"2023-03-22T02:42:04","guid":{"rendered":"https:\/\/piayogaonline.com\/?page_id=9976"},"modified":"2024-12-30T22:46:46","modified_gmt":"2024-12-31T03:46:46","slug":"talleres-e-inmersiones-de-yoga","status":"publish","type":"page","link":"https:\/\/piayogaonline.com\/es\/talleres-e-inmersiones-de-yoga\/","title":{"rendered":"Talleres e inmersiones de yoga"},"content":{"rendered":"\t\t<div data-elementor-type=\"wp-page\" data-elementor-id=\"9976\" class=\"elementor elementor-9976 elementor-9776\" data-elementor-post-type=\"page\">\n\t\t\t\t\t\t<section class=\"elementor-section elementor-top-section elementor-element elementor-element-247579d5 elementor-section-boxed elementor-section-height-default elementor-section-height-default\" data-id=\"247579d5\" data-element_type=\"section\" data-e-type=\"section\">\n\t\t\t\t\t\t<div class=\"elementor-container elementor-column-gap-default\">\n\t\t\t\t\t<div class=\"elementor-column elementor-col-100 elementor-top-column elementor-element elementor-element-6ac4b526\" data-id=\"6ac4b526\" data-element_type=\"column\" data-e-type=\"column\">\n\t\t\t<div class=\"elementor-widget-wrap elementor-element-populated\">\n\t\t\t\t\t\t<div class=\"elementor-element elementor-element-e9e9bd1 elementor-widget elementor-widget-text-editor\" data-id=\"e9e9bd1\" data-element_type=\"widget\" data-e-type=\"widget\" data-widget_type=\"text-editor.default\">\n\t\t\t\t<div class=\"elementor-widget-container\">\n\t\t\t\t\t\t\t\t\t<p>\u00a1Me encantan los talleres!\u00a0\ud83d\ude09\u00a0Junto con las clases privadas es la manera en que realmente se avanza en la pr\u00e1ctica de yoga.<\/p><p>Lidero intensivos o inmersiones de yoga as\u00ed como talleres para principiantes o practicantes avanzados: balances de brazos, aperturas de cadera, pranayama (respiraci\u00f3n), chakras, etc.<\/p>\t\t\t\t\t\t\t\t<\/div>\n\t\t\t\t<\/div>\n\t\t\t\t<div class=\"elementor-element elementor-element-6b3c0947 elementor-align-center elementor-widget elementor-widget-button\" data-id=\"6b3c0947\" data-element_type=\"widget\" data-e-type=\"widget\" data-widget_type=\"button.default\">\n\t\t\t\t<div class=\"elementor-widget-container\">\n\t\t\t\t\t\t\t\t\t<div class=\"elementor-button-wrapper\">\n\t\t\t\t\t<a class=\"elementor-button elementor-button-link elementor-size-sm\" href=\"mailto:piayogacontact@gmail.com\">\n\t\t\t\t\t\t<span class=\"elementor-button-content-wrapper\">\n\t\t\t\t\t\t\t\t\t<span class=\"elementor-button-text\">CONT\u00c1CTAME<\/span>\n\t\t\t\t\t<\/span>\n\t\t\t\t\t<\/a>\n\t\t\t\t<\/div>\n\t\t\t\t\t\t\t\t<\/div>\n\t\t\t\t<\/div>\n\t\t\t\t<div class=\"elementor-element elementor-element-5d2502d5 elementor-widget elementor-widget-image\" data-id=\"5d2502d5\" data-element_type=\"widget\" data-e-type=\"widget\" data-widget_type=\"image.default\">\n\t\t\t\t<div class=\"elementor-widget-container\">\n\t\t\t\t\t\t\t\t\t\t\t\t\t\t\t<img fetchpriority=\"high\" decoding=\"async\" width=\"800\" height=\"533\" src=\"https:\/\/piayogaonline.com\/wp-content\/uploads\/2019\/12\/yoga-workshops-and-immersions-in-miami.jpg\" class=\"attachment-large size-large wp-image-1279\" alt=\"\" srcset=\"https:\/\/piayogaonline.com\/wp-content\/uploads\/2019\/12\/yoga-workshops-and-immersions-in-miami.jpg 1500w, https:\/\/piayogaonline.com\/wp-content\/uploads\/2019\/12\/yoga-workshops-and-immersions-in-miami-600x400.jpg 600w\" sizes=\"(max-width: 800px) 100vw, 800px\" \/>\t\t\t\t\t\t\t\t\t\t\t\t\t\t\t<\/div>\n\t\t\t\t<\/div>\n\t\t\t\t\t<\/div>\n\t\t<\/div>\n\t\t\t\t\t<\/div>\n\t\t<\/section>\n\t\t\t\t<\/div>\n\t\t","protected":false},"excerpt":{"rendered":"<p>\u00a1Me encantan los talleres!\u00a0\ud83d\ude09\u00a0Junto con las clases privadas es la manera en que realmente se avanza en la pr\u00e1ctica de yoga. Lidero intensivos o inmersiones de yoga as\u00ed como talleres para principiantes o practicantes avanzados: balances de brazos, aperturas de cadera, pranayama (respiraci\u00f3n), chakras, etc. CONT\u00c1CTAME<\/p>\n","protected":false},"author":231,"featured_media":1301,"parent":0,"menu_order":0,"comment_status":"closed","ping_status":"closed","template":"","meta":{"footnotes":""},"class_list":["post-9976","page","type-page","status-publish","has-post-thumbnail","hentry"],"yoast_head":"<!-- This site is optimized with the Yoast SEO plugin v27.4 - https:\/\/yoast.com\/product\/yoast-seo-wordpress\/ -->\n<title>Talleres e inmersiones de yoga - Pia Yoga Online - Yoga para fortalecer mente y cuerpo<\/title>\n<meta name=\"robots\" content=\"index, follow, max-snippet:-1, max-image-preview:large, max-video-preview:-1\" \/>\n<link rel=\"canonical\" href=\"https:\/\/piayogaonline.com\/es\/talleres-e-inmersiones-de-yoga\/\" \/>\n<meta property=\"og:locale\" content=\"es_ES\" \/>\n<meta property=\"og:type\" content=\"article\" \/>\n<meta property=\"og:title\" content=\"Talleres e inmersiones de yoga - Pia Yoga Online - Yoga para fortalecer mente y cuerpo\" \/>\n<meta property=\"og:description\" content=\"\u00a1Me encantan los talleres!\u00a0\ud83d\ude09\u00a0Junto con las clases privadas es la manera en que realmente se avanza en la pr\u00e1ctica de yoga. Lidero intensivos o inmersiones de yoga as\u00ed como talleres para principiantes o practicantes avanzados: balances de brazos, aperturas de cadera, pranayama (respiraci\u00f3n), chakras, etc. CONT\u00c1CTAME\" \/>\n<meta property=\"og:url\" content=\"https:\/\/piayogaonline.com\/es\/talleres-e-inmersiones-de-yoga\/\" \/>\n<meta property=\"og:site_name\" content=\"Pia Yoga Online - Yoga para fortalecer mente y cuerpo\" \/>\n<meta property=\"article:publisher\" content=\"https:\/\/www.facebook.com\/PiaYoga108\/\" \/>\n<meta property=\"article:modified_time\" content=\"2024-12-31T03:46:46+00:00\" \/>\n<meta property=\"og:image\" content=\"https:\/\/piayogaonline.com\/wp-content\/uploads\/2020\/01\/yoga-workshops-in-miami-and-colombia.jpg\" \/>\n\t<meta property=\"og:image:width\" content=\"1500\" \/>\n\t<meta property=\"og:image:height\" content=\"1076\" \/>\n\t<meta property=\"og:image:type\" content=\"image\/jpeg\" \/>\n<meta name=\"twitter:card\" content=\"summary_large_image\" \/>\n<meta name=\"twitter:label1\" content=\"Tiempo de lectura\" \/>\n\t<meta name=\"twitter:data1\" content=\"1 minuto\" \/>\n<script type=\"application\/ld+json\" class=\"yoast-schema-graph\">{\"@context\":\"https:\\\/\\\/schema.org\",\"@graph\":[{\"@type\":\"WebPage\",\"@id\":\"https:\\\/\\\/piayogaonline.com\\\/es\\\/talleres-e-inmersiones-de-yoga\\\/\",\"url\":\"https:\\\/\\\/piayogaonline.com\\\/es\\\/talleres-e-inmersiones-de-yoga\\\/\",\"name\":\"Talleres e inmersiones de yoga - Pia Yoga Online - Yoga para fortalecer mente y cuerpo\",\"isPartOf\":{\"@id\":\"https:\\\/\\\/piayogaonline.com\\\/es\\\/#website\"},\"primaryImageOfPage\":{\"@id\":\"https:\\\/\\\/piayogaonline.com\\\/es\\\/talleres-e-inmersiones-de-yoga\\\/#primaryimage\"},\"image\":{\"@id\":\"https:\\\/\\\/piayogaonline.com\\\/es\\\/talleres-e-inmersiones-de-yoga\\\/#primaryimage\"},\"thumbnailUrl\":\"https:\\\/\\\/piayogaonline.com\\\/wp-content\\\/uploads\\\/2020\\\/01\\\/yoga-workshops-in-miami-and-colombia.jpg\",\"datePublished\":\"2023-03-22T02:42:04+00:00\",\"dateModified\":\"2024-12-31T03:46:46+00:00\",\"breadcrumb\":{\"@id\":\"https:\\\/\\\/piayogaonline.com\\\/es\\\/talleres-e-inmersiones-de-yoga\\\/#breadcrumb\"},\"inLanguage\":\"es-CO\",\"potentialAction\":[{\"@type\":\"ReadAction\",\"target\":[\"https:\\\/\\\/piayogaonline.com\\\/es\\\/talleres-e-inmersiones-de-yoga\\\/\"]}]},{\"@type\":\"ImageObject\",\"inLanguage\":\"es-CO\",\"@id\":\"https:\\\/\\\/piayogaonline.com\\\/es\\\/talleres-e-inmersiones-de-yoga\\\/#primaryimage\",\"url\":\"https:\\\/\\\/piayogaonline.com\\\/wp-content\\\/uploads\\\/2020\\\/01\\\/yoga-workshops-in-miami-and-colombia.jpg\",\"contentUrl\":\"https:\\\/\\\/piayogaonline.com\\\/wp-content\\\/uploads\\\/2020\\\/01\\\/yoga-workshops-in-miami-and-colombia.jpg\",\"width\":1500,\"height\":1076},{\"@type\":\"BreadcrumbList\",\"@id\":\"https:\\\/\\\/piayogaonline.com\\\/es\\\/talleres-e-inmersiones-de-yoga\\\/#breadcrumb\",\"itemListElement\":[{\"@type\":\"ListItem\",\"position\":1,\"name\":\"Home\",\"item\":\"https:\\\/\\\/piayogaonline.com\\\/es\\\/\"},{\"@type\":\"ListItem\",\"position\":2,\"name\":\"Talleres e inmersiones de yoga\"}]},{\"@type\":\"WebSite\",\"@id\":\"https:\\\/\\\/piayogaonline.com\\\/es\\\/#website\",\"url\":\"https:\\\/\\\/piayogaonline.com\\\/es\\\/\",\"name\":\"Pia Yoga Online - Yoga para fortalecer mente y cuerpo\",\"description\":\"Clases de yoga online, videos y consejos para tu pr\u00e1ctica de yoga, enfocados en fortalecer mente y cuerpo. Tambi\u00e9n informaci\u00f3n sobre talleres, retiros de yoga y eventos especiales.\",\"potentialAction\":[{\"@type\":\"SearchAction\",\"target\":{\"@type\":\"EntryPoint\",\"urlTemplate\":\"https:\\\/\\\/piayogaonline.com\\\/es\\\/?s={search_term_string}\"},\"query-input\":{\"@type\":\"PropertyValueSpecification\",\"valueRequired\":true,\"valueName\":\"search_term_string\"}}],\"inLanguage\":\"es-CO\"}]}<\/script>\n<!-- \/ Yoast SEO plugin. -->","yoast_head_json":{"title":"Talleres e inmersiones de yoga - Pia Yoga Online - Yoga para fortalecer mente y cuerpo","robots":{"index":"index","follow":"follow","max-snippet":"max-snippet:-1","max-image-preview":"max-image-preview:large","max-video-preview":"max-video-preview:-1"},"canonical":"https:\/\/piayogaonline.com\/es\/talleres-e-inmersiones-de-yoga\/","og_locale":"es_ES","og_type":"article","og_title":"Talleres e inmersiones de yoga - Pia Yoga Online - Yoga para fortalecer mente y cuerpo","og_description":"\u00a1Me encantan los talleres!\u00a0\ud83d\ude09\u00a0Junto con las clases privadas es la manera en que realmente se avanza en la pr\u00e1ctica de yoga. Lidero intensivos o inmersiones de yoga as\u00ed como talleres para principiantes o practicantes avanzados: balances de brazos, aperturas de cadera, pranayama (respiraci\u00f3n), chakras, etc. CONT\u00c1CTAME","og_url":"https:\/\/piayogaonline.com\/es\/talleres-e-inmersiones-de-yoga\/","og_site_name":"Pia Yoga Online - Yoga para fortalecer mente y cuerpo","article_publisher":"https:\/\/www.facebook.com\/PiaYoga108\/","article_modified_time":"2024-12-31T03:46:46+00:00","og_image":[{"width":1500,"height":1076,"url":"https:\/\/piayogaonline.com\/wp-content\/uploads\/2020\/01\/yoga-workshops-in-miami-and-colombia.jpg","type":"image\/jpeg"}],"twitter_card":"summary_large_image","twitter_misc":{"Tiempo de lectura":"1 minuto"},"schema":{"@context":"https:\/\/schema.org","@graph":[{"@type":"WebPage","@id":"https:\/\/piayogaonline.com\/es\/talleres-e-inmersiones-de-yoga\/","url":"https:\/\/piayogaonline.com\/es\/talleres-e-inmersiones-de-yoga\/","name":"Talleres e inmersiones de yoga - Pia Yoga Online - Yoga para fortalecer mente y cuerpo","isPartOf":{"@id":"https:\/\/piayogaonline.com\/es\/#website"},"primaryImageOfPage":{"@id":"https:\/\/piayogaonline.com\/es\/talleres-e-inmersiones-de-yoga\/#primaryimage"},"image":{"@id":"https:\/\/piayogaonline.com\/es\/talleres-e-inmersiones-de-yoga\/#primaryimage"},"thumbnailUrl":"https:\/\/piayogaonline.com\/wp-content\/uploads\/2020\/01\/yoga-workshops-in-miami-and-colombia.jpg","datePublished":"2023-03-22T02:42:04+00:00","dateModified":"2024-12-31T03:46:46+00:00","breadcrumb":{"@id":"https:\/\/piayogaonline.com\/es\/talleres-e-inmersiones-de-yoga\/#breadcrumb"},"inLanguage":"es-CO","potentialAction":[{"@type":"ReadAction","target":["https:\/\/piayogaonline.com\/es\/talleres-e-inmersiones-de-yoga\/"]}]},{"@type":"ImageObject","inLanguage":"es-CO","@id":"https:\/\/piayogaonline.com\/es\/talleres-e-inmersiones-de-yoga\/#primaryimage","url":"https:\/\/piayogaonline.com\/wp-content\/uploads\/2020\/01\/yoga-workshops-in-miami-and-colombia.jpg","contentUrl":"https:\/\/piayogaonline.com\/wp-content\/uploads\/2020\/01\/yoga-workshops-in-miami-and-colombia.jpg","width":1500,"height":1076},{"@type":"BreadcrumbList","@id":"https:\/\/piayogaonline.com\/es\/talleres-e-inmersiones-de-yoga\/#breadcrumb","itemListElement":[{"@type":"ListItem","position":1,"name":"Home","item":"https:\/\/piayogaonline.com\/es\/"},{"@type":"ListItem","position":2,"name":"Talleres e inmersiones de yoga"}]},{"@type":"WebSite","@id":"https:\/\/piayogaonline.com\/es\/#website","url":"https:\/\/piayogaonline.com\/es\/","name":"Pia Yoga Online - Yoga para fortalecer mente y cuerpo","description":"Clases de yoga online, videos y consejos para tu pr\u00e1ctica de yoga, enfocados en fortalecer mente y cuerpo. Tambi\u00e9n informaci\u00f3n sobre talleres, retiros de yoga y eventos especiales.","potentialAction":[{"@type":"SearchAction","target":{"@type":"EntryPoint","urlTemplate":"https:\/\/piayogaonline.com\/es\/?s={search_term_string}"},"query-input":{"@type":"PropertyValueSpecification","valueRequired":true,"valueName":"search_term_string"}}],"inLanguage":"es-CO"}]}},"_links":{"self":[{"href":"https:\/\/piayogaonline.com\/es\/wp-json\/wp\/v2\/pages\/9976","targetHints":{"allow":["GET"]}}],"collection":[{"href":"https:\/\/piayogaonline.com\/es\/wp-json\/wp\/v2\/pages"}],"about":[{"href":"https:\/\/piayogaonline.com\/es\/wp-json\/wp\/v2\/types\/page"}],"author":[{"embeddable":true,"href":"https:\/\/piayogaonline.com\/es\/wp-json\/wp\/v2\/users\/231"}],"replies":[{"embeddable":true,"href":"https:\/\/piayogaonline.com\/es\/wp-json\/wp\/v2\/comments?post=9976"}],"version-history":[{"count":4,"href":"https:\/\/piayogaonline.com\/es\/wp-json\/wp\/v2\/pages\/9976\/revisions"}],"predecessor-version":[{"id":12689,"href":"https:\/\/piayogaonline.com\/es\/wp-json\/wp\/v2\/pages\/9976\/revisions\/12689"}],"wp:featuredmedia":[{"embeddable":true,"href":"https:\/\/piayogaonline.com\/es\/wp-json\/wp\/v2\/media\/1301"}],"wp:attachment":[{"href":"https:\/\/piayogaonline.com\/es\/wp-json\/wp\/v2\/media?parent=9976"}],"curies":[{"name":"wp","href":"https:\/\/api.w.org\/{rel}","templated":true}]}}