{"id":6603,"date":"2021-07-12T16:49:20","date_gmt":"2021-07-12T20:49:20","guid":{"rendered":"https:\/\/piayogaonline.com\/?page_id=6603"},"modified":"2024-12-30T22:46:45","modified_gmt":"2024-12-31T03:46:45","slug":"clase-de-yoga-con-pia-yoga","status":"publish","type":"page","link":"https:\/\/piayogaonline.com\/es\/clase-de-yoga-con-pia-yoga\/","title":{"rendered":"Tu clase de yoga con @Pia_Yoga"},"content":{"rendered":"\t\t<div data-elementor-type=\"wp-page\" data-elementor-id=\"6603\" class=\"elementor elementor-6603 elementor-6080\" data-elementor-post-type=\"page\">\n\t\t\t\t\t\t<section class=\"elementor-section elementor-top-section elementor-element elementor-element-7562558 elementor-section-boxed elementor-section-height-default elementor-section-height-default\" data-id=\"7562558\" data-element_type=\"section\" data-e-type=\"section\">\n\t\t\t\t\t\t<div class=\"elementor-container elementor-column-gap-default\">\n\t\t\t\t\t<div class=\"elementor-column elementor-col-100 elementor-top-column elementor-element elementor-element-1761cb2\" data-id=\"1761cb2\" data-element_type=\"column\" data-e-type=\"column\">\n\t\t\t<div class=\"elementor-widget-wrap elementor-element-populated\">\n\t\t\t\t\t\t<div class=\"elementor-element elementor-element-fbb97f3 elementor-widget elementor-widget-text-editor\" data-id=\"fbb97f3\" data-element_type=\"widget\" data-e-type=\"widget\" data-widget_type=\"text-editor.default\">\n\t\t\t\t<div class=\"elementor-widget-container\">\n\t\t\t\t\t\t\t\t\t<p>Listo para tomar tu clase? Ser\u00e1n 26 minutos de pr\u00e1ctica. Alista tu esterilla de yoga y bloques si tienes.&nbsp;<\/p>\n<p>Nota: Esta no es una clase del&nbsp;<a href=\"https:\/\/piayogaonline.com\/es\/curso-de-yoga-online\/\" target=\"_blank\">Curso de Yoga Online<\/a>, pero te dar\u00e1 una idea de c\u00f3mo son las clases conmigo!<\/p>\n<p>Si no est\u00e1s listo para realizarla a\u00fan, pronto recibir\u00e1s un e-mail con el enlace para que accedas.<\/p>\t\t\t\t\t\t\t\t<\/div>\n\t\t\t\t<\/div>\n\t\t\t\t\t<\/div>\n\t\t<\/div>\n\t\t\t\t\t<\/div>\n\t\t<\/section>\n\t\t\t\t<section class=\"elementor-section elementor-top-section elementor-element elementor-element-97fbd5e elementor-section-boxed elementor-section-height-default elementor-section-height-default\" data-id=\"97fbd5e\" data-element_type=\"section\" data-e-type=\"section\">\n\t\t\t\t\t\t<div class=\"elementor-container elementor-column-gap-default\">\n\t\t\t\t\t<div class=\"elementor-column elementor-col-100 elementor-top-column elementor-element elementor-element-5fd9623\" data-id=\"5fd9623\" data-element_type=\"column\" data-e-type=\"column\">\n\t\t\t<div class=\"elementor-widget-wrap elementor-element-populated\">\n\t\t\t\t\t\t<div class=\"elementor-element elementor-element-fa05aa6 elementor-widget elementor-widget-video\" data-id=\"fa05aa6\" data-element_type=\"widget\" data-e-type=\"widget\" data-settings=\"{&quot;video_type&quot;:&quot;vimeo&quot;}\" data-widget_type=\"video.default\">\n\t\t\t\t<div class=\"elementor-widget-container\">\n\t\t\t\t\t\t\t<div class=\"elementor-wrapper elementor-open-inline\">\n\t\t\t<iframe class=\"elementor-video-iframe\" allowfullscreen allow=\"clipboard-write\" title=\"Reproductor de v\u00eddeo vimeo\" src=\"https:\/\/player.vimeo.com\/video\/560504052?color&amp;autopause=0&amp;loop=0&amp;muted=0&amp;title=1&amp;portrait=1&amp;byline=1&amp;h=f8f2be46f9#t=\"><\/iframe>\t\t<\/div>\n\t\t\t\t\t\t<\/div>\n\t\t\t\t<\/div>\n\t\t\t\t<div class=\"elementor-element elementor-element-aca9155 elementor-widget elementor-widget-spacer\" data-id=\"aca9155\" data-element_type=\"widget\" data-e-type=\"widget\" data-widget_type=\"spacer.default\">\n\t\t\t\t<div class=\"elementor-widget-container\">\n\t\t\t\t\t\t\t<div class=\"elementor-spacer\">\n\t\t\t<div class=\"elementor-spacer-inner\"><\/div>\n\t\t<\/div>\n\t\t\t\t\t\t<\/div>\n\t\t\t\t<\/div>\n\t\t\t\t<div class=\"elementor-element elementor-element-94ef506 elementor-widget elementor-widget-text-editor\" data-id=\"94ef506\" data-element_type=\"widget\" data-e-type=\"widget\" data-widget_type=\"text-editor.default\">\n\t\t\t\t<div class=\"elementor-widget-container\">\n\t\t\t\t\t\t\t\t\t<p>Si est\u00e1s listo para aprender mucho m\u00e1s sobre y realmente avanzar en tu pr\u00e1ctica de yoga tanto f\u00edsica como mentalmente te invito a revisar mi\u00a0<a href=\"https:\/\/piayogaonline.com\/es\/curso-de-yoga-online\/\" target=\"_blank\" rel=\"noopener\">Curso de Yoga Online<\/a>, al que tendr\u00e1s acceso por 3 meses y con el que recibir\u00e1s muchos bonos gratuitos incluyendo clases en vivo conmigo!<\/p>\t\t\t\t\t\t\t\t<\/div>\n\t\t\t\t<\/div>\n\t\t\t\t<div class=\"elementor-element elementor-element-31f325b elementor-align-center elementor-widget elementor-widget-button\" data-id=\"31f325b\" data-element_type=\"widget\" data-e-type=\"widget\" data-widget_type=\"button.default\">\n\t\t\t\t<div class=\"elementor-widget-container\">\n\t\t\t\t\t\t\t\t\t<div class=\"elementor-button-wrapper\">\n\t\t\t\t\t<a class=\"elementor-button elementor-button-link elementor-size-sm\" href=\"https:\/\/piayogaonline.com\/es\/curso-de-yoga-online\/\">\n\t\t\t\t\t\t<span class=\"elementor-button-content-wrapper\">\n\t\t\t\t\t\t\t\t\t<span class=\"elementor-button-text\">\u00a1QUIERO APRENDER M\u00c1S!<\/span>\n\t\t\t\t\t<\/span>\n\t\t\t\t\t<\/a>\n\t\t\t\t<\/div>\n\t\t\t\t\t\t\t\t<\/div>\n\t\t\t\t<\/div>\n\t\t\t\t<div class=\"elementor-element elementor-element-3926c79 elementor-widget elementor-widget-spacer\" data-id=\"3926c79\" data-element_type=\"widget\" data-e-type=\"widget\" data-widget_type=\"spacer.default\">\n\t\t\t\t<div class=\"elementor-widget-container\">\n\t\t\t\t\t\t\t<div class=\"elementor-spacer\">\n\t\t\t<div class=\"elementor-spacer-inner\"><\/div>\n\t\t<\/div>\n\t\t\t\t\t\t<\/div>\n\t\t\t\t<\/div>\n\t\t\t\t\t<\/div>\n\t\t<\/div>\n\t\t\t\t\t<\/div>\n\t\t<\/section>\n\t\t\t\t<\/div>\n\t\t","protected":false},"excerpt":{"rendered":"<p>Listo para tomar tu clase? Ser\u00e1n 26 minutos de pr\u00e1ctica. Alista tu esterilla de yoga y bloques si tienes.&nbsp; Nota: Esta no es una clase del&nbsp;Curso de Yoga Online, pero te dar\u00e1 una idea de c\u00f3mo son las clases conmigo! Si no est\u00e1s listo para realizarla a\u00fan, pronto recibir\u00e1s un e-mail con el enlace para [&hellip;]<\/p>\n","protected":false},"author":231,"featured_media":0,"parent":0,"menu_order":0,"comment_status":"closed","ping_status":"closed","template":"","meta":{"footnotes":""},"class_list":["post-6603","page","type-page","status-publish","hentry"],"yoast_head":"<!-- This site is optimized with the Yoast SEO plugin v27.5 - https:\/\/yoast.com\/product\/yoast-seo-wordpress\/ -->\n<title>Tu clase de yoga con @Pia_Yoga - Pia Yoga Online - Yoga para fortalecer mente y cuerpo<\/title>\n<meta name=\"robots\" content=\"index, follow, max-snippet:-1, max-image-preview:large, max-video-preview:-1\" \/>\n<link rel=\"canonical\" href=\"https:\/\/piayogaonline.com\/es\/clase-de-yoga-con-pia-yoga\/\" \/>\n<meta property=\"og:locale\" content=\"es_ES\" \/>\n<meta property=\"og:type\" content=\"article\" \/>\n<meta property=\"og:title\" content=\"Tu clase de yoga con @Pia_Yoga - Pia Yoga Online - Yoga para fortalecer mente y cuerpo\" \/>\n<meta property=\"og:description\" content=\"Listo para tomar tu clase? Ser\u00e1n 26 minutos de pr\u00e1ctica. Alista tu esterilla de yoga y bloques si tienes.&nbsp; Nota: Esta no es una clase del&nbsp;Curso de Yoga Online, pero te dar\u00e1 una idea de c\u00f3mo son las clases conmigo! Si no est\u00e1s listo para realizarla a\u00fan, pronto recibir\u00e1s un e-mail con el enlace para [&hellip;]\" \/>\n<meta property=\"og:url\" content=\"https:\/\/piayogaonline.com\/es\/clase-de-yoga-con-pia-yoga\/\" \/>\n<meta property=\"og:site_name\" content=\"Pia Yoga Online - Yoga para fortalecer mente y cuerpo\" \/>\n<meta property=\"article:publisher\" content=\"https:\/\/www.facebook.com\/PiaYoga108\/\" \/>\n<meta property=\"article:modified_time\" content=\"2024-12-31T03:46:45+00:00\" \/>\n<meta property=\"og:image\" content=\"https:\/\/piayogaonline.com\/wp-content\/uploads\/2019\/12\/pia-yoga-miami-and-colombia.jpg\" \/>\n\t<meta property=\"og:image:width\" content=\"1800\" \/>\n\t<meta property=\"og:image:height\" content=\"1200\" \/>\n\t<meta property=\"og:image:type\" content=\"image\/jpeg\" \/>\n<meta name=\"twitter:card\" content=\"summary_large_image\" \/>\n<meta name=\"twitter:label1\" content=\"Tiempo de lectura\" \/>\n\t<meta name=\"twitter:data1\" content=\"1 minuto\" \/>\n<script type=\"application\/ld+json\" class=\"yoast-schema-graph\">{\"@context\":\"https:\\\/\\\/schema.org\",\"@graph\":[{\"@type\":\"WebPage\",\"@id\":\"https:\\\/\\\/piayogaonline.com\\\/es\\\/clase-de-yoga-con-pia-yoga\\\/\",\"url\":\"https:\\\/\\\/piayogaonline.com\\\/es\\\/clase-de-yoga-con-pia-yoga\\\/\",\"name\":\"Tu clase de yoga con @Pia_Yoga - Pia Yoga Online - Yoga para fortalecer mente y cuerpo\",\"isPartOf\":{\"@id\":\"https:\\\/\\\/piayogaonline.com\\\/es\\\/#website\"},\"datePublished\":\"2021-07-12T20:49:20+00:00\",\"dateModified\":\"2024-12-31T03:46:45+00:00\",\"breadcrumb\":{\"@id\":\"https:\\\/\\\/piayogaonline.com\\\/es\\\/clase-de-yoga-con-pia-yoga\\\/#breadcrumb\"},\"inLanguage\":\"es-CO\",\"potentialAction\":[{\"@type\":\"ReadAction\",\"target\":[\"https:\\\/\\\/piayogaonline.com\\\/es\\\/clase-de-yoga-con-pia-yoga\\\/\"]}]},{\"@type\":\"BreadcrumbList\",\"@id\":\"https:\\\/\\\/piayogaonline.com\\\/es\\\/clase-de-yoga-con-pia-yoga\\\/#breadcrumb\",\"itemListElement\":[{\"@type\":\"ListItem\",\"position\":1,\"name\":\"Home\",\"item\":\"https:\\\/\\\/piayogaonline.com\\\/es\\\/\"},{\"@type\":\"ListItem\",\"position\":2,\"name\":\"Tu clase de yoga con @Pia_Yoga\"}]},{\"@type\":\"WebSite\",\"@id\":\"https:\\\/\\\/piayogaonline.com\\\/es\\\/#website\",\"url\":\"https:\\\/\\\/piayogaonline.com\\\/es\\\/\",\"name\":\"Pia Yoga Online - Yoga para fortalecer mente y cuerpo\",\"description\":\"Clases de yoga online, videos y consejos para tu pr\u00e1ctica de yoga, enfocados en fortalecer mente y cuerpo. Tambi\u00e9n informaci\u00f3n sobre talleres, retiros de yoga y eventos especiales.\",\"potentialAction\":[{\"@type\":\"SearchAction\",\"target\":{\"@type\":\"EntryPoint\",\"urlTemplate\":\"https:\\\/\\\/piayogaonline.com\\\/es\\\/?s={search_term_string}\"},\"query-input\":{\"@type\":\"PropertyValueSpecification\",\"valueRequired\":true,\"valueName\":\"search_term_string\"}}],\"inLanguage\":\"es-CO\"}]}<\/script>\n<!-- \/ Yoast SEO plugin. -->","yoast_head_json":{"title":"Tu clase de yoga con @Pia_Yoga - Pia Yoga Online - Yoga para fortalecer mente y cuerpo","robots":{"index":"index","follow":"follow","max-snippet":"max-snippet:-1","max-image-preview":"max-image-preview:large","max-video-preview":"max-video-preview:-1"},"canonical":"https:\/\/piayogaonline.com\/es\/clase-de-yoga-con-pia-yoga\/","og_locale":"es_ES","og_type":"article","og_title":"Tu clase de yoga con @Pia_Yoga - Pia Yoga Online - Yoga para fortalecer mente y cuerpo","og_description":"Listo para tomar tu clase? Ser\u00e1n 26 minutos de pr\u00e1ctica. Alista tu esterilla de yoga y bloques si tienes.&nbsp; Nota: Esta no es una clase del&nbsp;Curso de Yoga Online, pero te dar\u00e1 una idea de c\u00f3mo son las clases conmigo! Si no est\u00e1s listo para realizarla a\u00fan, pronto recibir\u00e1s un e-mail con el enlace para [&hellip;]","og_url":"https:\/\/piayogaonline.com\/es\/clase-de-yoga-con-pia-yoga\/","og_site_name":"Pia Yoga Online - Yoga para fortalecer mente y cuerpo","article_publisher":"https:\/\/www.facebook.com\/PiaYoga108\/","article_modified_time":"2024-12-31T03:46:45+00:00","og_image":[{"width":1800,"height":1200,"url":"https:\/\/piayogaonline.com\/wp-content\/uploads\/2019\/12\/pia-yoga-miami-and-colombia.jpg","type":"image\/jpeg"}],"twitter_card":"summary_large_image","twitter_misc":{"Tiempo de lectura":"1 minuto"},"schema":{"@context":"https:\/\/schema.org","@graph":[{"@type":"WebPage","@id":"https:\/\/piayogaonline.com\/es\/clase-de-yoga-con-pia-yoga\/","url":"https:\/\/piayogaonline.com\/es\/clase-de-yoga-con-pia-yoga\/","name":"Tu clase de yoga con @Pia_Yoga - Pia Yoga Online - Yoga para fortalecer mente y cuerpo","isPartOf":{"@id":"https:\/\/piayogaonline.com\/es\/#website"},"datePublished":"2021-07-12T20:49:20+00:00","dateModified":"2024-12-31T03:46:45+00:00","breadcrumb":{"@id":"https:\/\/piayogaonline.com\/es\/clase-de-yoga-con-pia-yoga\/#breadcrumb"},"inLanguage":"es-CO","potentialAction":[{"@type":"ReadAction","target":["https:\/\/piayogaonline.com\/es\/clase-de-yoga-con-pia-yoga\/"]}]},{"@type":"BreadcrumbList","@id":"https:\/\/piayogaonline.com\/es\/clase-de-yoga-con-pia-yoga\/#breadcrumb","itemListElement":[{"@type":"ListItem","position":1,"name":"Home","item":"https:\/\/piayogaonline.com\/es\/"},{"@type":"ListItem","position":2,"name":"Tu clase de yoga con @Pia_Yoga"}]},{"@type":"WebSite","@id":"https:\/\/piayogaonline.com\/es\/#website","url":"https:\/\/piayogaonline.com\/es\/","name":"Pia Yoga Online - Yoga para fortalecer mente y cuerpo","description":"Clases de yoga online, videos y consejos para tu pr\u00e1ctica de yoga, enfocados en fortalecer mente y cuerpo. Tambi\u00e9n informaci\u00f3n sobre talleres, retiros de yoga y eventos especiales.","potentialAction":[{"@type":"SearchAction","target":{"@type":"EntryPoint","urlTemplate":"https:\/\/piayogaonline.com\/es\/?s={search_term_string}"},"query-input":{"@type":"PropertyValueSpecification","valueRequired":true,"valueName":"search_term_string"}}],"inLanguage":"es-CO"}]}},"_links":{"self":[{"href":"https:\/\/piayogaonline.com\/es\/wp-json\/wp\/v2\/pages\/6603","targetHints":{"allow":["GET"]}}],"collection":[{"href":"https:\/\/piayogaonline.com\/es\/wp-json\/wp\/v2\/pages"}],"about":[{"href":"https:\/\/piayogaonline.com\/es\/wp-json\/wp\/v2\/types\/page"}],"author":[{"embeddable":true,"href":"https:\/\/piayogaonline.com\/es\/wp-json\/wp\/v2\/users\/231"}],"replies":[{"embeddable":true,"href":"https:\/\/piayogaonline.com\/es\/wp-json\/wp\/v2\/comments?post=6603"}],"version-history":[{"count":3,"href":"https:\/\/piayogaonline.com\/es\/wp-json\/wp\/v2\/pages\/6603\/revisions"}],"predecessor-version":[{"id":12686,"href":"https:\/\/piayogaonline.com\/es\/wp-json\/wp\/v2\/pages\/6603\/revisions\/12686"}],"wp:attachment":[{"href":"https:\/\/piayogaonline.com\/es\/wp-json\/wp\/v2\/media?parent=6603"}],"curies":[{"name":"wp","href":"https:\/\/api.w.org\/{rel}","templated":true}]}}