{"id":1409,"date":"2020-05-25T23:46:25","date_gmt":"2020-05-25T23:46:25","guid":{"rendered":"https:\/\/piayogaonline.com\/?page_id=1409"},"modified":"2021-07-21T13:00:19","modified_gmt":"2021-07-21T17:00:19","slug":"contactame","status":"publish","type":"page","link":"https:\/\/piayogaonline.com\/es\/contactame\/","title":{"rendered":"Cont\u00e1ctame"},"content":{"rendered":"\n<div class=\"wp-block-columns is-layout-flex wp-container-core-columns-is-layout-28f84493 wp-block-columns-is-layout-flex\">\n<div class=\"wp-block-column is-layout-flow wp-block-column-is-layout-flow\">\n<figure class=\"wp-block-image size-large is-style-rounded\"><img decoding=\"async\" src=\"https:\/\/piayogaonline.com\/wp-content\/uploads\/2019\/12\/Claudia-Pia-Yoga-Miami.jpg\" alt=\"\"\/><\/figure>\n<\/div>\n\n\n\n<div class=\"wp-block-column is-layout-flow wp-block-column-is-layout-flow\">\n<p>Preguntas, dudas, pensando en organizar alg\u00fan evento o simplemente me quieres enviar una nota de motivaci\u00f3n? \ud83d\ude42<\/p>\n\n\n\n<p>La mejor forma de contactarme es a trav\u00e9s de mi email:\u00a0<a href=\"mailto:info@piayogaonline.com\" target=\"_blank\" rel=\"noreferrer noopener\">info@piayogaonline.com<\/a><\/p>\n\n\n\n<p>O a trav\u00e9s de las redes sociales!:<\/p>\n\n\n\n<p>IG:&nbsp;<a href=\"https:\/\/www.instagram.com\/pia_yoga\/\" target=\"_blank\" rel=\"noreferrer noopener\">@Pia_yoga<\/a><\/p>\n\n\n\n<p>YouTube:&nbsp;<a href=\"https:\/\/www.youtube.com\/piayoga\" target=\"_blank\" rel=\"noreferrer noopener\">@Piayoga<\/a><\/p>\n\n\n\n<p>FB:&nbsp;<a href=\"https:\/\/www.facebook.com\/PiaYoga108\/\" target=\"_blank\" rel=\"noreferrer noopener\">@Piayoga108<\/a><\/p>\n<\/div>\n<\/div>\n","protected":false},"excerpt":{"rendered":"<p>Preguntas, dudas, pensando en organizar alg\u00fan evento o simplemente me quieres enviar una nota de motivaci\u00f3n? \ud83d\ude42 La mejor forma de contactarme es a trav\u00e9s de mi email:\u00a0info@piayogaonline.com O a trav\u00e9s de las redes sociales!: IG:&nbsp;@Pia_yoga YouTube:&nbsp;@Piayoga FB:&nbsp;@Piayoga108<\/p>\n","protected":false},"author":231,"featured_media":0,"parent":0,"menu_order":0,"comment_status":"closed","ping_status":"closed","template":"","meta":{"footnotes":""},"class_list":["post-1409","page","type-page","status-publish","hentry"],"yoast_head":"<!-- This site is optimized with the Yoast SEO plugin v27.4 - https:\/\/yoast.com\/product\/yoast-seo-wordpress\/ -->\n<title>Cont\u00e1ctame - Pia Yoga Online - Yoga para fortalecer mente y cuerpo<\/title>\n<meta name=\"robots\" content=\"index, follow, max-snippet:-1, max-image-preview:large, max-video-preview:-1\" \/>\n<link rel=\"canonical\" href=\"https:\/\/piayogaonline.com\/es\/contactame\/\" \/>\n<meta property=\"og:locale\" content=\"es_ES\" \/>\n<meta property=\"og:type\" content=\"article\" \/>\n<meta property=\"og:title\" content=\"Cont\u00e1ctame - Pia Yoga Online - Yoga para fortalecer mente y cuerpo\" \/>\n<meta property=\"og:description\" content=\"Preguntas, dudas, pensando en organizar alg\u00fan evento o simplemente me quieres enviar una nota de motivaci\u00f3n? \ud83d\ude42 La mejor forma de contactarme es a trav\u00e9s de mi email:\u00a0info@piayogaonline.com O a trav\u00e9s de las redes sociales!: IG:&nbsp;@Pia_yoga YouTube:&nbsp;@Piayoga FB:&nbsp;@Piayoga108\" \/>\n<meta property=\"og:url\" content=\"https:\/\/piayogaonline.com\/es\/contactame\/\" \/>\n<meta property=\"og:site_name\" content=\"Pia Yoga Online - Yoga para fortalecer mente y cuerpo\" \/>\n<meta property=\"article:publisher\" content=\"https:\/\/www.facebook.com\/PiaYoga108\/\" \/>\n<meta property=\"article:modified_time\" content=\"2021-07-21T17:00:19+00:00\" \/>\n<meta property=\"og:image\" content=\"https:\/\/piayogaonline.com\/wp-content\/uploads\/2019\/12\/Claudia-Pia-Yoga-Miami.jpg\" \/>\n<meta name=\"twitter:card\" content=\"summary_large_image\" \/>\n<meta name=\"twitter:label1\" content=\"Tiempo de lectura\" \/>\n\t<meta name=\"twitter:data1\" content=\"1 minuto\" \/>\n<script type=\"application\/ld+json\" class=\"yoast-schema-graph\">{\"@context\":\"https:\\\/\\\/schema.org\",\"@graph\":[{\"@type\":\"WebPage\",\"@id\":\"https:\\\/\\\/piayogaonline.com\\\/es\\\/contactame\\\/\",\"url\":\"https:\\\/\\\/piayogaonline.com\\\/es\\\/contactame\\\/\",\"name\":\"Cont\u00e1ctame - Pia Yoga Online - Yoga para fortalecer mente y cuerpo\",\"isPartOf\":{\"@id\":\"https:\\\/\\\/piayogaonline.com\\\/es\\\/#website\"},\"primaryImageOfPage\":{\"@id\":\"https:\\\/\\\/piayogaonline.com\\\/es\\\/contactame\\\/#primaryimage\"},\"image\":{\"@id\":\"https:\\\/\\\/piayogaonline.com\\\/es\\\/contactame\\\/#primaryimage\"},\"thumbnailUrl\":\"https:\\\/\\\/piayogaonline.com\\\/wp-content\\\/uploads\\\/2019\\\/12\\\/Claudia-Pia-Yoga-Miami.jpg\",\"datePublished\":\"2020-05-25T23:46:25+00:00\",\"dateModified\":\"2021-07-21T17:00:19+00:00\",\"breadcrumb\":{\"@id\":\"https:\\\/\\\/piayogaonline.com\\\/es\\\/contactame\\\/#breadcrumb\"},\"inLanguage\":\"es-CO\",\"potentialAction\":[{\"@type\":\"ReadAction\",\"target\":[\"https:\\\/\\\/piayogaonline.com\\\/es\\\/contactame\\\/\"]}]},{\"@type\":\"ImageObject\",\"inLanguage\":\"es-CO\",\"@id\":\"https:\\\/\\\/piayogaonline.com\\\/es\\\/contactame\\\/#primaryimage\",\"url\":\"https:\\\/\\\/piayogaonline.com\\\/wp-content\\\/uploads\\\/2019\\\/12\\\/Claudia-Pia-Yoga-Miami.jpg\",\"contentUrl\":\"https:\\\/\\\/piayogaonline.com\\\/wp-content\\\/uploads\\\/2019\\\/12\\\/Claudia-Pia-Yoga-Miami.jpg\"},{\"@type\":\"BreadcrumbList\",\"@id\":\"https:\\\/\\\/piayogaonline.com\\\/es\\\/contactame\\\/#breadcrumb\",\"itemListElement\":[{\"@type\":\"ListItem\",\"position\":1,\"name\":\"Home\",\"item\":\"https:\\\/\\\/piayogaonline.com\\\/es\\\/\"},{\"@type\":\"ListItem\",\"position\":2,\"name\":\"Cont\u00e1ctame\"}]},{\"@type\":\"WebSite\",\"@id\":\"https:\\\/\\\/piayogaonline.com\\\/es\\\/#website\",\"url\":\"https:\\\/\\\/piayogaonline.com\\\/es\\\/\",\"name\":\"Pia Yoga Online - Yoga para fortalecer mente y cuerpo\",\"description\":\"Clases de yoga online, videos y consejos para tu pr\u00e1ctica de yoga, enfocados en fortalecer mente y cuerpo. Tambi\u00e9n informaci\u00f3n sobre talleres, retiros de yoga y eventos especiales.\",\"potentialAction\":[{\"@type\":\"SearchAction\",\"target\":{\"@type\":\"EntryPoint\",\"urlTemplate\":\"https:\\\/\\\/piayogaonline.com\\\/es\\\/?s={search_term_string}\"},\"query-input\":{\"@type\":\"PropertyValueSpecification\",\"valueRequired\":true,\"valueName\":\"search_term_string\"}}],\"inLanguage\":\"es-CO\"}]}<\/script>\n<!-- \/ Yoast SEO plugin. -->","yoast_head_json":{"title":"Cont\u00e1ctame - Pia Yoga Online - Yoga para fortalecer mente y cuerpo","robots":{"index":"index","follow":"follow","max-snippet":"max-snippet:-1","max-image-preview":"max-image-preview:large","max-video-preview":"max-video-preview:-1"},"canonical":"https:\/\/piayogaonline.com\/es\/contactame\/","og_locale":"es_ES","og_type":"article","og_title":"Cont\u00e1ctame - Pia Yoga Online - Yoga para fortalecer mente y cuerpo","og_description":"Preguntas, dudas, pensando en organizar alg\u00fan evento o simplemente me quieres enviar una nota de motivaci\u00f3n? \ud83d\ude42 La mejor forma de contactarme es a trav\u00e9s de mi email:\u00a0info@piayogaonline.com O a trav\u00e9s de las redes sociales!: IG:&nbsp;@Pia_yoga YouTube:&nbsp;@Piayoga FB:&nbsp;@Piayoga108","og_url":"https:\/\/piayogaonline.com\/es\/contactame\/","og_site_name":"Pia Yoga Online - Yoga para fortalecer mente y cuerpo","article_publisher":"https:\/\/www.facebook.com\/PiaYoga108\/","article_modified_time":"2021-07-21T17:00:19+00:00","og_image":[{"url":"https:\/\/piayogaonline.com\/wp-content\/uploads\/2019\/12\/Claudia-Pia-Yoga-Miami.jpg","type":"","width":"","height":""}],"twitter_card":"summary_large_image","twitter_misc":{"Tiempo de lectura":"1 minuto"},"schema":{"@context":"https:\/\/schema.org","@graph":[{"@type":"WebPage","@id":"https:\/\/piayogaonline.com\/es\/contactame\/","url":"https:\/\/piayogaonline.com\/es\/contactame\/","name":"Cont\u00e1ctame - Pia Yoga Online - Yoga para fortalecer mente y cuerpo","isPartOf":{"@id":"https:\/\/piayogaonline.com\/es\/#website"},"primaryImageOfPage":{"@id":"https:\/\/piayogaonline.com\/es\/contactame\/#primaryimage"},"image":{"@id":"https:\/\/piayogaonline.com\/es\/contactame\/#primaryimage"},"thumbnailUrl":"https:\/\/piayogaonline.com\/wp-content\/uploads\/2019\/12\/Claudia-Pia-Yoga-Miami.jpg","datePublished":"2020-05-25T23:46:25+00:00","dateModified":"2021-07-21T17:00:19+00:00","breadcrumb":{"@id":"https:\/\/piayogaonline.com\/es\/contactame\/#breadcrumb"},"inLanguage":"es-CO","potentialAction":[{"@type":"ReadAction","target":["https:\/\/piayogaonline.com\/es\/contactame\/"]}]},{"@type":"ImageObject","inLanguage":"es-CO","@id":"https:\/\/piayogaonline.com\/es\/contactame\/#primaryimage","url":"https:\/\/piayogaonline.com\/wp-content\/uploads\/2019\/12\/Claudia-Pia-Yoga-Miami.jpg","contentUrl":"https:\/\/piayogaonline.com\/wp-content\/uploads\/2019\/12\/Claudia-Pia-Yoga-Miami.jpg"},{"@type":"BreadcrumbList","@id":"https:\/\/piayogaonline.com\/es\/contactame\/#breadcrumb","itemListElement":[{"@type":"ListItem","position":1,"name":"Home","item":"https:\/\/piayogaonline.com\/es\/"},{"@type":"ListItem","position":2,"name":"Cont\u00e1ctame"}]},{"@type":"WebSite","@id":"https:\/\/piayogaonline.com\/es\/#website","url":"https:\/\/piayogaonline.com\/es\/","name":"Pia Yoga Online - Yoga para fortalecer mente y cuerpo","description":"Clases de yoga online, videos y consejos para tu pr\u00e1ctica de yoga, enfocados en fortalecer mente y cuerpo. Tambi\u00e9n informaci\u00f3n sobre talleres, retiros de yoga y eventos especiales.","potentialAction":[{"@type":"SearchAction","target":{"@type":"EntryPoint","urlTemplate":"https:\/\/piayogaonline.com\/es\/?s={search_term_string}"},"query-input":{"@type":"PropertyValueSpecification","valueRequired":true,"valueName":"search_term_string"}}],"inLanguage":"es-CO"}]}},"_links":{"self":[{"href":"https:\/\/piayogaonline.com\/es\/wp-json\/wp\/v2\/pages\/1409","targetHints":{"allow":["GET"]}}],"collection":[{"href":"https:\/\/piayogaonline.com\/es\/wp-json\/wp\/v2\/pages"}],"about":[{"href":"https:\/\/piayogaonline.com\/es\/wp-json\/wp\/v2\/types\/page"}],"author":[{"embeddable":true,"href":"https:\/\/piayogaonline.com\/es\/wp-json\/wp\/v2\/users\/231"}],"replies":[{"embeddable":true,"href":"https:\/\/piayogaonline.com\/es\/wp-json\/wp\/v2\/comments?post=1409"}],"version-history":[{"count":0,"href":"https:\/\/piayogaonline.com\/es\/wp-json\/wp\/v2\/pages\/1409\/revisions"}],"wp:attachment":[{"href":"https:\/\/piayogaonline.com\/es\/wp-json\/wp\/v2\/media?parent=1409"}],"curies":[{"name":"wp","href":"https:\/\/api.w.org\/{rel}","templated":true}]}}