{"id":1407,"date":"2020-05-25T23:44:40","date_gmt":"2020-05-25T23:44:40","guid":{"rendered":"https:\/\/piayogaonline.com\/?page_id=1407"},"modified":"2020-08-27T01:28:39","modified_gmt":"2020-08-27T01:28:39","slug":"testimonios","status":"publish","type":"page","link":"https:\/\/piayogaonline.com\/es\/testimonios\/","title":{"rendered":"Testimonios"},"content":{"rendered":"\n<div class=\"wp-block-columns is-layout-flex wp-container-core-columns-is-layout-28f84493 wp-block-columns-is-layout-flex\">\n<div class=\"wp-block-column is-layout-flow wp-block-column-is-layout-flow\" style=\"flex-basis:33.33%\">\n<figure class=\"wp-block-image size-large is-style-rounded\"><img decoding=\"async\" src=\"https:\/\/piayogaonline.com\/wp-content\/uploads\/2020\/02\/Testimonials-Pia-yoga-Laura-armas-e1582035100492.jpeg\" alt=\"\"\/><\/figure>\n<\/div>\n\n\n\n<div class=\"wp-block-column is-layout-flow wp-block-column-is-layout-flow\" style=\"flex-basis:66.66%\">\n<h2 class=\"wp-block-heading\"><strong>LAURA ARMAS \u2013 DIRECTORA CREATIVA DE<\/strong>&nbsp;SONY PICTURES TELEVISION<\/h2>\n\n\n\n<p><em>\u201cPia ha sido una parte esencial en mi camino del yoga. No solamente por su incre\u00edble precisi\u00f3n en la forma de ense\u00f1ar t\u00e9cnicas y posturas de yoga, sino por la incre\u00edble persona que es como ser humano y que te inspira a ser. Su gran coraz\u00f3n y actitud positiva son grandes motivaciones para retarte a dejar atr\u00e1s tus miedos y limitaciones auto-puestas, y as\u00ed lograr ser la mejor versi\u00f3n de t\u00ed mismo dentro del estudio y fuera de el.<\/em><\/p>\n\n\n\n<p><em>Si est\u00e1s buscando un profesor experto que pueda diseccionar una postura en una forma que todos la puedan entender, ve y practica con Pia.<\/em><\/p>\n\n\n\n<p>Si est\u00e1s buscando por un ser humano y profesor emp\u00e1tico que te comprenda y te ayude en tu camino personal y tus metas, ve y practica con Pia.<\/p>\n\n\n\n<p>Si est\u00e1s buscando ser retado de una forma divertida y liberadora pero a la vez buscas un espacio de paz y conexi\u00f3n en tu mat, ve y practica con Pia.<\/p>\n\n\n\n<p>Si est\u00e1s buscando por un profesor que puedas llamar un amigo al final de cada pr\u00e1ctica, ve y practica con Pia\u201d<\/p>\n\n\n\n<p>Laura inci\u00f3 su pr\u00e1ctica de yoga en&nbsp; Noviembre 2017.<\/p>\n<\/div>\n<\/div>\n\n\n\n<div class=\"wp-block-columns is-layout-flex wp-container-core-columns-is-layout-28f84493 wp-block-columns-is-layout-flex\">\n<div class=\"wp-block-column is-layout-flow wp-block-column-is-layout-flow\" style=\"flex-basis:33.33%\">\n<figure class=\"wp-block-image size-large is-style-rounded\"><img decoding=\"async\" src=\"https:\/\/piayogaonline.com\/wp-content\/uploads\/2020\/02\/Angela-Ariza-testimonial-Pia-Yoga-e1582039049577.jpeg\" alt=\"\"\/><\/figure>\n<\/div>\n\n\n\n<div class=\"wp-block-column is-layout-flow wp-block-column-is-layout-flow\" style=\"flex-basis:66.66%\">\n<h2 class=\"wp-block-heading\">ANGELA ARIZA \u2013 GERENTE DIGITAL EN FOUNDERS AGENCY<\/h2>\n\n\n\n<p><em>\u201cClaudia no es solo una profesora de yoga, ella es alguien que va m\u00e1s all\u00e1 de ense\u00f1arte la correcta forma de hacer una asana o pose de yoga; ella realmente se enfoca en conocerte y conocer tu cuerpo para as\u00ed guiarte de acuerdo a lo que sea mejor para ti y tu camino en el yoga.<\/em><\/p>\n\n\n\n<p><em>Ella es un perfecto ejemplo de lo que un yogi es, no simplemente alguien que sabe hacer paradas de manos y poses dif\u00edciles. Ella es tambi\u00e9n muy buena persona, cari\u00f1osa y atenta con los otros y con su comunidad, trabajando fuertemente es esparcir cada d\u00eda la luz que hay dentro de ella cada d\u00eda.<\/em><\/p>\n\n\n\n<p><em>Las clases con ellas son incre\u00edbles! Ella es super divertida y siempre con una sonrisa en su cara. Yo la adoro! No la cambiar\u00eda por otro profesor en el mundo.\u201d<\/em><\/p>\n<\/div>\n<\/div>\n\n\n\n<h2 class=\"wp-block-heading\">CAROLYNE HYDE<\/h2>\n\n\n\n<p><em>\u201cPracticar yoga bajo las instrucciones de Pia ha cambiado mi vida. Pia tiene el incre\u00edble don de ser un ser espiritual y una gran maestra de yoga. Ella tiene una abilidad incomparable para inspirar a sus estudiantes a sacar lo mejor de s\u00ed y con la alineaci\u00f3n y forma adecudada. Su experiencia y devoci\u00f3n a la pr\u00e1ctica crean un ambiente propicio tanto para el principiante en la pr\u00e1ctica de yoga, como para el practicante avanzado.<\/em><\/p>\n\n\n\n<p><em>Los beneficios que he recibido de practicar yoga con Pia son adentro y fuera del mat. En el mat, mi pr\u00e1ctica es m\u00e1s fuerte y con mayor seguridad y confianza. Fuera del mat, he encontrado un espacio de paz interior que nunca hab\u00eda tenido en mi vida.<\/em><\/p>\n\n\n\n<p><em>Estoy eternamente agradecida e inspirada por esta incre\u00edble mujer con la que sido bendecida de practicar.<\/em><\/p>\n\n\n\n<p>Gracias Pia!\u201d<\/p>\n","protected":false},"excerpt":{"rendered":"<p>LAURA ARMAS \u2013 DIRECTORA CREATIVA DE&nbsp;SONY PICTURES TELEVISION \u201cPia ha sido una parte esencial en mi camino del yoga. No solamente por su incre\u00edble precisi\u00f3n en la forma de ense\u00f1ar t\u00e9cnicas y posturas de yoga, sino por la incre\u00edble persona que es como ser humano y que te inspira a ser. Su gran coraz\u00f3n y [&hellip;]<\/p>\n","protected":false},"author":231,"featured_media":0,"parent":0,"menu_order":0,"comment_status":"closed","ping_status":"closed","template":"","meta":{"footnotes":""},"class_list":["post-1407","page","type-page","status-publish","hentry"],"yoast_head":"<!-- This site is optimized with the Yoast SEO plugin v27.4 - https:\/\/yoast.com\/product\/yoast-seo-wordpress\/ -->\n<title>Testimonios - Pia Yoga Online - Yoga para fortalecer mente y cuerpo<\/title>\n<meta name=\"robots\" content=\"index, follow, max-snippet:-1, max-image-preview:large, max-video-preview:-1\" \/>\n<link rel=\"canonical\" href=\"https:\/\/piayogaonline.com\/es\/testimonios\/\" \/>\n<meta property=\"og:locale\" content=\"es_ES\" \/>\n<meta property=\"og:type\" content=\"article\" \/>\n<meta property=\"og:title\" content=\"Testimonios - Pia Yoga Online - Yoga para fortalecer mente y cuerpo\" \/>\n<meta property=\"og:description\" content=\"LAURA ARMAS \u2013 DIRECTORA CREATIVA DE&nbsp;SONY PICTURES TELEVISION \u201cPia ha sido una parte esencial en mi camino del yoga. No solamente por su incre\u00edble precisi\u00f3n en la forma de ense\u00f1ar t\u00e9cnicas y posturas de yoga, sino por la incre\u00edble persona que es como ser humano y que te inspira a ser. Su gran coraz\u00f3n y [&hellip;]\" \/>\n<meta property=\"og:url\" content=\"https:\/\/piayogaonline.com\/es\/testimonios\/\" \/>\n<meta property=\"og:site_name\" content=\"Pia Yoga Online - Yoga para fortalecer mente y cuerpo\" \/>\n<meta property=\"article:publisher\" content=\"https:\/\/www.facebook.com\/PiaYoga108\/\" \/>\n<meta property=\"article:modified_time\" content=\"2020-08-27T01:28:39+00:00\" \/>\n<meta property=\"og:image\" content=\"https:\/\/piayogaonline.com\/wp-content\/uploads\/2020\/02\/Testimonials-Pia-yoga-Laura-armas-e1582035100492.jpeg\" \/>\n<meta name=\"twitter:card\" content=\"summary_large_image\" \/>\n<meta name=\"twitter:label1\" content=\"Tiempo de lectura\" \/>\n\t<meta name=\"twitter:data1\" content=\"3 minutos\" \/>\n<script type=\"application\/ld+json\" class=\"yoast-schema-graph\">{\"@context\":\"https:\\\/\\\/schema.org\",\"@graph\":[{\"@type\":\"WebPage\",\"@id\":\"https:\\\/\\\/piayogaonline.com\\\/es\\\/testimonios\\\/\",\"url\":\"https:\\\/\\\/piayogaonline.com\\\/es\\\/testimonios\\\/\",\"name\":\"Testimonios - Pia Yoga Online - Yoga para fortalecer mente y cuerpo\",\"isPartOf\":{\"@id\":\"https:\\\/\\\/piayogaonline.com\\\/es\\\/#website\"},\"primaryImageOfPage\":{\"@id\":\"https:\\\/\\\/piayogaonline.com\\\/es\\\/testimonios\\\/#primaryimage\"},\"image\":{\"@id\":\"https:\\\/\\\/piayogaonline.com\\\/es\\\/testimonios\\\/#primaryimage\"},\"thumbnailUrl\":\"https:\\\/\\\/piayogaonline.com\\\/wp-content\\\/uploads\\\/2020\\\/02\\\/Testimonials-Pia-yoga-Laura-armas-e1582035100492.jpeg\",\"datePublished\":\"2020-05-25T23:44:40+00:00\",\"dateModified\":\"2020-08-27T01:28:39+00:00\",\"breadcrumb\":{\"@id\":\"https:\\\/\\\/piayogaonline.com\\\/es\\\/testimonios\\\/#breadcrumb\"},\"inLanguage\":\"es-CO\",\"potentialAction\":[{\"@type\":\"ReadAction\",\"target\":[\"https:\\\/\\\/piayogaonline.com\\\/es\\\/testimonios\\\/\"]}]},{\"@type\":\"ImageObject\",\"inLanguage\":\"es-CO\",\"@id\":\"https:\\\/\\\/piayogaonline.com\\\/es\\\/testimonios\\\/#primaryimage\",\"url\":\"https:\\\/\\\/piayogaonline.com\\\/wp-content\\\/uploads\\\/2020\\\/02\\\/Testimonials-Pia-yoga-Laura-armas-e1582035100492.jpeg\",\"contentUrl\":\"https:\\\/\\\/piayogaonline.com\\\/wp-content\\\/uploads\\\/2020\\\/02\\\/Testimonials-Pia-yoga-Laura-armas-e1582035100492.jpeg\"},{\"@type\":\"BreadcrumbList\",\"@id\":\"https:\\\/\\\/piayogaonline.com\\\/es\\\/testimonios\\\/#breadcrumb\",\"itemListElement\":[{\"@type\":\"ListItem\",\"position\":1,\"name\":\"Home\",\"item\":\"https:\\\/\\\/piayogaonline.com\\\/es\\\/\"},{\"@type\":\"ListItem\",\"position\":2,\"name\":\"Testimonios\"}]},{\"@type\":\"WebSite\",\"@id\":\"https:\\\/\\\/piayogaonline.com\\\/es\\\/#website\",\"url\":\"https:\\\/\\\/piayogaonline.com\\\/es\\\/\",\"name\":\"Pia Yoga Online - Yoga para fortalecer mente y cuerpo\",\"description\":\"Clases de yoga online, videos y consejos para tu pr\u00e1ctica de yoga, enfocados en fortalecer mente y cuerpo. Tambi\u00e9n informaci\u00f3n sobre talleres, retiros de yoga y eventos especiales.\",\"potentialAction\":[{\"@type\":\"SearchAction\",\"target\":{\"@type\":\"EntryPoint\",\"urlTemplate\":\"https:\\\/\\\/piayogaonline.com\\\/es\\\/?s={search_term_string}\"},\"query-input\":{\"@type\":\"PropertyValueSpecification\",\"valueRequired\":true,\"valueName\":\"search_term_string\"}}],\"inLanguage\":\"es-CO\"}]}<\/script>\n<!-- \/ Yoast SEO plugin. -->","yoast_head_json":{"title":"Testimonios - Pia Yoga Online - Yoga para fortalecer mente y cuerpo","robots":{"index":"index","follow":"follow","max-snippet":"max-snippet:-1","max-image-preview":"max-image-preview:large","max-video-preview":"max-video-preview:-1"},"canonical":"https:\/\/piayogaonline.com\/es\/testimonios\/","og_locale":"es_ES","og_type":"article","og_title":"Testimonios - Pia Yoga Online - Yoga para fortalecer mente y cuerpo","og_description":"LAURA ARMAS \u2013 DIRECTORA CREATIVA DE&nbsp;SONY PICTURES TELEVISION \u201cPia ha sido una parte esencial en mi camino del yoga. No solamente por su incre\u00edble precisi\u00f3n en la forma de ense\u00f1ar t\u00e9cnicas y posturas de yoga, sino por la incre\u00edble persona que es como ser humano y que te inspira a ser. Su gran coraz\u00f3n y [&hellip;]","og_url":"https:\/\/piayogaonline.com\/es\/testimonios\/","og_site_name":"Pia Yoga Online - Yoga para fortalecer mente y cuerpo","article_publisher":"https:\/\/www.facebook.com\/PiaYoga108\/","article_modified_time":"2020-08-27T01:28:39+00:00","og_image":[{"url":"https:\/\/piayogaonline.com\/wp-content\/uploads\/2020\/02\/Testimonials-Pia-yoga-Laura-armas-e1582035100492.jpeg","type":"","width":"","height":""}],"twitter_card":"summary_large_image","twitter_misc":{"Tiempo de lectura":"3 minutos"},"schema":{"@context":"https:\/\/schema.org","@graph":[{"@type":"WebPage","@id":"https:\/\/piayogaonline.com\/es\/testimonios\/","url":"https:\/\/piayogaonline.com\/es\/testimonios\/","name":"Testimonios - Pia Yoga Online - Yoga para fortalecer mente y cuerpo","isPartOf":{"@id":"https:\/\/piayogaonline.com\/es\/#website"},"primaryImageOfPage":{"@id":"https:\/\/piayogaonline.com\/es\/testimonios\/#primaryimage"},"image":{"@id":"https:\/\/piayogaonline.com\/es\/testimonios\/#primaryimage"},"thumbnailUrl":"https:\/\/piayogaonline.com\/wp-content\/uploads\/2020\/02\/Testimonials-Pia-yoga-Laura-armas-e1582035100492.jpeg","datePublished":"2020-05-25T23:44:40+00:00","dateModified":"2020-08-27T01:28:39+00:00","breadcrumb":{"@id":"https:\/\/piayogaonline.com\/es\/testimonios\/#breadcrumb"},"inLanguage":"es-CO","potentialAction":[{"@type":"ReadAction","target":["https:\/\/piayogaonline.com\/es\/testimonios\/"]}]},{"@type":"ImageObject","inLanguage":"es-CO","@id":"https:\/\/piayogaonline.com\/es\/testimonios\/#primaryimage","url":"https:\/\/piayogaonline.com\/wp-content\/uploads\/2020\/02\/Testimonials-Pia-yoga-Laura-armas-e1582035100492.jpeg","contentUrl":"https:\/\/piayogaonline.com\/wp-content\/uploads\/2020\/02\/Testimonials-Pia-yoga-Laura-armas-e1582035100492.jpeg"},{"@type":"BreadcrumbList","@id":"https:\/\/piayogaonline.com\/es\/testimonios\/#breadcrumb","itemListElement":[{"@type":"ListItem","position":1,"name":"Home","item":"https:\/\/piayogaonline.com\/es\/"},{"@type":"ListItem","position":2,"name":"Testimonios"}]},{"@type":"WebSite","@id":"https:\/\/piayogaonline.com\/es\/#website","url":"https:\/\/piayogaonline.com\/es\/","name":"Pia Yoga Online - Yoga para fortalecer mente y cuerpo","description":"Clases de yoga online, videos y consejos para tu pr\u00e1ctica de yoga, enfocados en fortalecer mente y cuerpo. Tambi\u00e9n informaci\u00f3n sobre talleres, retiros de yoga y eventos especiales.","potentialAction":[{"@type":"SearchAction","target":{"@type":"EntryPoint","urlTemplate":"https:\/\/piayogaonline.com\/es\/?s={search_term_string}"},"query-input":{"@type":"PropertyValueSpecification","valueRequired":true,"valueName":"search_term_string"}}],"inLanguage":"es-CO"}]}},"_links":{"self":[{"href":"https:\/\/piayogaonline.com\/es\/wp-json\/wp\/v2\/pages\/1407","targetHints":{"allow":["GET"]}}],"collection":[{"href":"https:\/\/piayogaonline.com\/es\/wp-json\/wp\/v2\/pages"}],"about":[{"href":"https:\/\/piayogaonline.com\/es\/wp-json\/wp\/v2\/types\/page"}],"author":[{"embeddable":true,"href":"https:\/\/piayogaonline.com\/es\/wp-json\/wp\/v2\/users\/231"}],"replies":[{"embeddable":true,"href":"https:\/\/piayogaonline.com\/es\/wp-json\/wp\/v2\/comments?post=1407"}],"version-history":[{"count":0,"href":"https:\/\/piayogaonline.com\/es\/wp-json\/wp\/v2\/pages\/1407\/revisions"}],"wp:attachment":[{"href":"https:\/\/piayogaonline.com\/es\/wp-json\/wp\/v2\/media?parent=1407"}],"curies":[{"name":"wp","href":"https:\/\/api.w.org\/{rel}","templated":true}]}}