{"id":1405,"date":"2020-05-25T23:42:14","date_gmt":"2020-05-25T23:42:14","guid":{"rendered":"https:\/\/piayogaonline.com\/?page_id=1405"},"modified":"2021-07-07T10:34:40","modified_gmt":"2021-07-07T14:34:40","slug":"certificaciones","status":"publish","type":"page","link":"https:\/\/piayogaonline.com\/es\/certificaciones\/","title":{"rendered":"Certificaciones"},"content":{"rendered":"\n<p>He tenido el privilegio de practicar y estudiar con profesores de yoga reconocidos y, sobre todo, muy conocedores de la filosof\u00eda del yoga como Kino McGregor, David Keil, Gokulacandra, Gurmukh y mis maestros actuales Anand y Sadhana, creadores de&nbsp;<a href=\"http:\/\/www.skandayoga.com\/\" target=\"_blank\" rel=\"noreferrer noopener\">Skanda Yoga<\/a>.<\/p>\n\n\n\n<p>A todos los profesores que he tenido durante m\u00e1s de 8 a\u00f1os de pr\u00e1ctica: GRACIAS! Gracias por inspirarme, por ense\u00f1arme, por mantener esta pr\u00e1ctica viva!<\/p>\n\n\n\n<div class=\"wp-block-columns is-layout-flex wp-container-core-columns-is-layout-28f84493 wp-block-columns-is-layout-flex\">\n<div class=\"wp-block-column is-layout-flow wp-block-column-is-layout-flow\" style=\"flex-basis:66.66%\">\n<h2 class=\"wp-block-heading\">CERTIFICACIONES DE YOGA:<\/h2>\n\n\n\n<div style=\"height:25px\" aria-hidden=\"true\" class=\"wp-block-spacer\"><\/div>\n\n\n\n<ul class=\"wp-block-list\"><li>E-RYT 200hrs Yoga Alliance.<\/li><li>Certificaci\u00f3n 500Hrs.<\/li><li>YACEP\u00ae\u00a0(<a href=\"https:\/\/www.yogaalliance.org\/Member_Overview\/For_Continuing_Education_Providers\">Continuing Education Provider<\/a>)<\/li><li>Certificaci\u00f3n yoga prenatal Khalsa Way 75 hrs \u2013 2020<\/li><li>Certifiaci\u00f3n Skanda Yoga 200 horas \u2013 2017<\/li><li>Curso de Anatom\u00eda 20hrs con David Keil \u2013 2017<\/li><\/ul>\n<\/div>\n\n\n\n<div class=\"wp-block-column is-layout-flow wp-block-column-is-layout-flow\" style=\"flex-basis:33.33%\">\n<figure class=\"wp-block-gallery alignright columns-1 is-cropped wp-block-gallery-1 is-layout-flex wp-block-gallery-is-layout-flex\"><ul class=\"blocks-gallery-grid\"><li class=\"blocks-gallery-item\"><figure><img fetchpriority=\"high\" decoding=\"async\" width=\"328\" height=\"496\" src=\"https:\/\/piayogaonline.com\/wp-content\/uploads\/2021\/07\/Screen-Shot-2021-04-26-at-9.46.12-PM-1.png\" alt=\"\" data-id=\"6576\" data-full-url=\"https:\/\/piayogaonline.com\/wp-content\/uploads\/2021\/07\/Screen-Shot-2021-04-26-at-9.46.12-PM-1.png\" data-link=\"https:\/\/piayogaonline.com\/certificaciones\/screen-shot-2021-04-26-at-9-46-12-pm-1\/\" class=\"wp-image-6576\" srcset=\"https:\/\/piayogaonline.com\/wp-content\/uploads\/2021\/07\/Screen-Shot-2021-04-26-at-9.46.12-PM-1.png 328w, https:\/\/piayogaonline.com\/wp-content\/uploads\/2021\/07\/Screen-Shot-2021-04-26-at-9.46.12-PM-1-198x300.png 198w, https:\/\/piayogaonline.com\/wp-content\/uploads\/2021\/07\/Screen-Shot-2021-04-26-at-9.46.12-PM-1-40x60.png 40w, https:\/\/piayogaonline.com\/wp-content\/uploads\/2021\/07\/Screen-Shot-2021-04-26-at-9.46.12-PM-1-60x90.png 60w\" sizes=\"(max-width: 328px) 100vw, 328px\" \/><\/figure><\/li><\/ul><\/figure>\n<\/div>\n<\/div>\n\n\n\n<h2 class=\"wp-block-heading\">EXPERIENCIA COMO PROFESORA DE YOGA:<\/h2>\n\n\n\n<div style=\"height:22px\" aria-hidden=\"true\" class=\"wp-block-spacer\"><\/div>\n\n\n\n<ul class=\"wp-block-list\"><li>Skanda Yoga Studio &amp; Leela Shala, Miami.<\/li><li>SoFlo Fitness &amp; Wellness.<\/li><li>Clases de yoga grupales, corporativas, y privadas.&nbsp;<a href=\"https:\/\/piayogaonline.com\/es\/services\/\">Ver m\u00e1s<\/a><\/li><li>Talleres e Inmersiones de yoga en Miami y Colombia.<\/li><li>Festivales como el Expoyoga en Medell\u00edn y Wanderlust108 Fests.<\/li><li>Clases en vivo para&nbsp;<a href=\"https:\/\/www.facebook.com\/Telemundo\/videos\/215372419564406\/\" target=\"_blank\" rel=\"noreferrer noopener\">Telemundo<\/a>,&nbsp;<a href=\"https:\/\/www.youtube.com\/watch?v=-5uPU7XXT_0&amp;t=623s\" target=\"_blank\" rel=\"noreferrer noopener\">Avianca<\/a>, Baptist Healthcare, entre otras.<\/li><\/ul>\n\n\n\n<div style=\"height:29px\" aria-hidden=\"true\" class=\"wp-block-spacer\"><\/div>\n\n\n\n<p><strong>Te invito a conozcas sobre mi historia con el yoga <a href=\"https:\/\/piayogaonline.com\/es\/quien-soy\/\">AQUI<\/a><\/strong><\/p>\n\n\n\n<p><strong>Y de mi trabajo y clases con diferentes marcas y compa\u00f1\u00edas <a href=\"https:\/\/piayogaonline.com\/es\/medios-y-prensa\/\">AQUI<\/a><\/strong><\/p>\n\n\n\n<div style=\"height:1px\" aria-hidden=\"true\" class=\"wp-block-spacer\"><\/div>\n\n\n\n<p><\/p>\n","protected":false},"excerpt":{"rendered":"<p>He tenido el privilegio de practicar y estudiar con profesores de yoga reconocidos y, sobre todo, muy conocedores de la filosof\u00eda del yoga como Kino McGregor, David Keil, Gokulacandra, Gurmukh y mis maestros actuales Anand y Sadhana, creadores de&nbsp;Skanda Yoga. A todos los profesores que he tenido durante m\u00e1s de 8 a\u00f1os de pr\u00e1ctica: GRACIAS! [&hellip;]<\/p>\n","protected":false},"author":231,"featured_media":1312,"parent":0,"menu_order":0,"comment_status":"closed","ping_status":"closed","template":"","meta":{"footnotes":""},"class_list":["post-1405","page","type-page","status-publish","has-post-thumbnail","hentry"],"yoast_head":"<!-- This site is optimized with the Yoast SEO plugin v27.6 - https:\/\/yoast.com\/product\/yoast-seo-wordpress\/ -->\n<title>Certificaciones - Pia Yoga Online - Yoga para fortalecer mente y cuerpo<\/title>\n<meta name=\"robots\" content=\"index, follow, max-snippet:-1, max-image-preview:large, max-video-preview:-1\" \/>\n<link rel=\"canonical\" href=\"https:\/\/piayogaonline.com\/es\/certificaciones\/\" \/>\n<meta property=\"og:locale\" content=\"es_ES\" \/>\n<meta property=\"og:type\" content=\"article\" \/>\n<meta property=\"og:title\" content=\"Certificaciones - Pia Yoga Online - Yoga para fortalecer mente y cuerpo\" \/>\n<meta property=\"og:description\" content=\"He tenido el privilegio de practicar y estudiar con profesores de yoga reconocidos y, sobre todo, muy conocedores de la filosof\u00eda del yoga como Kino McGregor, David Keil, Gokulacandra, Gurmukh y mis maestros actuales Anand y Sadhana, creadores de&nbsp;Skanda Yoga. A todos los profesores que he tenido durante m\u00e1s de 8 a\u00f1os de pr\u00e1ctica: GRACIAS! [&hellip;]\" \/>\n<meta property=\"og:url\" content=\"https:\/\/piayogaonline.com\/es\/certificaciones\/\" \/>\n<meta property=\"og:site_name\" content=\"Pia Yoga Online - Yoga para fortalecer mente y cuerpo\" \/>\n<meta property=\"article:publisher\" content=\"https:\/\/www.facebook.com\/PiaYoga108\/\" \/>\n<meta property=\"article:modified_time\" content=\"2021-07-07T14:34:40+00:00\" \/>\n<meta property=\"og:image\" content=\"https:\/\/piayogaonline.com\/wp-content\/uploads\/2020\/01\/pia-yoga-miami-background.jpg\" \/>\n\t<meta property=\"og:image:width\" content=\"1500\" \/>\n\t<meta property=\"og:image:height\" content=\"1000\" \/>\n\t<meta property=\"og:image:type\" content=\"image\/jpeg\" \/>\n<meta name=\"twitter:card\" content=\"summary_large_image\" \/>\n<meta name=\"twitter:label1\" content=\"Tiempo de lectura\" \/>\n\t<meta name=\"twitter:data1\" content=\"1 minuto\" \/>\n<script type=\"application\/ld+json\" class=\"yoast-schema-graph\">{\"@context\":\"https:\\\/\\\/schema.org\",\"@graph\":[{\"@type\":\"WebPage\",\"@id\":\"https:\\\/\\\/piayogaonline.com\\\/es\\\/certificaciones\\\/\",\"url\":\"https:\\\/\\\/piayogaonline.com\\\/es\\\/certificaciones\\\/\",\"name\":\"Certificaciones - Pia Yoga Online - Yoga para fortalecer mente y cuerpo\",\"isPartOf\":{\"@id\":\"https:\\\/\\\/piayogaonline.com\\\/es\\\/#website\"},\"primaryImageOfPage\":{\"@id\":\"https:\\\/\\\/piayogaonline.com\\\/es\\\/certificaciones\\\/#primaryimage\"},\"image\":{\"@id\":\"https:\\\/\\\/piayogaonline.com\\\/es\\\/certificaciones\\\/#primaryimage\"},\"thumbnailUrl\":\"https:\\\/\\\/piayogaonline.com\\\/wp-content\\\/uploads\\\/2020\\\/01\\\/pia-yoga-miami-background.jpg\",\"datePublished\":\"2020-05-25T23:42:14+00:00\",\"dateModified\":\"2021-07-07T14:34:40+00:00\",\"breadcrumb\":{\"@id\":\"https:\\\/\\\/piayogaonline.com\\\/es\\\/certificaciones\\\/#breadcrumb\"},\"inLanguage\":\"es-CO\",\"potentialAction\":[{\"@type\":\"ReadAction\",\"target\":[\"https:\\\/\\\/piayogaonline.com\\\/es\\\/certificaciones\\\/\"]}]},{\"@type\":\"ImageObject\",\"inLanguage\":\"es-CO\",\"@id\":\"https:\\\/\\\/piayogaonline.com\\\/es\\\/certificaciones\\\/#primaryimage\",\"url\":\"https:\\\/\\\/piayogaonline.com\\\/wp-content\\\/uploads\\\/2020\\\/01\\\/pia-yoga-miami-background.jpg\",\"contentUrl\":\"https:\\\/\\\/piayogaonline.com\\\/wp-content\\\/uploads\\\/2020\\\/01\\\/pia-yoga-miami-background.jpg\",\"width\":1500,\"height\":1000},{\"@type\":\"BreadcrumbList\",\"@id\":\"https:\\\/\\\/piayogaonline.com\\\/es\\\/certificaciones\\\/#breadcrumb\",\"itemListElement\":[{\"@type\":\"ListItem\",\"position\":1,\"name\":\"Home\",\"item\":\"https:\\\/\\\/piayogaonline.com\\\/es\\\/\"},{\"@type\":\"ListItem\",\"position\":2,\"name\":\"Certificaciones\"}]},{\"@type\":\"WebSite\",\"@id\":\"https:\\\/\\\/piayogaonline.com\\\/es\\\/#website\",\"url\":\"https:\\\/\\\/piayogaonline.com\\\/es\\\/\",\"name\":\"Pia Yoga Online - Yoga para fortalecer mente y cuerpo\",\"description\":\"Clases de yoga online, videos y consejos para tu pr\u00e1ctica de yoga, enfocados en fortalecer mente y cuerpo. Tambi\u00e9n informaci\u00f3n sobre talleres, retiros de yoga y eventos especiales.\",\"potentialAction\":[{\"@type\":\"SearchAction\",\"target\":{\"@type\":\"EntryPoint\",\"urlTemplate\":\"https:\\\/\\\/piayogaonline.com\\\/es\\\/?s={search_term_string}\"},\"query-input\":{\"@type\":\"PropertyValueSpecification\",\"valueRequired\":true,\"valueName\":\"search_term_string\"}}],\"inLanguage\":\"es-CO\"}]}<\/script>\n<!-- \/ Yoast SEO plugin. -->","yoast_head_json":{"title":"Certificaciones - Pia Yoga Online - Yoga para fortalecer mente y cuerpo","robots":{"index":"index","follow":"follow","max-snippet":"max-snippet:-1","max-image-preview":"max-image-preview:large","max-video-preview":"max-video-preview:-1"},"canonical":"https:\/\/piayogaonline.com\/es\/certificaciones\/","og_locale":"es_ES","og_type":"article","og_title":"Certificaciones - Pia Yoga Online - Yoga para fortalecer mente y cuerpo","og_description":"He tenido el privilegio de practicar y estudiar con profesores de yoga reconocidos y, sobre todo, muy conocedores de la filosof\u00eda del yoga como Kino McGregor, David Keil, Gokulacandra, Gurmukh y mis maestros actuales Anand y Sadhana, creadores de&nbsp;Skanda Yoga. A todos los profesores que he tenido durante m\u00e1s de 8 a\u00f1os de pr\u00e1ctica: GRACIAS! [&hellip;]","og_url":"https:\/\/piayogaonline.com\/es\/certificaciones\/","og_site_name":"Pia Yoga Online - Yoga para fortalecer mente y cuerpo","article_publisher":"https:\/\/www.facebook.com\/PiaYoga108\/","article_modified_time":"2021-07-07T14:34:40+00:00","og_image":[{"width":1500,"height":1000,"url":"https:\/\/piayogaonline.com\/wp-content\/uploads\/2020\/01\/pia-yoga-miami-background.jpg","type":"image\/jpeg"}],"twitter_card":"summary_large_image","twitter_misc":{"Tiempo de lectura":"1 minuto"},"schema":{"@context":"https:\/\/schema.org","@graph":[{"@type":"WebPage","@id":"https:\/\/piayogaonline.com\/es\/certificaciones\/","url":"https:\/\/piayogaonline.com\/es\/certificaciones\/","name":"Certificaciones - Pia Yoga Online - Yoga para fortalecer mente y cuerpo","isPartOf":{"@id":"https:\/\/piayogaonline.com\/es\/#website"},"primaryImageOfPage":{"@id":"https:\/\/piayogaonline.com\/es\/certificaciones\/#primaryimage"},"image":{"@id":"https:\/\/piayogaonline.com\/es\/certificaciones\/#primaryimage"},"thumbnailUrl":"https:\/\/piayogaonline.com\/wp-content\/uploads\/2020\/01\/pia-yoga-miami-background.jpg","datePublished":"2020-05-25T23:42:14+00:00","dateModified":"2021-07-07T14:34:40+00:00","breadcrumb":{"@id":"https:\/\/piayogaonline.com\/es\/certificaciones\/#breadcrumb"},"inLanguage":"es-CO","potentialAction":[{"@type":"ReadAction","target":["https:\/\/piayogaonline.com\/es\/certificaciones\/"]}]},{"@type":"ImageObject","inLanguage":"es-CO","@id":"https:\/\/piayogaonline.com\/es\/certificaciones\/#primaryimage","url":"https:\/\/piayogaonline.com\/wp-content\/uploads\/2020\/01\/pia-yoga-miami-background.jpg","contentUrl":"https:\/\/piayogaonline.com\/wp-content\/uploads\/2020\/01\/pia-yoga-miami-background.jpg","width":1500,"height":1000},{"@type":"BreadcrumbList","@id":"https:\/\/piayogaonline.com\/es\/certificaciones\/#breadcrumb","itemListElement":[{"@type":"ListItem","position":1,"name":"Home","item":"https:\/\/piayogaonline.com\/es\/"},{"@type":"ListItem","position":2,"name":"Certificaciones"}]},{"@type":"WebSite","@id":"https:\/\/piayogaonline.com\/es\/#website","url":"https:\/\/piayogaonline.com\/es\/","name":"Pia Yoga Online - Yoga para fortalecer mente y cuerpo","description":"Clases de yoga online, videos y consejos para tu pr\u00e1ctica de yoga, enfocados en fortalecer mente y cuerpo. Tambi\u00e9n informaci\u00f3n sobre talleres, retiros de yoga y eventos especiales.","potentialAction":[{"@type":"SearchAction","target":{"@type":"EntryPoint","urlTemplate":"https:\/\/piayogaonline.com\/es\/?s={search_term_string}"},"query-input":{"@type":"PropertyValueSpecification","valueRequired":true,"valueName":"search_term_string"}}],"inLanguage":"es-CO"}]}},"_links":{"self":[{"href":"https:\/\/piayogaonline.com\/es\/wp-json\/wp\/v2\/pages\/1405","targetHints":{"allow":["GET"]}}],"collection":[{"href":"https:\/\/piayogaonline.com\/es\/wp-json\/wp\/v2\/pages"}],"about":[{"href":"https:\/\/piayogaonline.com\/es\/wp-json\/wp\/v2\/types\/page"}],"author":[{"embeddable":true,"href":"https:\/\/piayogaonline.com\/es\/wp-json\/wp\/v2\/users\/231"}],"replies":[{"embeddable":true,"href":"https:\/\/piayogaonline.com\/es\/wp-json\/wp\/v2\/comments?post=1405"}],"version-history":[{"count":0,"href":"https:\/\/piayogaonline.com\/es\/wp-json\/wp\/v2\/pages\/1405\/revisions"}],"wp:featuredmedia":[{"embeddable":true,"href":"https:\/\/piayogaonline.com\/es\/wp-json\/wp\/v2\/media\/1312"}],"wp:attachment":[{"href":"https:\/\/piayogaonline.com\/es\/wp-json\/wp\/v2\/media?parent=1405"}],"curies":[{"name":"wp","href":"https:\/\/api.w.org\/{rel}","templated":true}]}}