{"id":1394,"date":"2020-05-25T23:22:11","date_gmt":"2020-05-25T23:22:11","guid":{"rendered":"https:\/\/piayogaonline.com\/?page_id=1394"},"modified":"2021-01-08T01:21:29","modified_gmt":"2021-01-08T01:21:29","slug":"pia-social","status":"publish","type":"page","link":"https:\/\/piayogaonline.com\/es\/pia-social\/","title":{"rendered":"Pia Social"},"content":{"rendered":"\n<div class=\"wp-block-columns is-layout-flex wp-container-core-columns-is-layout-28f84493 wp-block-columns-is-layout-flex\">\n<div class=\"wp-block-column is-layout-flow wp-block-column-is-layout-flow\" style=\"flex-basis:66.66%\">\n<p>Tal vez ya hayas le\u00eddo la sesi\u00f3n de&nbsp;<strong><a href=\"https:\/\/piayogaonline.com\/es\/quien-soy\/\">SOBRE MI<\/a><\/strong>&nbsp;, pero en caso que no, me gustar\u00eda contarte un poco de mi carrera en Mercadeo.<\/p>\n\n\n\n<p>Me gradu\u00e9 en Econom\u00eda y trabaj\u00e9 en Mercadeo por m\u00e1s de 6 a\u00f1os para diferentes multinacionales como Nielsen, Baxter Healthcare y Subway, antes dejar el mundo corporativo, y decidirme a emprender compartiendo mi pasi\u00f3n por el yoga. (Puedes ver mi peril corporativo en&nbsp;<strong><a href=\"http:\/\/www.linkedin.com\/in\/claudia-lopez-r\" target=\"_blank\" rel=\"noreferrer noopener\">LinkedIn<\/a><\/strong>)<\/p>\n<\/div>\n\n\n\n<div class=\"wp-block-column is-layout-flow wp-block-column-is-layout-flow\" style=\"flex-basis:33.33%\">\n<div class=\"wp-block-image\"><figure class=\"aligncenter size-large\"><img decoding=\"async\" src=\"https:\/\/piayogaonline.com\/wp-content\/uploads\/2020\/04\/LOGO_PIAYOGASOCIAL-pequeno.png\" alt=\"\"\/><\/figure><\/div>\n<\/div>\n<\/div>\n\n\n\n<p>A pesar que dej\u00e9 el mundo corporativo, mi pasi\u00f3n por el mercadeo siempre se a mantenido y he continuado aprendiendo y aplicando el conocimiento continuamente: administrando un estudio de yoga, trabajando medio tiempo para otras compa\u00f1\u00edas, en mis propios proyectos de emprendimiento y como consultora.<\/p>\n\n\n\n<p>En el pasado he administrado tambi\u00e9n cuentas de Instagram como&nbsp;<a href=\"https:\/\/www.instagram.com\/climconceptstore\/\">Clim Concept Store<\/a>, Bahana,&nbsp;<a href=\"https:\/\/www.instagram.com\/skandayoga\/\">Skanda Yoga<\/a>,&nbsp;<a href=\"https:\/\/www.instagram.com\/twovisitaround\/\">Two Visit Around<\/a>, y mi cuenta actual de yoga&nbsp;<a href=\"https:\/\/www.instagram.com\/pia_yoga\/\" target=\"_blank\" rel=\"noreferrer noopener\">Pia_Yoga<\/a>.<\/p>\n\n\n\n<p>Con mi experiencia en Mercadeo y mi pasi\u00f3n por ayudar a otros en sus emprendimientos, he decidido crear Pia Social, para as\u00ed poder asesorar en temas relacionados con mercadeo, desde crear planes de negocio o an\u00e1lisis de mercados, hasta asesor\u00edas en temas de Redes Sociales.<\/p>\n\n\n\n<p>Puedes mirar abajo la informaci\u00f3n sobre las asesor\u00edas pero si\u00e9ntete libre de&nbsp;<strong><a href=\"mailto:info@piayogaonline.com\">Contactarme<\/a><\/strong>&nbsp;con cualquier pregunta!<\/p>\n\n\n<div data-block-name=\"woocommerce\/product-tag\" data-tags=\"[91]\" class=\"wc-block-grid wp-block-product-tag wp-block-woocommerce-product-tag wc-block-product-tag has-3-columns has-multiple-rows\"><ul class=\"wc-block-grid__products\"><li class=\"wc-block-grid__product\">\n\t\t\t\t<a href=\"https:\/\/piayogaonline.com\/es\/producto\/taller-como-crecer-mi-instagram\/\" class=\"wc-block-grid__product-link\">\n\t\t\t\t\t\n\t\t\t\t\t<div class=\"wc-block-grid__product-image\"><img fetchpriority=\"high\" decoding=\"async\" width=\"300\" height=\"300\" src=\"https:\/\/piayogaonline.com\/wp-content\/uploads\/2020\/08\/crece-tu-instagram-organicamente-1-300x300.jpg\" class=\"attachment-woocommerce_thumbnail size-woocommerce_thumbnail\" alt=\"crece-tu-instagram-organicamente-1\" srcset=\"https:\/\/piayogaonline.com\/wp-content\/uploads\/2020\/08\/crece-tu-instagram-organicamente-1-300x300.jpg 300w, https:\/\/piayogaonline.com\/wp-content\/uploads\/2020\/08\/crece-tu-instagram-organicamente-1-100x100.jpg 100w, https:\/\/piayogaonline.com\/wp-content\/uploads\/2020\/08\/crece-tu-instagram-organicamente-1-150x150.jpg 150w\" sizes=\"(max-width: 300px) 100vw, 300px\" \/><\/div>\n\t\t\t\t\t<div class=\"wc-block-grid__product-title\">Taller: \u00bfC\u00f3mo crecer tu cuenta de Instagram?<\/div>\n\t\t\t\t<\/a>\n\t\t\t\t<div class=\"wc-block-grid__product-price price\"><span class=\"woocommerce-Price-amount amount\"><span class=\"woocommerce-Price-currencySymbol\">&#036;<\/span>10.00<\/span><\/div>\n\t\t\t\t\n\t\t\t\t<div class=\"wp-block-button wc-block-grid__product-add-to-cart\"><a href=\"\/es\/wp-json\/wp\/v2\/pages\/1394?add-to-cart=3079\" aria-label=\"A\u00f1adir al carrito: &ldquo;Taller: \u00bfC\u00f3mo crecer tu cuenta de Instagram?&rdquo;\" data-quantity=\"1\" data-product_id=\"3079\" data-product_sku=\"\" data-price=\"10\" rel=\"nofollow\" class=\"wp-block-button__link  add_to_cart_button ajax_add_to_cart\">A\u00f1adir al carrito<\/a><\/div>\n\t\t\t<\/li><\/ul><\/div>\n\n\n<h2 class=\"wp-block-heading\"><strong>SERVICIOS DE CONSULTORIA<\/strong><\/h2>\n\n\n\n<h3 class=\"wp-block-heading\"><strong>Precio $100usd 1hr\u00a0&#8211; $150usd 2hrs<\/strong><\/h3>\n\n\n\n<p>1 sesi\u00f3n de una hora para ayudarte con cualquier tema relacionado de Social Media o Mercadeo en general.<\/p>\n\n\n\n<p>Algunas ideas:<\/p>\n\n\n\n<ul class=\"wp-block-list\"><li>Definir tu nicho<\/li><li>Biograf\u00eda de tu Instagram<\/li><li>Marca personal<\/li><li>Desarrollo de plan de Mercado<\/li><li>Edici\u00f3n de fotos (tips, t\u00e9cnicas, aplicaciones)<\/li><li>Hashtags y cuentas comunitarias<\/li><li>Uso de Stories, Highlights, Live, IGTV<\/li><li>Manejo de Ads (FB y IG)<\/li><li>Creaci\u00f3n de contenido<\/li><li>Calendario de Contenido<\/li><li>Tiempos para postear y frecuencia<\/li><\/ul>\n\n\n\n<h3 class=\"wp-block-heading\"><strong>DESARROLLO DE ESTRATEGIA PARA SOCIAL MEDIA<\/strong><\/h3>\n\n\n\n<p>Incluye:<\/p>\n\n\n\n<ul class=\"wp-block-list\"><li>Investigaci\u00f3n<\/li><li>Diagn\u00f3stico de la cuenta actual<\/li><li>An\u00e1lisis de la competencia<\/li><li>Estrategia: Objetivos, arquetipos de marca, revisi\u00f3n y definici\u00f3n de la biograf\u00eda, Hashtags y cuentas comunitarias, temas para posteos, formatos para usar, presupuesto de ads, m\u00e9tricas, etc)<\/li><li>PDF con la estrategia lista para entregar<\/li><\/ul>\n\n\n\n<p>Procedimiento:<\/p>\n\n\n\n<ul class=\"wp-block-list\"><li>Reuni\u00f3n virtual para conocer la marca o negocio<\/li><li>El PDF con la estrategia ser\u00e1 entregada 2 semanas despu\u00e9s de la reuni\u00f3n inicial.<\/li><li>Primer pago a realizarse antes de la reuni\u00f3n inicial, y el segundo pago contra entrega de la estrategia.<\/li><\/ul>\n\n\n\n<p><strong>INVERSION: $400USD&nbsp;<\/strong><\/p>\n\n\n\n<h3 class=\"wp-block-heading\"><strong>OTROS:<\/strong><\/h3>\n\n\n\n<ul class=\"wp-block-list\"><li>Desarrollo de Planes de negocio y de Mercadeo<\/li><li>Email marketing (Newsletters)<\/li><li>Desarrollo de websites (peque\u00f1os negocios)<\/li><\/ul>\n\n\n\n<p><a href=\"mailto:info@piayogaonline.com\" target=\"_blank\" rel=\"noreferrer noopener\">Contactarme<\/a><\/p>\n\n\n\n<div class=\"wp-block-image\"><figure class=\"aligncenter\"><img decoding=\"async\" width=\"200\" height=\"166\" src=\"https:\/\/piayogaonline.com\/wp-content\/uploads\/2020\/04\/LOGO_PIAYOGASOCIAL-pequeno.png\" alt=\"\" class=\"wp-image-1108\"\/><\/figure><\/div>\n","protected":false},"excerpt":{"rendered":"<p>Tal vez ya hayas le\u00eddo la sesi\u00f3n de&nbsp;SOBRE MI&nbsp;, pero en caso que no, me gustar\u00eda contarte un poco de mi carrera en Mercadeo. Me gradu\u00e9 en Econom\u00eda y trabaj\u00e9 en Mercadeo por m\u00e1s de 6 a\u00f1os para diferentes multinacionales como Nielsen, Baxter Healthcare y Subway, antes dejar el mundo corporativo, y decidirme a emprender [&hellip;]<\/p>\n","protected":false},"author":231,"featured_media":0,"parent":0,"menu_order":0,"comment_status":"closed","ping_status":"closed","template":"","meta":{"footnotes":""},"class_list":["post-1394","page","type-page","status-publish","hentry"],"yoast_head":"<!-- This site is optimized with the Yoast SEO plugin v27.4 - https:\/\/yoast.com\/product\/yoast-seo-wordpress\/ -->\n<title>Pia Social - Pia Yoga Online - Yoga para fortalecer mente y cuerpo<\/title>\n<meta name=\"robots\" content=\"index, follow, max-snippet:-1, max-image-preview:large, max-video-preview:-1\" \/>\n<link rel=\"canonical\" href=\"https:\/\/piayogaonline.com\/es\/pia-social\/\" \/>\n<meta property=\"og:locale\" content=\"es_ES\" \/>\n<meta property=\"og:type\" content=\"article\" \/>\n<meta property=\"og:title\" content=\"Pia Social - Pia Yoga Online - Yoga para fortalecer mente y cuerpo\" \/>\n<meta property=\"og:description\" content=\"Tal vez ya hayas le\u00eddo la sesi\u00f3n de&nbsp;SOBRE MI&nbsp;, pero en caso que no, me gustar\u00eda contarte un poco de mi carrera en Mercadeo. Me gradu\u00e9 en Econom\u00eda y trabaj\u00e9 en Mercadeo por m\u00e1s de 6 a\u00f1os para diferentes multinacionales como Nielsen, Baxter Healthcare y Subway, antes dejar el mundo corporativo, y decidirme a emprender [&hellip;]\" \/>\n<meta property=\"og:url\" content=\"https:\/\/piayogaonline.com\/es\/pia-social\/\" \/>\n<meta property=\"og:site_name\" content=\"Pia Yoga Online - Yoga para fortalecer mente y cuerpo\" \/>\n<meta property=\"article:publisher\" content=\"https:\/\/www.facebook.com\/PiaYoga108\/\" \/>\n<meta property=\"article:modified_time\" content=\"2021-01-08T01:21:29+00:00\" \/>\n<meta property=\"og:image\" content=\"https:\/\/piayogaonline.com\/wp-content\/uploads\/2020\/04\/LOGO_PIAYOGASOCIAL-pequeno.png\" \/>\n<meta name=\"twitter:card\" content=\"summary_large_image\" \/>\n<meta name=\"twitter:label1\" content=\"Tiempo de lectura\" \/>\n\t<meta name=\"twitter:data1\" content=\"2 minutos\" \/>\n<script type=\"application\/ld+json\" class=\"yoast-schema-graph\">{\"@context\":\"https:\\\/\\\/schema.org\",\"@graph\":[{\"@type\":\"WebPage\",\"@id\":\"https:\\\/\\\/piayogaonline.com\\\/es\\\/pia-social\\\/\",\"url\":\"https:\\\/\\\/piayogaonline.com\\\/es\\\/pia-social\\\/\",\"name\":\"Pia Social - Pia Yoga Online - Yoga para fortalecer mente y cuerpo\",\"isPartOf\":{\"@id\":\"https:\\\/\\\/piayogaonline.com\\\/es\\\/#website\"},\"primaryImageOfPage\":{\"@id\":\"https:\\\/\\\/piayogaonline.com\\\/es\\\/pia-social\\\/#primaryimage\"},\"image\":{\"@id\":\"https:\\\/\\\/piayogaonline.com\\\/es\\\/pia-social\\\/#primaryimage\"},\"thumbnailUrl\":\"https:\\\/\\\/piayogaonline.com\\\/wp-content\\\/uploads\\\/2020\\\/04\\\/LOGO_PIAYOGASOCIAL-pequeno.png\",\"datePublished\":\"2020-05-25T23:22:11+00:00\",\"dateModified\":\"2021-01-08T01:21:29+00:00\",\"breadcrumb\":{\"@id\":\"https:\\\/\\\/piayogaonline.com\\\/es\\\/pia-social\\\/#breadcrumb\"},\"inLanguage\":\"es-CO\",\"potentialAction\":[{\"@type\":\"ReadAction\",\"target\":[\"https:\\\/\\\/piayogaonline.com\\\/es\\\/pia-social\\\/\"]}]},{\"@type\":\"ImageObject\",\"inLanguage\":\"es-CO\",\"@id\":\"https:\\\/\\\/piayogaonline.com\\\/es\\\/pia-social\\\/#primaryimage\",\"url\":\"https:\\\/\\\/piayogaonline.com\\\/wp-content\\\/uploads\\\/2020\\\/04\\\/LOGO_PIAYOGASOCIAL-pequeno.png\",\"contentUrl\":\"https:\\\/\\\/piayogaonline.com\\\/wp-content\\\/uploads\\\/2020\\\/04\\\/LOGO_PIAYOGASOCIAL-pequeno.png\"},{\"@type\":\"BreadcrumbList\",\"@id\":\"https:\\\/\\\/piayogaonline.com\\\/es\\\/pia-social\\\/#breadcrumb\",\"itemListElement\":[{\"@type\":\"ListItem\",\"position\":1,\"name\":\"Home\",\"item\":\"https:\\\/\\\/piayogaonline.com\\\/es\\\/\"},{\"@type\":\"ListItem\",\"position\":2,\"name\":\"Pia Social\"}]},{\"@type\":\"WebSite\",\"@id\":\"https:\\\/\\\/piayogaonline.com\\\/es\\\/#website\",\"url\":\"https:\\\/\\\/piayogaonline.com\\\/es\\\/\",\"name\":\"Pia Yoga Online - Yoga para fortalecer mente y cuerpo\",\"description\":\"Clases de yoga online, videos y consejos para tu pr\u00e1ctica de yoga, enfocados en fortalecer mente y cuerpo. Tambi\u00e9n informaci\u00f3n sobre talleres, retiros de yoga y eventos especiales.\",\"potentialAction\":[{\"@type\":\"SearchAction\",\"target\":{\"@type\":\"EntryPoint\",\"urlTemplate\":\"https:\\\/\\\/piayogaonline.com\\\/es\\\/?s={search_term_string}\"},\"query-input\":{\"@type\":\"PropertyValueSpecification\",\"valueRequired\":true,\"valueName\":\"search_term_string\"}}],\"inLanguage\":\"es-CO\"}]}<\/script>\n<!-- \/ Yoast SEO plugin. -->","yoast_head_json":{"title":"Pia Social - Pia Yoga Online - Yoga para fortalecer mente y cuerpo","robots":{"index":"index","follow":"follow","max-snippet":"max-snippet:-1","max-image-preview":"max-image-preview:large","max-video-preview":"max-video-preview:-1"},"canonical":"https:\/\/piayogaonline.com\/es\/pia-social\/","og_locale":"es_ES","og_type":"article","og_title":"Pia Social - Pia Yoga Online - Yoga para fortalecer mente y cuerpo","og_description":"Tal vez ya hayas le\u00eddo la sesi\u00f3n de&nbsp;SOBRE MI&nbsp;, pero en caso que no, me gustar\u00eda contarte un poco de mi carrera en Mercadeo. Me gradu\u00e9 en Econom\u00eda y trabaj\u00e9 en Mercadeo por m\u00e1s de 6 a\u00f1os para diferentes multinacionales como Nielsen, Baxter Healthcare y Subway, antes dejar el mundo corporativo, y decidirme a emprender [&hellip;]","og_url":"https:\/\/piayogaonline.com\/es\/pia-social\/","og_site_name":"Pia Yoga Online - Yoga para fortalecer mente y cuerpo","article_publisher":"https:\/\/www.facebook.com\/PiaYoga108\/","article_modified_time":"2021-01-08T01:21:29+00:00","og_image":[{"url":"https:\/\/piayogaonline.com\/wp-content\/uploads\/2020\/04\/LOGO_PIAYOGASOCIAL-pequeno.png","type":"","width":"","height":""}],"twitter_card":"summary_large_image","twitter_misc":{"Tiempo de lectura":"2 minutos"},"schema":{"@context":"https:\/\/schema.org","@graph":[{"@type":"WebPage","@id":"https:\/\/piayogaonline.com\/es\/pia-social\/","url":"https:\/\/piayogaonline.com\/es\/pia-social\/","name":"Pia Social - Pia Yoga Online - Yoga para fortalecer mente y cuerpo","isPartOf":{"@id":"https:\/\/piayogaonline.com\/es\/#website"},"primaryImageOfPage":{"@id":"https:\/\/piayogaonline.com\/es\/pia-social\/#primaryimage"},"image":{"@id":"https:\/\/piayogaonline.com\/es\/pia-social\/#primaryimage"},"thumbnailUrl":"https:\/\/piayogaonline.com\/wp-content\/uploads\/2020\/04\/LOGO_PIAYOGASOCIAL-pequeno.png","datePublished":"2020-05-25T23:22:11+00:00","dateModified":"2021-01-08T01:21:29+00:00","breadcrumb":{"@id":"https:\/\/piayogaonline.com\/es\/pia-social\/#breadcrumb"},"inLanguage":"es-CO","potentialAction":[{"@type":"ReadAction","target":["https:\/\/piayogaonline.com\/es\/pia-social\/"]}]},{"@type":"ImageObject","inLanguage":"es-CO","@id":"https:\/\/piayogaonline.com\/es\/pia-social\/#primaryimage","url":"https:\/\/piayogaonline.com\/wp-content\/uploads\/2020\/04\/LOGO_PIAYOGASOCIAL-pequeno.png","contentUrl":"https:\/\/piayogaonline.com\/wp-content\/uploads\/2020\/04\/LOGO_PIAYOGASOCIAL-pequeno.png"},{"@type":"BreadcrumbList","@id":"https:\/\/piayogaonline.com\/es\/pia-social\/#breadcrumb","itemListElement":[{"@type":"ListItem","position":1,"name":"Home","item":"https:\/\/piayogaonline.com\/es\/"},{"@type":"ListItem","position":2,"name":"Pia Social"}]},{"@type":"WebSite","@id":"https:\/\/piayogaonline.com\/es\/#website","url":"https:\/\/piayogaonline.com\/es\/","name":"Pia Yoga Online - Yoga para fortalecer mente y cuerpo","description":"Clases de yoga online, videos y consejos para tu pr\u00e1ctica de yoga, enfocados en fortalecer mente y cuerpo. Tambi\u00e9n informaci\u00f3n sobre talleres, retiros de yoga y eventos especiales.","potentialAction":[{"@type":"SearchAction","target":{"@type":"EntryPoint","urlTemplate":"https:\/\/piayogaonline.com\/es\/?s={search_term_string}"},"query-input":{"@type":"PropertyValueSpecification","valueRequired":true,"valueName":"search_term_string"}}],"inLanguage":"es-CO"}]}},"_links":{"self":[{"href":"https:\/\/piayogaonline.com\/es\/wp-json\/wp\/v2\/pages\/1394","targetHints":{"allow":["GET"]}}],"collection":[{"href":"https:\/\/piayogaonline.com\/es\/wp-json\/wp\/v2\/pages"}],"about":[{"href":"https:\/\/piayogaonline.com\/es\/wp-json\/wp\/v2\/types\/page"}],"author":[{"embeddable":true,"href":"https:\/\/piayogaonline.com\/es\/wp-json\/wp\/v2\/users\/231"}],"replies":[{"embeddable":true,"href":"https:\/\/piayogaonline.com\/es\/wp-json\/wp\/v2\/comments?post=1394"}],"version-history":[{"count":0,"href":"https:\/\/piayogaonline.com\/es\/wp-json\/wp\/v2\/pages\/1394\/revisions"}],"wp:attachment":[{"href":"https:\/\/piayogaonline.com\/es\/wp-json\/wp\/v2\/media?parent=1394"}],"curies":[{"name":"wp","href":"https:\/\/api.w.org\/{rel}","templated":true}]}}