{"id":1392,"date":"2020-05-25T23:18:14","date_gmt":"2020-05-25T23:18:14","guid":{"rendered":"https:\/\/piayogaonline.com\/?page_id=1392"},"modified":"2024-04-26T22:41:06","modified_gmt":"2024-04-27T02:41:06","slug":"skanda-yoga","status":"publish","type":"page","link":"https:\/\/piayogaonline.com\/es\/skanda-yoga\/","title":{"rendered":"Skanda Yoga"},"content":{"rendered":"\n<p>Principalmente ense\u00f1o Skanda Yoga, un estilo de power vinyasa que personalmente captur\u00f3 mi coraz\u00f3n despu\u00e9s de muchos a\u00f1os de practicar diferentes estilos.<\/p>\n\n\n\n<p>Este estilo, reconocido por el Yoga Alliance, fue creado hace m\u00e1s de 10 a\u00f1os por Anand (Ken Von Roenn) junto con su pareja de vida, Sadhana (Lina Vallejo), ambos maestros de maestros. Anand es autor de dos libros que verdaderamente recomiendo, especialmente el primero:&nbsp;<a href=\"https:\/\/amzn.to\/2WnS9B7\" target=\"_blank\" rel=\"noreferrer noopener\">La Pr\u00e1ctica de Skanda Yoga<\/a>&nbsp;y&nbsp;<a href=\"https:\/\/amzn.to\/324Fmoe\" target=\"_blank\" rel=\"noreferrer noopener\">Classes of Enchantment<\/a>.<\/p>\n\n\n\n\n\n<h1 class=\"wp-block-heading\">\u00bfQU\u00c9 ES SKANDA YOGA?<\/h1>\n\n\n\n<p>Skanda Yoga es un estilo de power vinyasa yoga guiado por el calendario lunar\/solar para crear secuencias transformadoras con intenciones f\u00edsicas y espirituales diarias que nos conecten m\u00e1s con el orden de los ciclos naturales.<\/p>\n\n\n\n<p>Skanda honra la tradici\u00f3n del yoga en su filosof\u00eda, aplicaci\u00f3n de t\u00e9cnicas de meditaci\u00f3n, pranayama, y asanas, incorporando adem\u00e1s t\u00e9cnicas modernas de estiramiento.<\/p>\n\n\n\n<p>Skanda Yoga tiene 20 secuencias diferentes que permiten una progresi\u00f3n continua, mientras se explora diferentes caminos para abrir y fortalece el cuerpo. Se manejan diferentes niveles pero todas las clase divertidas, retadoras, inspiradoras y empoderadoras.<\/p>\n\n\n\n<p>El objetivo de Skanda Yoga es fortalecer la forma f\u00edsica, la energ\u00eda vital y alinearnos con el Universo.<\/p>\n","protected":false},"excerpt":{"rendered":"<p>Principalmente ense\u00f1o Skanda Yoga, un estilo de power vinyasa que personalmente captur\u00f3 mi coraz\u00f3n despu\u00e9s de muchos a\u00f1os de practicar diferentes estilos. Este estilo, reconocido por el Yoga Alliance, fue creado hace m\u00e1s de 10 a\u00f1os por Anand (Ken Von Roenn) junto con su pareja de vida, Sadhana (Lina Vallejo), ambos maestros de maestros. Anand [&hellip;]<\/p>\n","protected":false},"author":231,"featured_media":1313,"parent":0,"menu_order":0,"comment_status":"closed","ping_status":"closed","template":"","meta":{"footnotes":""},"class_list":["post-1392","page","type-page","status-publish","has-post-thumbnail","hentry"],"yoast_head":"<!-- This site is optimized with the Yoast SEO plugin v27.4 - https:\/\/yoast.com\/product\/yoast-seo-wordpress\/ -->\n<title>Skanda Yoga - Pia Yoga Online - Yoga para fortalecer mente y cuerpo<\/title>\n<meta name=\"robots\" content=\"index, follow, max-snippet:-1, max-image-preview:large, max-video-preview:-1\" \/>\n<link rel=\"canonical\" href=\"https:\/\/piayogaonline.com\/es\/skanda-yoga\/\" \/>\n<meta property=\"og:locale\" content=\"es_ES\" \/>\n<meta property=\"og:type\" content=\"article\" \/>\n<meta property=\"og:title\" content=\"Skanda Yoga - Pia Yoga Online - Yoga para fortalecer mente y cuerpo\" \/>\n<meta property=\"og:description\" content=\"Principalmente ense\u00f1o Skanda Yoga, un estilo de power vinyasa que personalmente captur\u00f3 mi coraz\u00f3n despu\u00e9s de muchos a\u00f1os de practicar diferentes estilos. Este estilo, reconocido por el Yoga Alliance, fue creado hace m\u00e1s de 10 a\u00f1os por Anand (Ken Von Roenn) junto con su pareja de vida, Sadhana (Lina Vallejo), ambos maestros de maestros. Anand [&hellip;]\" \/>\n<meta property=\"og:url\" content=\"https:\/\/piayogaonline.com\/es\/skanda-yoga\/\" \/>\n<meta property=\"og:site_name\" content=\"Pia Yoga Online - Yoga para fortalecer mente y cuerpo\" \/>\n<meta property=\"article:publisher\" content=\"https:\/\/www.facebook.com\/PiaYoga108\/\" \/>\n<meta property=\"article:modified_time\" content=\"2024-04-27T02:41:06+00:00\" \/>\n<meta property=\"og:image\" content=\"https:\/\/piayogaonline.com\/wp-content\/uploads\/2020\/01\/skanda-yoga.jpg\" \/>\n\t<meta property=\"og:image:width\" content=\"1500\" \/>\n\t<meta property=\"og:image:height\" content=\"965\" \/>\n\t<meta property=\"og:image:type\" content=\"image\/jpeg\" \/>\n<meta name=\"twitter:card\" content=\"summary_large_image\" \/>\n<meta name=\"twitter:label1\" content=\"Tiempo de lectura\" \/>\n\t<meta name=\"twitter:data1\" content=\"1 minuto\" \/>\n<script type=\"application\/ld+json\" class=\"yoast-schema-graph\">{\"@context\":\"https:\\\/\\\/schema.org\",\"@graph\":[{\"@type\":\"WebPage\",\"@id\":\"https:\\\/\\\/piayogaonline.com\\\/es\\\/skanda-yoga\\\/\",\"url\":\"https:\\\/\\\/piayogaonline.com\\\/es\\\/skanda-yoga\\\/\",\"name\":\"Skanda Yoga - Pia Yoga Online - Yoga para fortalecer mente y cuerpo\",\"isPartOf\":{\"@id\":\"https:\\\/\\\/piayogaonline.com\\\/es\\\/#website\"},\"primaryImageOfPage\":{\"@id\":\"https:\\\/\\\/piayogaonline.com\\\/es\\\/skanda-yoga\\\/#primaryimage\"},\"image\":{\"@id\":\"https:\\\/\\\/piayogaonline.com\\\/es\\\/skanda-yoga\\\/#primaryimage\"},\"thumbnailUrl\":\"https:\\\/\\\/piayogaonline.com\\\/wp-content\\\/uploads\\\/2020\\\/01\\\/skanda-yoga.jpg\",\"datePublished\":\"2020-05-25T23:18:14+00:00\",\"dateModified\":\"2024-04-27T02:41:06+00:00\",\"breadcrumb\":{\"@id\":\"https:\\\/\\\/piayogaonline.com\\\/es\\\/skanda-yoga\\\/#breadcrumb\"},\"inLanguage\":\"es-CO\",\"potentialAction\":[{\"@type\":\"ReadAction\",\"target\":[\"https:\\\/\\\/piayogaonline.com\\\/es\\\/skanda-yoga\\\/\"]}]},{\"@type\":\"ImageObject\",\"inLanguage\":\"es-CO\",\"@id\":\"https:\\\/\\\/piayogaonline.com\\\/es\\\/skanda-yoga\\\/#primaryimage\",\"url\":\"https:\\\/\\\/piayogaonline.com\\\/wp-content\\\/uploads\\\/2020\\\/01\\\/skanda-yoga.jpg\",\"contentUrl\":\"https:\\\/\\\/piayogaonline.com\\\/wp-content\\\/uploads\\\/2020\\\/01\\\/skanda-yoga.jpg\",\"width\":1500,\"height\":965},{\"@type\":\"BreadcrumbList\",\"@id\":\"https:\\\/\\\/piayogaonline.com\\\/es\\\/skanda-yoga\\\/#breadcrumb\",\"itemListElement\":[{\"@type\":\"ListItem\",\"position\":1,\"name\":\"Home\",\"item\":\"https:\\\/\\\/piayogaonline.com\\\/es\\\/\"},{\"@type\":\"ListItem\",\"position\":2,\"name\":\"Skanda Yoga\"}]},{\"@type\":\"WebSite\",\"@id\":\"https:\\\/\\\/piayogaonline.com\\\/es\\\/#website\",\"url\":\"https:\\\/\\\/piayogaonline.com\\\/es\\\/\",\"name\":\"Pia Yoga Online - Yoga para fortalecer mente y cuerpo\",\"description\":\"Clases de yoga online, videos y consejos para tu pr\u00e1ctica de yoga, enfocados en fortalecer mente y cuerpo. Tambi\u00e9n informaci\u00f3n sobre talleres, retiros de yoga y eventos especiales.\",\"potentialAction\":[{\"@type\":\"SearchAction\",\"target\":{\"@type\":\"EntryPoint\",\"urlTemplate\":\"https:\\\/\\\/piayogaonline.com\\\/es\\\/?s={search_term_string}\"},\"query-input\":{\"@type\":\"PropertyValueSpecification\",\"valueRequired\":true,\"valueName\":\"search_term_string\"}}],\"inLanguage\":\"es-CO\"}]}<\/script>\n<!-- \/ Yoast SEO plugin. -->","yoast_head_json":{"title":"Skanda Yoga - Pia Yoga Online - Yoga para fortalecer mente y cuerpo","robots":{"index":"index","follow":"follow","max-snippet":"max-snippet:-1","max-image-preview":"max-image-preview:large","max-video-preview":"max-video-preview:-1"},"canonical":"https:\/\/piayogaonline.com\/es\/skanda-yoga\/","og_locale":"es_ES","og_type":"article","og_title":"Skanda Yoga - Pia Yoga Online - Yoga para fortalecer mente y cuerpo","og_description":"Principalmente ense\u00f1o Skanda Yoga, un estilo de power vinyasa que personalmente captur\u00f3 mi coraz\u00f3n despu\u00e9s de muchos a\u00f1os de practicar diferentes estilos. Este estilo, reconocido por el Yoga Alliance, fue creado hace m\u00e1s de 10 a\u00f1os por Anand (Ken Von Roenn) junto con su pareja de vida, Sadhana (Lina Vallejo), ambos maestros de maestros. Anand [&hellip;]","og_url":"https:\/\/piayogaonline.com\/es\/skanda-yoga\/","og_site_name":"Pia Yoga Online - Yoga para fortalecer mente y cuerpo","article_publisher":"https:\/\/www.facebook.com\/PiaYoga108\/","article_modified_time":"2024-04-27T02:41:06+00:00","og_image":[{"width":1500,"height":965,"url":"https:\/\/piayogaonline.com\/wp-content\/uploads\/2020\/01\/skanda-yoga.jpg","type":"image\/jpeg"}],"twitter_card":"summary_large_image","twitter_misc":{"Tiempo de lectura":"1 minuto"},"schema":{"@context":"https:\/\/schema.org","@graph":[{"@type":"WebPage","@id":"https:\/\/piayogaonline.com\/es\/skanda-yoga\/","url":"https:\/\/piayogaonline.com\/es\/skanda-yoga\/","name":"Skanda Yoga - Pia Yoga Online - Yoga para fortalecer mente y cuerpo","isPartOf":{"@id":"https:\/\/piayogaonline.com\/es\/#website"},"primaryImageOfPage":{"@id":"https:\/\/piayogaonline.com\/es\/skanda-yoga\/#primaryimage"},"image":{"@id":"https:\/\/piayogaonline.com\/es\/skanda-yoga\/#primaryimage"},"thumbnailUrl":"https:\/\/piayogaonline.com\/wp-content\/uploads\/2020\/01\/skanda-yoga.jpg","datePublished":"2020-05-25T23:18:14+00:00","dateModified":"2024-04-27T02:41:06+00:00","breadcrumb":{"@id":"https:\/\/piayogaonline.com\/es\/skanda-yoga\/#breadcrumb"},"inLanguage":"es-CO","potentialAction":[{"@type":"ReadAction","target":["https:\/\/piayogaonline.com\/es\/skanda-yoga\/"]}]},{"@type":"ImageObject","inLanguage":"es-CO","@id":"https:\/\/piayogaonline.com\/es\/skanda-yoga\/#primaryimage","url":"https:\/\/piayogaonline.com\/wp-content\/uploads\/2020\/01\/skanda-yoga.jpg","contentUrl":"https:\/\/piayogaonline.com\/wp-content\/uploads\/2020\/01\/skanda-yoga.jpg","width":1500,"height":965},{"@type":"BreadcrumbList","@id":"https:\/\/piayogaonline.com\/es\/skanda-yoga\/#breadcrumb","itemListElement":[{"@type":"ListItem","position":1,"name":"Home","item":"https:\/\/piayogaonline.com\/es\/"},{"@type":"ListItem","position":2,"name":"Skanda Yoga"}]},{"@type":"WebSite","@id":"https:\/\/piayogaonline.com\/es\/#website","url":"https:\/\/piayogaonline.com\/es\/","name":"Pia Yoga Online - Yoga para fortalecer mente y cuerpo","description":"Clases de yoga online, videos y consejos para tu pr\u00e1ctica de yoga, enfocados en fortalecer mente y cuerpo. Tambi\u00e9n informaci\u00f3n sobre talleres, retiros de yoga y eventos especiales.","potentialAction":[{"@type":"SearchAction","target":{"@type":"EntryPoint","urlTemplate":"https:\/\/piayogaonline.com\/es\/?s={search_term_string}"},"query-input":{"@type":"PropertyValueSpecification","valueRequired":true,"valueName":"search_term_string"}}],"inLanguage":"es-CO"}]}},"_links":{"self":[{"href":"https:\/\/piayogaonline.com\/es\/wp-json\/wp\/v2\/pages\/1392","targetHints":{"allow":["GET"]}}],"collection":[{"href":"https:\/\/piayogaonline.com\/es\/wp-json\/wp\/v2\/pages"}],"about":[{"href":"https:\/\/piayogaonline.com\/es\/wp-json\/wp\/v2\/types\/page"}],"author":[{"embeddable":true,"href":"https:\/\/piayogaonline.com\/es\/wp-json\/wp\/v2\/users\/231"}],"replies":[{"embeddable":true,"href":"https:\/\/piayogaonline.com\/es\/wp-json\/wp\/v2\/comments?post=1392"}],"version-history":[{"count":1,"href":"https:\/\/piayogaonline.com\/es\/wp-json\/wp\/v2\/pages\/1392\/revisions"}],"predecessor-version":[{"id":11524,"href":"https:\/\/piayogaonline.com\/es\/wp-json\/wp\/v2\/pages\/1392\/revisions\/11524"}],"wp:featuredmedia":[{"embeddable":true,"href":"https:\/\/piayogaonline.com\/es\/wp-json\/wp\/v2\/media\/1313"}],"wp:attachment":[{"href":"https:\/\/piayogaonline.com\/es\/wp-json\/wp\/v2\/media?parent=1392"}],"curies":[{"name":"wp","href":"https:\/\/api.w.org\/{rel}","templated":true}]}}