{"id":1386,"date":"2020-05-25T23:11:34","date_gmt":"2020-05-25T23:11:34","guid":{"rendered":"https:\/\/piayogaonline.com\/?page_id=1386"},"modified":"2023-03-21T22:23:17","modified_gmt":"2023-03-22T02:23:17","slug":"horario-clases-yoga","status":"publish","type":"page","link":"https:\/\/piayogaonline.com\/es\/horario-clases-yoga\/","title":{"rendered":"Clases de yoga online y en persona"},"content":{"rendered":"\t\t<div data-elementor-type=\"wp-page\" data-elementor-id=\"1386\" class=\"elementor elementor-1386 elementor-56\" data-elementor-post-type=\"page\">\n\t\t\t\t\t\t<section class=\"elementor-section elementor-top-section elementor-element elementor-element-3df81c17 elementor-section-boxed elementor-section-height-default elementor-section-height-default\" data-id=\"3df81c17\" data-element_type=\"section\" data-e-type=\"section\">\n\t\t\t\t\t\t<div class=\"elementor-container elementor-column-gap-default\">\n\t\t\t\t\t<div class=\"elementor-column elementor-col-100 elementor-top-column elementor-element elementor-element-570875c8\" data-id=\"570875c8\" data-element_type=\"column\" data-e-type=\"column\">\n\t\t\t<div class=\"elementor-widget-wrap elementor-element-populated\">\n\t\t\t\t\t\t<div class=\"elementor-element elementor-element-10f74550 elementor-widget elementor-widget-heading\" data-id=\"10f74550\" data-element_type=\"widget\" data-e-type=\"widget\" data-widget_type=\"heading.default\">\n\t\t\t\t<div class=\"elementor-widget-container\">\n\t\t\t\t\t<h2 class=\"elementor-heading-title elementor-size-default\">1. CLASES DE YOGA PRIVADAS EN MIAMI<\/h2>\t\t\t\t<\/div>\n\t\t\t\t<\/div>\n\t\t\t\t<div class=\"elementor-element elementor-element-2caee7df elementor-widget elementor-widget-text-editor\" data-id=\"2caee7df\" data-element_type=\"widget\" data-e-type=\"widget\" data-widget_type=\"text-editor.default\">\n\t\t\t\t<div class=\"elementor-widget-container\">\n\t\t\t\t\t\t\t\t\t<p>Clases privadas 1-1 de yoga en Miami dise\u00f1adas para tu propio ritmo y necesidades.\u00a0<\/p>\n<p>No importa si eres principiante queriendo iniciar una pr\u00e1ctica de yoga o si eres un estudiantes regular queriendo avanzar o ahondar en tu pr\u00e1ctica de yoga.<\/p>\n<p>Me puedes\u00a0<a href=\"mailto:piayogacontact@gmail.com\" target=\"_blank\" rel=\"noopener\">contactar<\/a>\u00a0o comprar abajo:<\/p>\t\t\t\t\t\t\t\t<\/div>\n\t\t\t\t<\/div>\n\t\t\t\t<div class=\"elementor-element elementor-element-72c3b837 elementor-align-center elementor-widget elementor-widget-button\" data-id=\"72c3b837\" data-element_type=\"widget\" data-e-type=\"widget\" data-widget_type=\"button.default\">\n\t\t\t\t<div class=\"elementor-widget-container\">\n\t\t\t\t\t\t\t\t\t<div class=\"elementor-button-wrapper\">\n\t\t\t\t\t<a class=\"elementor-button elementor-button-link elementor-size-sm\" href=\"https:\/\/piayogaonline.com\/product\/private-yoga-classes-in-miami-in-person\/\">\n\t\t\t\t\t\t<span class=\"elementor-button-content-wrapper\">\n\t\t\t\t\t\t\t\t\t<span class=\"elementor-button-text\">COMPRAR CLASE PRIVADA CON PIA<\/span>\n\t\t\t\t\t<\/span>\n\t\t\t\t\t<\/a>\n\t\t\t\t<\/div>\n\t\t\t\t\t\t\t\t<\/div>\n\t\t\t\t<\/div>\n\t\t\t\t<div class=\"elementor-element elementor-element-78a882b7 elementor-widget elementor-widget-testimonial\" data-id=\"78a882b7\" data-element_type=\"widget\" data-e-type=\"widget\" data-widget_type=\"testimonial.default\">\n\t\t\t\t<div class=\"elementor-widget-container\">\n\t\t\t\t\t\t\t<div class=\"elementor-testimonial-wrapper\">\n\t\t\t\t\t\t\t<div class=\"elementor-testimonial-content\">\"Pia es una instructora de yoga incre\u00edble. He estado tomando clases individuales con ella durante m\u00e1s de un a\u00f1o y los resultados son fant\u00e1sticos. Hoy tengo mucha m\u00e1s fuerza, flexibilidad y un mayor nivel de concentraci\u00f3n. Adem\u00e1s de eso, me siento muy bien despu\u00e9s de cada clase. Sus clases tienen un equilibrio perfecto entre el bienestar y la relajaci\u00f3n. Su atenci\u00f3n al detalle tiene un impacto en todos los aspectos de la clase. Mis dos hijas (de 5 y 9 a\u00f1os) se me unen de vez en cuando y tambi\u00e9n est\u00e1n empezando a amar sus clases\"<\/div>\n\t\t\t\n\t\t\t\t\t\t<div class=\"elementor-testimonial-meta elementor-has-image elementor-testimonial-image-position-aside\">\n\t\t\t\t<div class=\"elementor-testimonial-meta-inner\">\n\t\t\t\t\t\t\t\t\t\t\t<div class=\"elementor-testimonial-image\">\n\t\t\t\t\t\t\t<img fetchpriority=\"high\" decoding=\"async\" width=\"300\" height=\"218\" src=\"https:\/\/piayogaonline.com\/wp-content\/uploads\/2020\/12\/private-yoga-class-in-miami-3-1-300x218.jpg\" class=\"attachment-medium size-medium wp-image-3936\" alt=\"private yoga class in miami 3\" srcset=\"https:\/\/piayogaonline.com\/wp-content\/uploads\/2020\/12\/private-yoga-class-in-miami-3-1-300x218.jpg 300w, https:\/\/piayogaonline.com\/wp-content\/uploads\/2020\/12\/private-yoga-class-in-miami-3-1-600x436.jpg 600w, https:\/\/piayogaonline.com\/wp-content\/uploads\/2020\/12\/private-yoga-class-in-miami-3-1-1024x745.jpg 1024w, https:\/\/piayogaonline.com\/wp-content\/uploads\/2020\/12\/private-yoga-class-in-miami-3-1-768x558.jpg 768w, https:\/\/piayogaonline.com\/wp-content\/uploads\/2020\/12\/private-yoga-class-in-miami-3-1.jpg 1242w\" sizes=\"(max-width: 300px) 100vw, 300px\" \/>\t\t\t\t\t\t<\/div>\n\t\t\t\t\t\n\t\t\t\t\t\t\t\t\t\t<div class=\"elementor-testimonial-details\">\n\t\t\t\t\t\t\t\t\t\t\t\t\t\t<div class=\"elementor-testimonial-name\">Gerardo Mahuad<\/div>\n\t\t\t\t\t\t\t\t\t\t\t\t\t\t\t\t\t\t\t\t\t\t<div class=\"elementor-testimonial-job\">Entrepreneur<\/div>\n\t\t\t\t\t\t\t\t\t\t\t\t\t<\/div>\n\t\t\t\t\t\t\t\t\t<\/div>\n\t\t\t<\/div>\n\t\t\t\t\t<\/div>\n\t\t\t\t\t\t<\/div>\n\t\t\t\t<\/div>\n\t\t\t\t<div class=\"elementor-element elementor-element-5ee952ba elementor-widget elementor-widget-spacer\" data-id=\"5ee952ba\" data-element_type=\"widget\" data-e-type=\"widget\" data-widget_type=\"spacer.default\">\n\t\t\t\t<div class=\"elementor-widget-container\">\n\t\t\t\t\t\t\t<div class=\"elementor-spacer\">\n\t\t\t<div class=\"elementor-spacer-inner\"><\/div>\n\t\t<\/div>\n\t\t\t\t\t\t<\/div>\n\t\t\t\t<\/div>\n\t\t\t\t<div class=\"elementor-element elementor-element-124a90c4 elementor-widget elementor-widget-heading\" data-id=\"124a90c4\" data-element_type=\"widget\" data-e-type=\"widget\" data-widget_type=\"heading.default\">\n\t\t\t\t<div class=\"elementor-widget-container\">\n\t\t\t\t\t<h2 class=\"elementor-heading-title elementor-size-default\">2. CLASES DE YOGA GRUPALES EN MIAMI<\/h2>\t\t\t\t<\/div>\n\t\t\t\t<\/div>\n\t\t\t\t<div class=\"elementor-element elementor-element-647dac48 elementor-widget elementor-widget-image\" data-id=\"647dac48\" data-element_type=\"widget\" data-e-type=\"widget\" data-widget_type=\"image.default\">\n\t\t\t\t<div class=\"elementor-widget-container\">\n\t\t\t\t\t\t\t\t\t\t\t\t\t\t\t<img decoding=\"async\" width=\"768\" height=\"479\" src=\"https:\/\/piayogaonline.com\/wp-content\/uploads\/2020\/02\/sweat-and-stretch-february-23-lululemon-brickell-miami-e1677859847507.jpg\" class=\"attachment-medium_large size-medium_large wp-image-1320\" alt=\"\" srcset=\"https:\/\/piayogaonline.com\/wp-content\/uploads\/2020\/02\/sweat-and-stretch-february-23-lululemon-brickell-miami-e1677859847507.jpg 1500w, https:\/\/piayogaonline.com\/wp-content\/uploads\/2020\/02\/sweat-and-stretch-february-23-lululemon-brickell-miami-e1677859847507-600x374.jpg 600w\" sizes=\"(max-width: 768px) 100vw, 768px\" \/>\t\t\t\t\t\t\t\t\t\t\t\t\t\t\t<\/div>\n\t\t\t\t<\/div>\n\t\t\t\t<div class=\"elementor-element elementor-element-20f84db9 elementor-widget elementor-widget-text-editor\" data-id=\"20f84db9\" data-element_type=\"widget\" data-e-type=\"widget\" data-widget_type=\"text-editor.default\">\n\t\t\t\t<div class=\"elementor-widget-container\">\n\t\t\t\t\t\t\t\t\t<p>Actualmente, no estoy ense\u00f1ando clases de yoga regulares en un estudio pues estoy dedicada mi hija.\u00a0<\/p>\n<p>Sin embargo, hago algunos eventos espor\u00e1dicos as\u00ed que <a href=\"http:\/\/eepurl.com\/gZGMg1\" target=\"_blank\" rel=\"noreferrer noopener\"><strong>REGISTRATE AQU\u00ed<\/strong><\/a> para no perderte de nada.<\/p>\n<p>Tambi\u00e9n estoy abierta a realizar eventos o ense\u00f1ar alguna clase para un evento especial que tengas con tus amigos <strong><a href=\"mailto:piayogacontact@gmail.com\">Cont\u00e1ctame<\/a>!<\/strong><\/p>\t\t\t\t\t\t\t\t<\/div>\n\t\t\t\t<\/div>\n\t\t\t\t<div class=\"elementor-element elementor-element-3234bd80 elementor-align-center elementor-widget elementor-widget-button\" data-id=\"3234bd80\" data-element_type=\"widget\" data-e-type=\"widget\" data-widget_type=\"button.default\">\n\t\t\t\t<div class=\"elementor-widget-container\">\n\t\t\t\t\t\t\t\t\t<div class=\"elementor-button-wrapper\">\n\t\t\t\t\t<a class=\"elementor-button elementor-button-link elementor-size-sm\" href=\"http:\/\/eepurl.com\/gZGMg1\">\n\t\t\t\t\t\t<span class=\"elementor-button-content-wrapper\">\n\t\t\t\t\t\t\t\t\t<span class=\"elementor-button-text\">REGISTRARME AL NEWSLETTER DE PIA<\/span>\n\t\t\t\t\t<\/span>\n\t\t\t\t\t<\/a>\n\t\t\t\t<\/div>\n\t\t\t\t\t\t\t\t<\/div>\n\t\t\t\t<\/div>\n\t\t\t\t<div class=\"elementor-element elementor-element-11ffbdc2 elementor-widget elementor-widget-text-editor\" data-id=\"11ffbdc2\" data-element_type=\"widget\" data-e-type=\"widget\" data-widget_type=\"text-editor.default\">\n\t\t\t\t<div class=\"elementor-widget-container\">\n\t\t\t\t\t\t\t\t\t<p><span style=\"font-size: 18px; color: var( --e-global-color-text );\">\u21d2 VISITA MI<\/span><strong style=\"font-size: 18px; color: var( --e-global-color-text );\"><a href=\"https:\/\/piayogaonline.com\/shop\/\"> TIENDA<\/a>\u00a0<\/strong><span style=\"font-size: 18px; color: var( --e-global-color-text );\">TO PARA VER OPCIONES DE PAQUETES 1-1, GIFTACRDS, Y M\u00c1S!<\/span><\/p>\t\t\t\t\t\t\t\t<\/div>\n\t\t\t\t<\/div>\n\t\t\t\t\t<\/div>\n\t\t<\/div>\n\t\t\t\t\t<\/div>\n\t\t<\/section>\n\t\t\t\t<\/div>\n\t\t","protected":false},"excerpt":{"rendered":"<p>1. CLASES DE YOGA PRIVADAS EN MIAMI Clases privadas 1-1 de yoga en Miami dise\u00f1adas para tu propio ritmo y necesidades.\u00a0 No importa si eres principiante queriendo iniciar una pr\u00e1ctica de yoga o si eres un estudiantes regular queriendo avanzar o ahondar en tu pr\u00e1ctica de yoga. Me puedes\u00a0contactar\u00a0o comprar abajo: COMPRAR CLASE PRIVADA CON [&hellip;]<\/p>\n","protected":false},"author":231,"featured_media":9678,"parent":0,"menu_order":0,"comment_status":"closed","ping_status":"closed","template":"elementor_theme","meta":{"footnotes":""},"class_list":["post-1386","page","type-page","status-publish","has-post-thumbnail","hentry"],"yoast_head":"<!-- This site is optimized with the Yoast SEO plugin v27.4 - https:\/\/yoast.com\/product\/yoast-seo-wordpress\/ -->\n<title>Clases de yoga online y en persona - Pia Yoga Online - Yoga para fortalecer mente y cuerpo<\/title>\n<meta name=\"robots\" content=\"index, follow, max-snippet:-1, max-image-preview:large, max-video-preview:-1\" \/>\n<link rel=\"canonical\" href=\"https:\/\/piayogaonline.com\/es\/horario-clases-yoga\/\" \/>\n<meta property=\"og:locale\" content=\"es_ES\" \/>\n<meta property=\"og:type\" content=\"article\" \/>\n<meta property=\"og:title\" content=\"Clases de yoga online y en persona - Pia Yoga Online - Yoga para fortalecer mente y cuerpo\" \/>\n<meta property=\"og:description\" content=\"1. CLASES DE YOGA PRIVADAS EN MIAMI Clases privadas 1-1 de yoga en Miami dise\u00f1adas para tu propio ritmo y necesidades.\u00a0 No importa si eres principiante queriendo iniciar una pr\u00e1ctica de yoga o si eres un estudiantes regular queriendo avanzar o ahondar en tu pr\u00e1ctica de yoga. Me puedes\u00a0contactar\u00a0o comprar abajo: COMPRAR CLASE PRIVADA CON [&hellip;]\" \/>\n<meta property=\"og:url\" content=\"https:\/\/piayogaonline.com\/es\/horario-clases-yoga\/\" \/>\n<meta property=\"og:site_name\" content=\"Pia Yoga Online - Yoga para fortalecer mente y cuerpo\" \/>\n<meta property=\"article:publisher\" content=\"https:\/\/www.facebook.com\/PiaYoga108\/\" \/>\n<meta property=\"article:modified_time\" content=\"2023-03-22T02:23:17+00:00\" \/>\n<meta property=\"og:image\" content=\"https:\/\/piayogaonline.com\/wp-content\/uploads\/2021\/08\/beneficios-de-yoga-fortaleza.jpg\" \/>\n\t<meta property=\"og:image:width\" content=\"1200\" \/>\n\t<meta property=\"og:image:height\" content=\"1162\" \/>\n\t<meta property=\"og:image:type\" content=\"image\/jpeg\" \/>\n<meta name=\"twitter:card\" content=\"summary_large_image\" \/>\n<meta name=\"twitter:label1\" content=\"Tiempo de lectura\" \/>\n\t<meta name=\"twitter:data1\" content=\"2 minutos\" \/>\n<script type=\"application\/ld+json\" class=\"yoast-schema-graph\">{\"@context\":\"https:\\\/\\\/schema.org\",\"@graph\":[{\"@type\":\"WebPage\",\"@id\":\"https:\\\/\\\/piayogaonline.com\\\/es\\\/horario-clases-yoga\\\/\",\"url\":\"https:\\\/\\\/piayogaonline.com\\\/es\\\/horario-clases-yoga\\\/\",\"name\":\"Clases de yoga online y en persona - Pia Yoga Online - Yoga para fortalecer mente y cuerpo\",\"isPartOf\":{\"@id\":\"https:\\\/\\\/piayogaonline.com\\\/es\\\/#website\"},\"primaryImageOfPage\":{\"@id\":\"https:\\\/\\\/piayogaonline.com\\\/es\\\/horario-clases-yoga\\\/#primaryimage\"},\"image\":{\"@id\":\"https:\\\/\\\/piayogaonline.com\\\/es\\\/horario-clases-yoga\\\/#primaryimage\"},\"thumbnailUrl\":\"https:\\\/\\\/piayogaonline.com\\\/wp-content\\\/uploads\\\/2021\\\/08\\\/beneficios-de-yoga-fortaleza.jpg\",\"datePublished\":\"2020-05-25T23:11:34+00:00\",\"dateModified\":\"2023-03-22T02:23:17+00:00\",\"breadcrumb\":{\"@id\":\"https:\\\/\\\/piayogaonline.com\\\/es\\\/horario-clases-yoga\\\/#breadcrumb\"},\"inLanguage\":\"es-CO\",\"potentialAction\":[{\"@type\":\"ReadAction\",\"target\":[\"https:\\\/\\\/piayogaonline.com\\\/es\\\/horario-clases-yoga\\\/\"]}]},{\"@type\":\"ImageObject\",\"inLanguage\":\"es-CO\",\"@id\":\"https:\\\/\\\/piayogaonline.com\\\/es\\\/horario-clases-yoga\\\/#primaryimage\",\"url\":\"https:\\\/\\\/piayogaonline.com\\\/wp-content\\\/uploads\\\/2021\\\/08\\\/beneficios-de-yoga-fortaleza.jpg\",\"contentUrl\":\"https:\\\/\\\/piayogaonline.com\\\/wp-content\\\/uploads\\\/2021\\\/08\\\/beneficios-de-yoga-fortaleza.jpg\",\"width\":1200,\"height\":1162,\"caption\":\"yoga en miami\"},{\"@type\":\"BreadcrumbList\",\"@id\":\"https:\\\/\\\/piayogaonline.com\\\/es\\\/horario-clases-yoga\\\/#breadcrumb\",\"itemListElement\":[{\"@type\":\"ListItem\",\"position\":1,\"name\":\"Home\",\"item\":\"https:\\\/\\\/piayogaonline.com\\\/es\\\/\"},{\"@type\":\"ListItem\",\"position\":2,\"name\":\"Clases de yoga online y en persona\"}]},{\"@type\":\"WebSite\",\"@id\":\"https:\\\/\\\/piayogaonline.com\\\/es\\\/#website\",\"url\":\"https:\\\/\\\/piayogaonline.com\\\/es\\\/\",\"name\":\"Pia Yoga Online - Yoga para fortalecer mente y cuerpo\",\"description\":\"Clases de yoga online, videos y consejos para tu pr\u00e1ctica de yoga, enfocados en fortalecer mente y cuerpo. Tambi\u00e9n informaci\u00f3n sobre talleres, retiros de yoga y eventos especiales.\",\"potentialAction\":[{\"@type\":\"SearchAction\",\"target\":{\"@type\":\"EntryPoint\",\"urlTemplate\":\"https:\\\/\\\/piayogaonline.com\\\/es\\\/?s={search_term_string}\"},\"query-input\":{\"@type\":\"PropertyValueSpecification\",\"valueRequired\":true,\"valueName\":\"search_term_string\"}}],\"inLanguage\":\"es-CO\"}]}<\/script>\n<!-- \/ Yoast SEO plugin. -->","yoast_head_json":{"title":"Clases de yoga online y en persona - Pia Yoga Online - Yoga para fortalecer mente y cuerpo","robots":{"index":"index","follow":"follow","max-snippet":"max-snippet:-1","max-image-preview":"max-image-preview:large","max-video-preview":"max-video-preview:-1"},"canonical":"https:\/\/piayogaonline.com\/es\/horario-clases-yoga\/","og_locale":"es_ES","og_type":"article","og_title":"Clases de yoga online y en persona - Pia Yoga Online - Yoga para fortalecer mente y cuerpo","og_description":"1. CLASES DE YOGA PRIVADAS EN MIAMI Clases privadas 1-1 de yoga en Miami dise\u00f1adas para tu propio ritmo y necesidades.\u00a0 No importa si eres principiante queriendo iniciar una pr\u00e1ctica de yoga o si eres un estudiantes regular queriendo avanzar o ahondar en tu pr\u00e1ctica de yoga. Me puedes\u00a0contactar\u00a0o comprar abajo: COMPRAR CLASE PRIVADA CON [&hellip;]","og_url":"https:\/\/piayogaonline.com\/es\/horario-clases-yoga\/","og_site_name":"Pia Yoga Online - Yoga para fortalecer mente y cuerpo","article_publisher":"https:\/\/www.facebook.com\/PiaYoga108\/","article_modified_time":"2023-03-22T02:23:17+00:00","og_image":[{"width":1200,"height":1162,"url":"https:\/\/piayogaonline.com\/wp-content\/uploads\/2021\/08\/beneficios-de-yoga-fortaleza.jpg","type":"image\/jpeg"}],"twitter_card":"summary_large_image","twitter_misc":{"Tiempo de lectura":"2 minutos"},"schema":{"@context":"https:\/\/schema.org","@graph":[{"@type":"WebPage","@id":"https:\/\/piayogaonline.com\/es\/horario-clases-yoga\/","url":"https:\/\/piayogaonline.com\/es\/horario-clases-yoga\/","name":"Clases de yoga online y en persona - Pia Yoga Online - Yoga para fortalecer mente y cuerpo","isPartOf":{"@id":"https:\/\/piayogaonline.com\/es\/#website"},"primaryImageOfPage":{"@id":"https:\/\/piayogaonline.com\/es\/horario-clases-yoga\/#primaryimage"},"image":{"@id":"https:\/\/piayogaonline.com\/es\/horario-clases-yoga\/#primaryimage"},"thumbnailUrl":"https:\/\/piayogaonline.com\/wp-content\/uploads\/2021\/08\/beneficios-de-yoga-fortaleza.jpg","datePublished":"2020-05-25T23:11:34+00:00","dateModified":"2023-03-22T02:23:17+00:00","breadcrumb":{"@id":"https:\/\/piayogaonline.com\/es\/horario-clases-yoga\/#breadcrumb"},"inLanguage":"es-CO","potentialAction":[{"@type":"ReadAction","target":["https:\/\/piayogaonline.com\/es\/horario-clases-yoga\/"]}]},{"@type":"ImageObject","inLanguage":"es-CO","@id":"https:\/\/piayogaonline.com\/es\/horario-clases-yoga\/#primaryimage","url":"https:\/\/piayogaonline.com\/wp-content\/uploads\/2021\/08\/beneficios-de-yoga-fortaleza.jpg","contentUrl":"https:\/\/piayogaonline.com\/wp-content\/uploads\/2021\/08\/beneficios-de-yoga-fortaleza.jpg","width":1200,"height":1162,"caption":"yoga en miami"},{"@type":"BreadcrumbList","@id":"https:\/\/piayogaonline.com\/es\/horario-clases-yoga\/#breadcrumb","itemListElement":[{"@type":"ListItem","position":1,"name":"Home","item":"https:\/\/piayogaonline.com\/es\/"},{"@type":"ListItem","position":2,"name":"Clases de yoga online y en persona"}]},{"@type":"WebSite","@id":"https:\/\/piayogaonline.com\/es\/#website","url":"https:\/\/piayogaonline.com\/es\/","name":"Pia Yoga Online - Yoga para fortalecer mente y cuerpo","description":"Clases de yoga online, videos y consejos para tu pr\u00e1ctica de yoga, enfocados en fortalecer mente y cuerpo. Tambi\u00e9n informaci\u00f3n sobre talleres, retiros de yoga y eventos especiales.","potentialAction":[{"@type":"SearchAction","target":{"@type":"EntryPoint","urlTemplate":"https:\/\/piayogaonline.com\/es\/?s={search_term_string}"},"query-input":{"@type":"PropertyValueSpecification","valueRequired":true,"valueName":"search_term_string"}}],"inLanguage":"es-CO"}]}},"_links":{"self":[{"href":"https:\/\/piayogaonline.com\/es\/wp-json\/wp\/v2\/pages\/1386","targetHints":{"allow":["GET"]}}],"collection":[{"href":"https:\/\/piayogaonline.com\/es\/wp-json\/wp\/v2\/pages"}],"about":[{"href":"https:\/\/piayogaonline.com\/es\/wp-json\/wp\/v2\/types\/page"}],"author":[{"embeddable":true,"href":"https:\/\/piayogaonline.com\/es\/wp-json\/wp\/v2\/users\/231"}],"replies":[{"embeddable":true,"href":"https:\/\/piayogaonline.com\/es\/wp-json\/wp\/v2\/comments?post=1386"}],"version-history":[{"count":0,"href":"https:\/\/piayogaonline.com\/es\/wp-json\/wp\/v2\/pages\/1386\/revisions"}],"wp:featuredmedia":[{"embeddable":true,"href":"https:\/\/piayogaonline.com\/es\/wp-json\/wp\/v2\/media\/9678"}],"wp:attachment":[{"href":"https:\/\/piayogaonline.com\/es\/wp-json\/wp\/v2\/media?parent=1386"}],"curies":[{"name":"wp","href":"https:\/\/api.w.org\/{rel}","templated":true}]}}