{"id":1384,"date":"2020-05-25T23:06:32","date_gmt":"2020-05-25T23:06:32","guid":{"rendered":"https:\/\/piayogaonline.com\/?page_id=1384"},"modified":"2020-06-10T17:47:25","modified_gmt":"2020-06-10T17:47:25","slug":"bienvenidos","status":"publish","type":"page","link":"https:\/\/piayogaonline.com\/es\/bienvenidos\/","title":{"rendered":"Bienvenidos!"},"content":{"rendered":"\n<p>Bienvenido a este espacio de yoga dise\u00f1ado para ti. En este sitio encontrar\u00e1s inspiraci\u00f3n para iniciar o continuar con tu pr\u00e1ctica de yoga, adem\u00e1s de recursos para ahondar en el conocimiento de esta filosof\u00eda.<\/p>\n\n\n\n<p>Poco a poco ir\u00e9 subiendo contenido tem\u00e1tico con informaci\u00f3n valiosa. Art\u00edculos o videos que te puedan ayudar a entender ciertos conceptos del yoga desde c\u00f3mo realizar correctamente cierta asana o postura hasta meditaciones guiadas.<\/p>\n\n\n\n<p>Tambi\u00e9n podr\u00e1s encontrar contenido que, aunque puede no estar directamente relacionado con el yoga,&nbsp;te ser\u00e1 de gran utilidad:&nbsp;&nbsp;por ejemplo, videos de c\u00f3mo preparar un t\u00e9 que te fortalezca el sistema inmune o sobre qu\u00e9 es y c\u00f3mo&nbsp;se usa la copa menstrual.<\/p>\n\n\n\n<p>Adicional, en esta p\u00e1gina encontrar\u00e1s toda la informaci\u00f3n respecto a mis<a href=\"https:\/\/piayogaonline.com\/es\/events\/\">&nbsp;horario de clases, de talleres, eventos especiales y retiros.<\/a>&nbsp;Y puedes encontrar m\u00e1s sobre qui\u00e9n soy&nbsp;<a href=\"https:\/\/piayogaonline.com\/es\/pia-yoga\/who-am-i\/\">AQUI<\/a>.<\/p>\n\n\n\n<p>Este espacio estar\u00e1&nbsp;siempre \u201cen construcci\u00f3n\u201d,&nbsp; en constante renovaci\u00f3n y reinvenci\u00f3n como todos lo estamos.<\/p>\n\n\n\n<p>Si\u00e9ntete libre de escribir qu\u00e9 te gustar\u00eda encontrar en este sitio o sobre qu\u00e9 te gustar\u00eda aprender para ir ampliando el contenido de la p\u00e1gina acorde a tus necesidades.<\/p>\n\n\n\n<p>Nota: Gracias a&nbsp;<a href=\"https:\/\/www.instagram.com\/fotosdeotto\/\">@fotosdeotto<\/a>&nbsp;qui\u00e9n ha tomado la mayor\u00eda de las fotos de este sitio web.<\/p>\n","protected":false},"excerpt":{"rendered":"<p>Bienvenido a este espacio de yoga dise\u00f1ado para ti. En este sitio encontrar\u00e1s inspiraci\u00f3n para iniciar o continuar con tu pr\u00e1ctica de yoga, adem\u00e1s de recursos para ahondar en el conocimiento de esta filosof\u00eda. Poco a poco ir\u00e9 subiendo contenido tem\u00e1tico con informaci\u00f3n valiosa. Art\u00edculos o videos que te puedan ayudar a entender ciertos conceptos [&hellip;]<\/p>\n","protected":false},"author":231,"featured_media":1294,"parent":0,"menu_order":0,"comment_status":"open","ping_status":"closed","template":"","meta":{"footnotes":""},"class_list":["post-1384","page","type-page","status-publish","has-post-thumbnail","hentry"],"yoast_head":"<!-- This site is optimized with the Yoast SEO plugin v27.3 - https:\/\/yoast.com\/product\/yoast-seo-wordpress\/ -->\n<title>Bienvenidos! - Pia Yoga Online - Yoga para fortalecer mente y cuerpo<\/title>\n<meta name=\"robots\" content=\"index, follow, max-snippet:-1, max-image-preview:large, max-video-preview:-1\" \/>\n<link rel=\"canonical\" href=\"https:\/\/piayogaonline.com\/es\/bienvenidos\/\" \/>\n<meta property=\"og:locale\" content=\"es_ES\" \/>\n<meta property=\"og:type\" content=\"article\" \/>\n<meta property=\"og:title\" content=\"Bienvenidos! - Pia Yoga Online - Yoga para fortalecer mente y cuerpo\" \/>\n<meta property=\"og:description\" content=\"Bienvenido a este espacio de yoga dise\u00f1ado para ti. En este sitio encontrar\u00e1s inspiraci\u00f3n para iniciar o continuar con tu pr\u00e1ctica de yoga, adem\u00e1s de recursos para ahondar en el conocimiento de esta filosof\u00eda. Poco a poco ir\u00e9 subiendo contenido tem\u00e1tico con informaci\u00f3n valiosa. Art\u00edculos o videos que te puedan ayudar a entender ciertos conceptos [&hellip;]\" \/>\n<meta property=\"og:url\" content=\"https:\/\/piayogaonline.com\/es\/bienvenidos\/\" \/>\n<meta property=\"og:site_name\" content=\"Pia Yoga Online - Yoga para fortalecer mente y cuerpo\" \/>\n<meta property=\"article:publisher\" content=\"https:\/\/www.facebook.com\/PiaYoga108\/\" \/>\n<meta property=\"article:modified_time\" content=\"2020-06-10T17:47:25+00:00\" \/>\n<meta property=\"og:image\" content=\"https:\/\/piayogaonline.com\/wp-content\/uploads\/2020\/01\/welcome-to-pia-yoga-e1578676072198.jpg\" \/>\n\t<meta property=\"og:image:width\" content=\"1500\" \/>\n\t<meta property=\"og:image:height\" content=\"877\" \/>\n\t<meta property=\"og:image:type\" content=\"image\/jpeg\" \/>\n<meta name=\"twitter:card\" content=\"summary_large_image\" \/>\n<meta name=\"twitter:label1\" content=\"Tiempo de lectura\" \/>\n\t<meta name=\"twitter:data1\" content=\"1 minuto\" \/>\n<script type=\"application\/ld+json\" class=\"yoast-schema-graph\">{\"@context\":\"https:\\\/\\\/schema.org\",\"@graph\":[{\"@type\":\"WebPage\",\"@id\":\"https:\\\/\\\/piayogaonline.com\\\/es\\\/bienvenidos\\\/\",\"url\":\"https:\\\/\\\/piayogaonline.com\\\/es\\\/bienvenidos\\\/\",\"name\":\"Bienvenidos! - Pia Yoga Online - Yoga para fortalecer mente y cuerpo\",\"isPartOf\":{\"@id\":\"https:\\\/\\\/piayogaonline.com\\\/es\\\/#website\"},\"primaryImageOfPage\":{\"@id\":\"https:\\\/\\\/piayogaonline.com\\\/es\\\/bienvenidos\\\/#primaryimage\"},\"image\":{\"@id\":\"https:\\\/\\\/piayogaonline.com\\\/es\\\/bienvenidos\\\/#primaryimage\"},\"thumbnailUrl\":\"https:\\\/\\\/piayogaonline.com\\\/wp-content\\\/uploads\\\/2020\\\/01\\\/welcome-to-pia-yoga-e1578676072198.jpg\",\"datePublished\":\"2020-05-25T23:06:32+00:00\",\"dateModified\":\"2020-06-10T17:47:25+00:00\",\"breadcrumb\":{\"@id\":\"https:\\\/\\\/piayogaonline.com\\\/es\\\/bienvenidos\\\/#breadcrumb\"},\"inLanguage\":\"es-CO\",\"potentialAction\":[{\"@type\":\"ReadAction\",\"target\":[\"https:\\\/\\\/piayogaonline.com\\\/es\\\/bienvenidos\\\/\"]}]},{\"@type\":\"ImageObject\",\"inLanguage\":\"es-CO\",\"@id\":\"https:\\\/\\\/piayogaonline.com\\\/es\\\/bienvenidos\\\/#primaryimage\",\"url\":\"https:\\\/\\\/piayogaonline.com\\\/wp-content\\\/uploads\\\/2020\\\/01\\\/welcome-to-pia-yoga-e1578676072198.jpg\",\"contentUrl\":\"https:\\\/\\\/piayogaonline.com\\\/wp-content\\\/uploads\\\/2020\\\/01\\\/welcome-to-pia-yoga-e1578676072198.jpg\",\"width\":1500,\"height\":877},{\"@type\":\"BreadcrumbList\",\"@id\":\"https:\\\/\\\/piayogaonline.com\\\/es\\\/bienvenidos\\\/#breadcrumb\",\"itemListElement\":[{\"@type\":\"ListItem\",\"position\":1,\"name\":\"Home\",\"item\":\"https:\\\/\\\/piayogaonline.com\\\/es\\\/\"},{\"@type\":\"ListItem\",\"position\":2,\"name\":\"Bienvenidos!\"}]},{\"@type\":\"WebSite\",\"@id\":\"https:\\\/\\\/piayogaonline.com\\\/es\\\/#website\",\"url\":\"https:\\\/\\\/piayogaonline.com\\\/es\\\/\",\"name\":\"Pia Yoga Online - Yoga para fortalecer mente y cuerpo\",\"description\":\"Clases de yoga online, videos y consejos para tu pr\u00e1ctica de yoga, enfocados en fortalecer mente y cuerpo. Tambi\u00e9n informaci\u00f3n sobre talleres, retiros de yoga y eventos especiales.\",\"potentialAction\":[{\"@type\":\"SearchAction\",\"target\":{\"@type\":\"EntryPoint\",\"urlTemplate\":\"https:\\\/\\\/piayogaonline.com\\\/es\\\/?s={search_term_string}\"},\"query-input\":{\"@type\":\"PropertyValueSpecification\",\"valueRequired\":true,\"valueName\":\"search_term_string\"}}],\"inLanguage\":\"es-CO\"}]}<\/script>\n<!-- \/ Yoast SEO plugin. -->","yoast_head_json":{"title":"Bienvenidos! - Pia Yoga Online - Yoga para fortalecer mente y cuerpo","robots":{"index":"index","follow":"follow","max-snippet":"max-snippet:-1","max-image-preview":"max-image-preview:large","max-video-preview":"max-video-preview:-1"},"canonical":"https:\/\/piayogaonline.com\/es\/bienvenidos\/","og_locale":"es_ES","og_type":"article","og_title":"Bienvenidos! - Pia Yoga Online - Yoga para fortalecer mente y cuerpo","og_description":"Bienvenido a este espacio de yoga dise\u00f1ado para ti. En este sitio encontrar\u00e1s inspiraci\u00f3n para iniciar o continuar con tu pr\u00e1ctica de yoga, adem\u00e1s de recursos para ahondar en el conocimiento de esta filosof\u00eda. Poco a poco ir\u00e9 subiendo contenido tem\u00e1tico con informaci\u00f3n valiosa. Art\u00edculos o videos que te puedan ayudar a entender ciertos conceptos [&hellip;]","og_url":"https:\/\/piayogaonline.com\/es\/bienvenidos\/","og_site_name":"Pia Yoga Online - Yoga para fortalecer mente y cuerpo","article_publisher":"https:\/\/www.facebook.com\/PiaYoga108\/","article_modified_time":"2020-06-10T17:47:25+00:00","og_image":[{"width":1500,"height":877,"url":"https:\/\/piayogaonline.com\/wp-content\/uploads\/2020\/01\/welcome-to-pia-yoga-e1578676072198.jpg","type":"image\/jpeg"}],"twitter_card":"summary_large_image","twitter_misc":{"Tiempo de lectura":"1 minuto"},"schema":{"@context":"https:\/\/schema.org","@graph":[{"@type":"WebPage","@id":"https:\/\/piayogaonline.com\/es\/bienvenidos\/","url":"https:\/\/piayogaonline.com\/es\/bienvenidos\/","name":"Bienvenidos! - Pia Yoga Online - Yoga para fortalecer mente y cuerpo","isPartOf":{"@id":"https:\/\/piayogaonline.com\/es\/#website"},"primaryImageOfPage":{"@id":"https:\/\/piayogaonline.com\/es\/bienvenidos\/#primaryimage"},"image":{"@id":"https:\/\/piayogaonline.com\/es\/bienvenidos\/#primaryimage"},"thumbnailUrl":"https:\/\/piayogaonline.com\/wp-content\/uploads\/2020\/01\/welcome-to-pia-yoga-e1578676072198.jpg","datePublished":"2020-05-25T23:06:32+00:00","dateModified":"2020-06-10T17:47:25+00:00","breadcrumb":{"@id":"https:\/\/piayogaonline.com\/es\/bienvenidos\/#breadcrumb"},"inLanguage":"es-CO","potentialAction":[{"@type":"ReadAction","target":["https:\/\/piayogaonline.com\/es\/bienvenidos\/"]}]},{"@type":"ImageObject","inLanguage":"es-CO","@id":"https:\/\/piayogaonline.com\/es\/bienvenidos\/#primaryimage","url":"https:\/\/piayogaonline.com\/wp-content\/uploads\/2020\/01\/welcome-to-pia-yoga-e1578676072198.jpg","contentUrl":"https:\/\/piayogaonline.com\/wp-content\/uploads\/2020\/01\/welcome-to-pia-yoga-e1578676072198.jpg","width":1500,"height":877},{"@type":"BreadcrumbList","@id":"https:\/\/piayogaonline.com\/es\/bienvenidos\/#breadcrumb","itemListElement":[{"@type":"ListItem","position":1,"name":"Home","item":"https:\/\/piayogaonline.com\/es\/"},{"@type":"ListItem","position":2,"name":"Bienvenidos!"}]},{"@type":"WebSite","@id":"https:\/\/piayogaonline.com\/es\/#website","url":"https:\/\/piayogaonline.com\/es\/","name":"Pia Yoga Online - Yoga para fortalecer mente y cuerpo","description":"Clases de yoga online, videos y consejos para tu pr\u00e1ctica de yoga, enfocados en fortalecer mente y cuerpo. Tambi\u00e9n informaci\u00f3n sobre talleres, retiros de yoga y eventos especiales.","potentialAction":[{"@type":"SearchAction","target":{"@type":"EntryPoint","urlTemplate":"https:\/\/piayogaonline.com\/es\/?s={search_term_string}"},"query-input":{"@type":"PropertyValueSpecification","valueRequired":true,"valueName":"search_term_string"}}],"inLanguage":"es-CO"}]}},"_links":{"self":[{"href":"https:\/\/piayogaonline.com\/es\/wp-json\/wp\/v2\/pages\/1384","targetHints":{"allow":["GET"]}}],"collection":[{"href":"https:\/\/piayogaonline.com\/es\/wp-json\/wp\/v2\/pages"}],"about":[{"href":"https:\/\/piayogaonline.com\/es\/wp-json\/wp\/v2\/types\/page"}],"author":[{"embeddable":true,"href":"https:\/\/piayogaonline.com\/es\/wp-json\/wp\/v2\/users\/231"}],"replies":[{"embeddable":true,"href":"https:\/\/piayogaonline.com\/es\/wp-json\/wp\/v2\/comments?post=1384"}],"version-history":[{"count":0,"href":"https:\/\/piayogaonline.com\/es\/wp-json\/wp\/v2\/pages\/1384\/revisions"}],"wp:featuredmedia":[{"embeddable":true,"href":"https:\/\/piayogaonline.com\/es\/wp-json\/wp\/v2\/media\/1294"}],"wp:attachment":[{"href":"https:\/\/piayogaonline.com\/es\/wp-json\/wp\/v2\/media?parent=1384"}],"curies":[{"name":"wp","href":"https:\/\/api.w.org\/{rel}","templated":true}]}}