{"id":1382,"date":"2020-05-25T22:59:50","date_gmt":"2020-05-25T22:59:50","guid":{"rendered":"https:\/\/piayogaonline.com\/?page_id=1382"},"modified":"2024-12-30T22:46:10","modified_gmt":"2024-12-31T03:46:10","slug":"servicios","status":"publish","type":"page","link":"https:\/\/piayogaonline.com\/es\/servicios\/","title":{"rendered":"Servicios"},"content":{"rendered":"\t\t<div data-elementor-type=\"wp-page\" data-elementor-id=\"1382\" class=\"elementor elementor-1382 elementor-52\" data-elementor-post-type=\"page\">\n\t\t\t\t\t\t<section class=\"elementor-section elementor-top-section elementor-element elementor-element-5c8e0a14 elementor-section-boxed elementor-section-height-default elementor-section-height-default\" data-id=\"5c8e0a14\" data-element_type=\"section\" data-e-type=\"section\">\n\t\t\t\t\t\t<div class=\"elementor-container elementor-column-gap-default\">\n\t\t\t\t\t<div class=\"elementor-column elementor-col-100 elementor-top-column elementor-element elementor-element-67d19641\" data-id=\"67d19641\" data-element_type=\"column\" data-e-type=\"column\">\n\t\t\t<div class=\"elementor-widget-wrap elementor-element-populated\">\n\t\t\t\t\t\t<div class=\"elementor-element elementor-element-7e9649d elementor-widget elementor-widget-text-editor\" data-id=\"7e9649d\" data-element_type=\"widget\" data-e-type=\"widget\" data-widget_type=\"text-editor.default\">\n\t\t\t\t<div class=\"elementor-widget-container\">\n\t\t\t\t\t\t\t\t\t<p style=\"font-size: 18px; font-style: normal;\"><span style=\"font-weight: 400;\">I am available for <\/span><b>group teachings <\/b>for your company, brand or friends, as well as for<b> one on one classes.<\/b><\/p>\n<p style=\"font-size: 18px; font-style: normal;\"><span style=\"font-weight: 400;\">If also do <strong>content creation<\/strong> <\/span>and have <strong>sponsored options<\/strong> in my chanles (Instagram, Youtube, Blog)<\/p>\n<p style=\"font-size: 18px; font-style: normal;\"><b>Click on the list below for more information<\/b> or contact me if you have any idea, inquiry or question.<\/p>\n\t\t\t\t\t\t\t\t<\/div>\n\t\t\t\t<\/div>\n\t\t\t\t<div class=\"elementor-element elementor-element-56d6d6e elementor-icon-list--layout-traditional elementor-list-item-link-full_width elementor-widget elementor-widget-icon-list\" data-id=\"56d6d6e\" data-element_type=\"widget\" data-e-type=\"widget\" data-widget_type=\"icon-list.default\">\n\t\t\t\t<div class=\"elementor-widget-container\">\n\t\t\t\t\t\t\t<ul class=\"elementor-icon-list-items\">\n\t\t\t\t\t\t\t<li class=\"elementor-icon-list-item\">\n\t\t\t\t\t\t\t\t\t\t\t<a href=\"https:\/\/piayogaonline.com\/es\/clases-privadas-de-yoga-con-pia\/\">\n\n\t\t\t\t\t\t\t\t\t\t\t\t<span class=\"elementor-icon-list-icon\">\n\t\t\t\t\t\t\t<i aria-hidden=\"true\" class=\"fas fa-check\"><\/i>\t\t\t\t\t\t<\/span>\n\t\t\t\t\t\t\t\t\t\t<span class=\"elementor-icon-list-text\">Private Yoga Classes: in person in Miami or online through Zoom<\/span>\n\t\t\t\t\t\t\t\t\t\t\t<\/a>\n\t\t\t\t\t\t\t\t\t<\/li>\n\t\t\t\t\t\t\t\t<li class=\"elementor-icon-list-item\">\n\t\t\t\t\t\t\t\t\t\t\t<a href=\"https:\/\/piayogaonline.com\/es\/yoga-corporativo-para-empresas\/\">\n\n\t\t\t\t\t\t\t\t\t\t\t\t<span class=\"elementor-icon-list-icon\">\n\t\t\t\t\t\t\t<i aria-hidden=\"true\" class=\"fas fa-check\"><\/i>\t\t\t\t\t\t<\/span>\n\t\t\t\t\t\t\t\t\t\t<span class=\"elementor-icon-list-text\">Corporate Yoga &amp; Meditation: In person in Miami or Online<\/span>\n\t\t\t\t\t\t\t\t\t\t\t<\/a>\n\t\t\t\t\t\t\t\t\t<\/li>\n\t\t\t\t\t\t\t\t<li class=\"elementor-icon-list-item\">\n\t\t\t\t\t\t\t\t\t\t\t<a href=\"https:\/\/piayogaonline.com\/es\/eventos-de-yoga-y-bienestar\/\">\n\n\t\t\t\t\t\t\t\t\t\t\t\t<span class=\"elementor-icon-list-icon\">\n\t\t\t\t\t\t\t<i aria-hidden=\"true\" class=\"fas fa-check\"><\/i>\t\t\t\t\t\t<\/span>\n\t\t\t\t\t\t\t\t\t\t<span class=\"elementor-icon-list-text\">Yoga and Wellness Events &amp; Festivals<\/span>\n\t\t\t\t\t\t\t\t\t\t\t<\/a>\n\t\t\t\t\t\t\t\t\t<\/li>\n\t\t\t\t\t\t\t\t<li class=\"elementor-icon-list-item\">\n\t\t\t\t\t\t\t\t\t\t\t<a href=\"https:\/\/piayogaonline.com\/es\/talleres-e-inmersiones-de-yoga\/\">\n\n\t\t\t\t\t\t\t\t\t\t\t\t<span class=\"elementor-icon-list-icon\">\n\t\t\t\t\t\t\t<i aria-hidden=\"true\" class=\"fas fa-check\"><\/i>\t\t\t\t\t\t<\/span>\n\t\t\t\t\t\t\t\t\t\t<span class=\"elementor-icon-list-text\">Workshops and Immersions<\/span>\n\t\t\t\t\t\t\t\t\t\t\t<\/a>\n\t\t\t\t\t\t\t\t\t<\/li>\n\t\t\t\t\t\t\t\t<li class=\"elementor-icon-list-item\">\n\t\t\t\t\t\t\t\t\t\t\t<a href=\"http:\/\/Content%20Creation%20and%20Social%20Media%20Exposure%20for%20Brands\">\n\n\t\t\t\t\t\t\t\t\t\t\t\t<span class=\"elementor-icon-list-icon\">\n\t\t\t\t\t\t\t<i aria-hidden=\"true\" class=\"fas fa-check\"><\/i>\t\t\t\t\t\t<\/span>\n\t\t\t\t\t\t\t\t\t\t<span class=\"elementor-icon-list-text\">Content creation and Social Media Exposure for Brands<\/span>\n\t\t\t\t\t\t\t\t\t\t\t<\/a>\n\t\t\t\t\t\t\t\t\t<\/li>\n\t\t\t\t\t\t<\/ul>\n\t\t\t\t\t\t<\/div>\n\t\t\t\t<\/div>\n\t\t\t\t<div class=\"elementor-element elementor-element-5e56c16 elementor-widget elementor-widget-spacer\" data-id=\"5e56c16\" data-element_type=\"widget\" data-e-type=\"widget\" data-widget_type=\"spacer.default\">\n\t\t\t\t<div class=\"elementor-widget-container\">\n\t\t\t\t\t\t\t<div class=\"elementor-spacer\">\n\t\t\t<div class=\"elementor-spacer-inner\"><\/div>\n\t\t<\/div>\n\t\t\t\t\t\t<\/div>\n\t\t\t\t<\/div>\n\t\t\t\t<div class=\"elementor-element elementor-element-14eeeb7 elementor-align-center elementor-widget elementor-widget-button\" data-id=\"14eeeb7\" data-element_type=\"widget\" data-e-type=\"widget\" data-widget_type=\"button.default\">\n\t\t\t\t<div class=\"elementor-widget-container\">\n\t\t\t\t\t\t\t\t\t<div class=\"elementor-button-wrapper\">\n\t\t\t\t\t<a class=\"elementor-button elementor-button-link elementor-size-sm\" href=\"mailto:piayogacontact@gmail.com\">\n\t\t\t\t\t\t<span class=\"elementor-button-content-wrapper\">\n\t\t\t\t\t\t\t\t\t<span class=\"elementor-button-text\">CONTACT ME<\/span>\n\t\t\t\t\t<\/span>\n\t\t\t\t\t<\/a>\n\t\t\t\t<\/div>\n\t\t\t\t\t\t\t\t<\/div>\n\t\t\t\t<\/div>\n\t\t\t\t<div class=\"elementor-element elementor-element-7b0ce48 elementor-widget elementor-widget-gallery\" data-id=\"7b0ce48\" data-element_type=\"widget\" data-e-type=\"widget\" data-settings=\"{&quot;lazyload&quot;:&quot;yes&quot;,&quot;gallery_layout&quot;:&quot;grid&quot;,&quot;columns&quot;:4,&quot;columns_tablet&quot;:2,&quot;columns_mobile&quot;:1,&quot;gap&quot;:{&quot;unit&quot;:&quot;px&quot;,&quot;size&quot;:10,&quot;sizes&quot;:[]},&quot;gap_tablet&quot;:{&quot;unit&quot;:&quot;px&quot;,&quot;size&quot;:10,&quot;sizes&quot;:[]},&quot;gap_mobile&quot;:{&quot;unit&quot;:&quot;px&quot;,&quot;size&quot;:10,&quot;sizes&quot;:[]},&quot;link_to&quot;:&quot;file&quot;,&quot;aspect_ratio&quot;:&quot;3:2&quot;,&quot;overlay_background&quot;:&quot;yes&quot;,&quot;content_hover_animation&quot;:&quot;fade-in&quot;}\" data-widget_type=\"gallery.default\">\n\t\t\t\t<div class=\"elementor-widget-container\">\n\t\t\t\t\t\t\t<div class=\"elementor-gallery__container\">\n\t\t\t\t\t\t\t<a class=\"e-gallery-item elementor-gallery-item elementor-animated-content\" href=\"https:\/\/piayogaonline.com\/wp-content\/uploads\/2019\/12\/Yoga-event-in-miami-by-pia-yoga-e1578677692411.jpg\" data-elementor-open-lightbox=\"yes\" data-elementor-lightbox-slideshow=\"7b0ce48\" data-elementor-lightbox-title=\"Yoga-event-in-miami-by-pia-yoga\" data-e-action-hash=\"#elementor-action%3Aaction%3Dlightbox%26settings%3DeyJpZCI6Mzk1LCJ1cmwiOiJodHRwczpcL1wvcGlheW9nYW9ubGluZS5jb21cL3dwLWNvbnRlbnRcL3VwbG9hZHNcLzIwMTlcLzEyXC9Zb2dhLWV2ZW50LWluLW1pYW1pLWJ5LXBpYS15b2dhLWUxNTc4Njc3NjkyNDExLmpwZyIsInNsaWRlc2hvdyI6IjdiMGNlNDgifQ%3D%3D\">\n\t\t\t\t\t<div class=\"e-gallery-image elementor-gallery-item__image\" data-thumbnail=\"https:\/\/piayogaonline.com\/wp-content\/uploads\/2019\/12\/Yoga-event-in-miami-by-pia-yoga-e1578677692411.jpg\" data-width=\"300\" data-height=\"168\" aria-label=\"\" role=\"img\" ><\/div>\n\t\t\t\t\t\t\t\t\t\t\t<div class=\"elementor-gallery-item__overlay\"><\/div>\n\t\t\t\t\t\t\t\t\t\t\t\t\t\t<\/a>\n\t\t\t\t\t\t\t<a class=\"e-gallery-item elementor-gallery-item elementor-animated-content\" href=\"https:\/\/piayogaonline.com\/wp-content\/uploads\/2020\/02\/yoga-class-brickell-city-centre-lululemon-february-23.jpg\" data-elementor-open-lightbox=\"yes\" data-elementor-lightbox-slideshow=\"7b0ce48\" data-elementor-lightbox-title=\"yoga class brickell city centre lululemon february 23\" data-e-action-hash=\"#elementor-action%3Aaction%3Dlightbox%26settings%3DeyJpZCI6ODg5LCJ1cmwiOiJodHRwczpcL1wvcGlheW9nYW9ubGluZS5jb21cL3dwLWNvbnRlbnRcL3VwbG9hZHNcLzIwMjBcLzAyXC95b2dhLWNsYXNzLWJyaWNrZWxsLWNpdHktY2VudHJlLWx1bHVsZW1vbi1mZWJydWFyeS0yMy5qcGciLCJzbGlkZXNob3ciOiI3YjBjZTQ4In0%3D\">\n\t\t\t\t\t<div class=\"e-gallery-image elementor-gallery-item__image\" data-thumbnail=\"https:\/\/piayogaonline.com\/wp-content\/uploads\/2020\/02\/yoga-class-brickell-city-centre-lululemon-february-23.jpg\" data-width=\"225\" data-height=\"300\" aria-label=\"\" role=\"img\" ><\/div>\n\t\t\t\t\t\t\t\t\t\t\t<div class=\"elementor-gallery-item__overlay\"><\/div>\n\t\t\t\t\t\t\t\t\t\t\t\t\t\t<\/a>\n\t\t\t\t\t\t\t<a class=\"e-gallery-item elementor-gallery-item elementor-animated-content\" href=\"https:\/\/piayogaonline.com\/wp-content\/uploads\/2019\/12\/corporate-yoga-in-miami-by-pia-yoga.jpg\" data-elementor-open-lightbox=\"yes\" data-elementor-lightbox-slideshow=\"7b0ce48\" data-elementor-lightbox-title=\"corporate-yoga-in-miami-by-pia-yoga\" data-e-action-hash=\"#elementor-action%3Aaction%3Dlightbox%26settings%3DeyJpZCI6MzkzLCJ1cmwiOiJodHRwczpcL1wvcGlheW9nYW9ubGluZS5jb21cL3dwLWNvbnRlbnRcL3VwbG9hZHNcLzIwMTlcLzEyXC9jb3Jwb3JhdGUteW9nYS1pbi1taWFtaS1ieS1waWEteW9nYS5qcGciLCJzbGlkZXNob3ciOiI3YjBjZTQ4In0%3D\">\n\t\t\t\t\t<div class=\"e-gallery-image elementor-gallery-item__image\" data-thumbnail=\"https:\/\/piayogaonline.com\/wp-content\/uploads\/2019\/12\/corporate-yoga-in-miami-by-pia-yoga.jpg\" data-width=\"300\" data-height=\"189\" aria-label=\"\" role=\"img\" ><\/div>\n\t\t\t\t\t\t\t\t\t\t\t<div class=\"elementor-gallery-item__overlay\"><\/div>\n\t\t\t\t\t\t\t\t\t\t\t\t\t\t<\/a>\n\t\t\t\t\t\t\t<a class=\"e-gallery-item elementor-gallery-item elementor-animated-content\" href=\"https:\/\/piayogaonline.com\/wp-content\/uploads\/2019\/12\/yoga-workshops-and-immersions-in-miami.jpg\" data-elementor-open-lightbox=\"yes\" data-elementor-lightbox-slideshow=\"7b0ce48\" data-elementor-lightbox-title=\"yoga-workshops-and-immersions-in-miami\" data-e-action-hash=\"#elementor-action%3Aaction%3Dlightbox%26settings%3DeyJpZCI6Mzk2LCJ1cmwiOiJodHRwczpcL1wvcGlheW9nYW9ubGluZS5jb21cL3dwLWNvbnRlbnRcL3VwbG9hZHNcLzIwMTlcLzEyXC95b2dhLXdvcmtzaG9wcy1hbmQtaW1tZXJzaW9ucy1pbi1taWFtaS5qcGciLCJzbGlkZXNob3ciOiI3YjBjZTQ4In0%3D\">\n\t\t\t\t\t<div class=\"e-gallery-image elementor-gallery-item__image\" data-thumbnail=\"https:\/\/piayogaonline.com\/wp-content\/uploads\/2019\/12\/yoga-workshops-and-immersions-in-miami.jpg\" data-width=\"300\" data-height=\"200\" aria-label=\"\" role=\"img\" ><\/div>\n\t\t\t\t\t\t\t\t\t\t\t<div class=\"elementor-gallery-item__overlay\"><\/div>\n\t\t\t\t\t\t\t\t\t\t\t\t\t\t<\/a>\n\t\t\t\t\t\t\t<a class=\"e-gallery-item elementor-gallery-item elementor-animated-content\" href=\"https:\/\/piayogaonline.com\/wp-content\/uploads\/2020\/05\/clase-de-yoga-gratis-avianca-pia-yoga-mind-body-social.jpg\" data-elementor-open-lightbox=\"yes\" data-elementor-lightbox-slideshow=\"7b0ce48\" data-e-action-hash=\"#elementor-action%3Aaction%3Dlightbox%26settings%3DeyJpZCI6MTIyMywidXJsIjoiaHR0cHM6XC9cL3BpYXlvZ2FvbmxpbmUuY29tXC93cC1jb250ZW50XC91cGxvYWRzXC8yMDIwXC8wNVwvY2xhc2UtZGUteW9nYS1ncmF0aXMtYXZpYW5jYS1waWEteW9nYS1taW5kLWJvZHktc29jaWFsLmpwZyIsInNsaWRlc2hvdyI6IjdiMGNlNDgifQ%3D%3D\">\n\t\t\t\t\t<div class=\"e-gallery-image elementor-gallery-item__image\" data-thumbnail=\"https:\/\/piayogaonline.com\/wp-content\/uploads\/2020\/05\/clase-de-yoga-gratis-avianca-pia-yoga-mind-body-social-300x300.jpg\" data-width=\"300\" data-height=\"300\" aria-label=\"clase yoga gratis avianca y pia yoga\" role=\"img\" ><\/div>\n\t\t\t\t\t\t\t\t\t\t\t<div class=\"elementor-gallery-item__overlay\"><\/div>\n\t\t\t\t\t\t\t\t\t\t\t\t\t\t<\/a>\n\t\t\t\t\t\t\t<a class=\"e-gallery-item elementor-gallery-item elementor-animated-content\" href=\"https:\/\/piayogaonline.com\/wp-content\/uploads\/2022\/04\/IMG_0122-scaled.jpg\" data-elementor-open-lightbox=\"yes\" data-elementor-lightbox-slideshow=\"7b0ce48\" data-elementor-lightbox-title=\"IMG_0122\" data-e-action-hash=\"#elementor-action%3Aaction%3Dlightbox%26settings%3DeyJpZCI6ODQwMSwidXJsIjoiaHR0cHM6XC9cL3BpYXlvZ2FvbmxpbmUuY29tXC93cC1jb250ZW50XC91cGxvYWRzXC8yMDIyXC8wNFwvSU1HXzAxMjItc2NhbGVkLmpwZyIsInNsaWRlc2hvdyI6IjdiMGNlNDgifQ%3D%3D\">\n\t\t\t\t\t<div class=\"e-gallery-image elementor-gallery-item__image\" data-thumbnail=\"https:\/\/piayogaonline.com\/wp-content\/uploads\/2022\/04\/IMG_0122-300x200.jpg\" data-width=\"300\" data-height=\"200\" aria-label=\"\" role=\"img\" ><\/div>\n\t\t\t\t\t\t\t\t\t\t\t<div class=\"elementor-gallery-item__overlay\"><\/div>\n\t\t\t\t\t\t\t\t\t\t\t\t\t\t<\/a>\n\t\t\t\t\t\t\t<a class=\"e-gallery-item elementor-gallery-item elementor-animated-content\" href=\"https:\/\/piayogaonline.com\/wp-content\/uploads\/2021\/05\/IMG_4015-copy-2-scaled.jpg\" data-elementor-open-lightbox=\"yes\" data-elementor-lightbox-slideshow=\"7b0ce48\" data-elementor-lightbox-title=\"IMG_4015-copy-2\" data-e-action-hash=\"#elementor-action%3Aaction%3Dlightbox%26settings%3DeyJpZCI6NTYzNywidXJsIjoiaHR0cHM6XC9cL3BpYXlvZ2FvbmxpbmUuY29tXC93cC1jb250ZW50XC91cGxvYWRzXC8yMDIxXC8wNVwvSU1HXzQwMTUtY29weS0yLXNjYWxlZC5qcGciLCJzbGlkZXNob3ciOiI3YjBjZTQ4In0%3D\">\n\t\t\t\t\t<div class=\"e-gallery-image elementor-gallery-item__image\" data-thumbnail=\"https:\/\/piayogaonline.com\/wp-content\/uploads\/2021\/05\/IMG_4015-copy-2-300x225.jpg\" data-width=\"300\" data-height=\"225\" aria-label=\"yoga classes miami\" role=\"img\" ><\/div>\n\t\t\t\t\t\t\t\t\t\t\t<div class=\"elementor-gallery-item__overlay\"><\/div>\n\t\t\t\t\t\t\t\t\t\t\t\t\t\t<\/a>\n\t\t\t\t\t\t\t<a class=\"e-gallery-item elementor-gallery-item elementor-animated-content\" href=\"https:\/\/piayogaonline.com\/wp-content\/uploads\/2021\/03\/outdoor-yoga-class-miami-1.jpeg\" data-elementor-open-lightbox=\"yes\" data-elementor-lightbox-slideshow=\"7b0ce48\" data-elementor-lightbox-title=\"outdoor-yoga-class-miami-1\" data-e-action-hash=\"#elementor-action%3Aaction%3Dlightbox%26settings%3DeyJpZCI6NTI3MywidXJsIjoiaHR0cHM6XC9cL3BpYXlvZ2FvbmxpbmUuY29tXC93cC1jb250ZW50XC91cGxvYWRzXC8yMDIxXC8wM1wvb3V0ZG9vci15b2dhLWNsYXNzLW1pYW1pLTEuanBlZyIsInNsaWRlc2hvdyI6IjdiMGNlNDgifQ%3D%3D\">\n\t\t\t\t\t<div class=\"e-gallery-image elementor-gallery-item__image\" data-thumbnail=\"https:\/\/piayogaonline.com\/wp-content\/uploads\/2021\/03\/outdoor-yoga-class-miami-1-300x200.jpeg\" data-width=\"300\" data-height=\"200\" aria-label=\"\" role=\"img\" ><\/div>\n\t\t\t\t\t\t\t\t\t\t\t<div class=\"elementor-gallery-item__overlay\"><\/div>\n\t\t\t\t\t\t\t\t\t\t\t\t\t\t<\/a>\n\t\t\t\t\t<\/div>\n\t\t\t\t\t<\/div>\n\t\t\t\t<\/div>\n\t\t\t\t<div class=\"elementor-element elementor-element-b941fd1 elementor-widget elementor-widget-spacer\" data-id=\"b941fd1\" data-element_type=\"widget\" data-e-type=\"widget\" data-widget_type=\"spacer.default\">\n\t\t\t\t<div class=\"elementor-widget-container\">\n\t\t\t\t\t\t\t<div class=\"elementor-spacer\">\n\t\t\t<div class=\"elementor-spacer-inner\"><\/div>\n\t\t<\/div>\n\t\t\t\t\t\t<\/div>\n\t\t\t\t<\/div>\n\t\t\t\t\t<\/div>\n\t\t<\/div>\n\t\t\t\t\t<\/div>\n\t\t<\/section>\n\t\t\t\t<\/div>\n\t\t","protected":false},"excerpt":{"rendered":"<p>I am available for group teachings for your company, brand or friends, as well as for one on one classes. If also do content creation and have sponsored options in my chanles (Instagram, Youtube, Blog) Click on the list below for more information or contact me if you have any idea, inquiry or question. Private [&hellip;]<\/p>\n","protected":false},"author":231,"featured_media":1310,"parent":0,"menu_order":0,"comment_status":"closed","ping_status":"closed","template":"elementor_theme","meta":{"footnotes":""},"class_list":["post-1382","page","type-page","status-publish","has-post-thumbnail","hentry"],"yoast_head":"<!-- This site is optimized with the Yoast SEO plugin v27.4 - https:\/\/yoast.com\/product\/yoast-seo-wordpress\/ -->\n<title>Servicios - Pia Yoga Online - Yoga para fortalecer mente y cuerpo<\/title>\n<meta name=\"robots\" content=\"index, follow, max-snippet:-1, max-image-preview:large, max-video-preview:-1\" \/>\n<link rel=\"canonical\" href=\"https:\/\/piayogaonline.com\/es\/servicios\/\" \/>\n<meta property=\"og:locale\" content=\"es_ES\" \/>\n<meta property=\"og:type\" content=\"article\" \/>\n<meta property=\"og:title\" content=\"Servicios - Pia Yoga Online - Yoga para fortalecer mente y cuerpo\" \/>\n<meta property=\"og:description\" content=\"I am available for group teachings for your company, brand or friends, as well as for one on one classes. If also do content creation and have sponsored options in my chanles (Instagram, Youtube, Blog) Click on the list below for more information or contact me if you have any idea, inquiry or question. Private [&hellip;]\" \/>\n<meta property=\"og:url\" content=\"https:\/\/piayogaonline.com\/es\/servicios\/\" \/>\n<meta property=\"og:site_name\" content=\"Pia Yoga Online - Yoga para fortalecer mente y cuerpo\" \/>\n<meta property=\"article:publisher\" content=\"https:\/\/www.facebook.com\/PiaYoga108\/\" \/>\n<meta property=\"article:modified_time\" content=\"2024-12-31T03:46:10+00:00\" \/>\n<meta property=\"og:image\" content=\"https:\/\/piayogaonline.com\/wp-content\/uploads\/2020\/01\/yoga-events-in-miami.jpg\" \/>\n\t<meta property=\"og:image:width\" content=\"1500\" \/>\n\t<meta property=\"og:image:height\" content=\"1000\" \/>\n\t<meta property=\"og:image:type\" content=\"image\/jpeg\" \/>\n<meta name=\"twitter:card\" content=\"summary_large_image\" \/>\n<meta name=\"twitter:label1\" content=\"Tiempo de lectura\" \/>\n\t<meta name=\"twitter:data1\" content=\"1 minuto\" \/>\n<script type=\"application\/ld+json\" class=\"yoast-schema-graph\">{\"@context\":\"https:\\\/\\\/schema.org\",\"@graph\":[{\"@type\":\"WebPage\",\"@id\":\"https:\\\/\\\/piayogaonline.com\\\/es\\\/servicios\\\/\",\"url\":\"https:\\\/\\\/piayogaonline.com\\\/es\\\/servicios\\\/\",\"name\":\"Servicios - Pia Yoga Online - Yoga para fortalecer mente y cuerpo\",\"isPartOf\":{\"@id\":\"https:\\\/\\\/piayogaonline.com\\\/es\\\/#website\"},\"primaryImageOfPage\":{\"@id\":\"https:\\\/\\\/piayogaonline.com\\\/es\\\/servicios\\\/#primaryimage\"},\"image\":{\"@id\":\"https:\\\/\\\/piayogaonline.com\\\/es\\\/servicios\\\/#primaryimage\"},\"thumbnailUrl\":\"https:\\\/\\\/piayogaonline.com\\\/wp-content\\\/uploads\\\/2020\\\/01\\\/yoga-events-in-miami.jpg\",\"datePublished\":\"2020-05-25T22:59:50+00:00\",\"dateModified\":\"2024-12-31T03:46:10+00:00\",\"breadcrumb\":{\"@id\":\"https:\\\/\\\/piayogaonline.com\\\/es\\\/servicios\\\/#breadcrumb\"},\"inLanguage\":\"es-CO\",\"potentialAction\":[{\"@type\":\"ReadAction\",\"target\":[\"https:\\\/\\\/piayogaonline.com\\\/es\\\/servicios\\\/\"]}]},{\"@type\":\"ImageObject\",\"inLanguage\":\"es-CO\",\"@id\":\"https:\\\/\\\/piayogaonline.com\\\/es\\\/servicios\\\/#primaryimage\",\"url\":\"https:\\\/\\\/piayogaonline.com\\\/wp-content\\\/uploads\\\/2020\\\/01\\\/yoga-events-in-miami.jpg\",\"contentUrl\":\"https:\\\/\\\/piayogaonline.com\\\/wp-content\\\/uploads\\\/2020\\\/01\\\/yoga-events-in-miami.jpg\",\"width\":1500,\"height\":1000},{\"@type\":\"BreadcrumbList\",\"@id\":\"https:\\\/\\\/piayogaonline.com\\\/es\\\/servicios\\\/#breadcrumb\",\"itemListElement\":[{\"@type\":\"ListItem\",\"position\":1,\"name\":\"Home\",\"item\":\"https:\\\/\\\/piayogaonline.com\\\/es\\\/\"},{\"@type\":\"ListItem\",\"position\":2,\"name\":\"Servicios\"}]},{\"@type\":\"WebSite\",\"@id\":\"https:\\\/\\\/piayogaonline.com\\\/es\\\/#website\",\"url\":\"https:\\\/\\\/piayogaonline.com\\\/es\\\/\",\"name\":\"Pia Yoga Online - Yoga para fortalecer mente y cuerpo\",\"description\":\"Clases de yoga online, videos y consejos para tu pr\u00e1ctica de yoga, enfocados en fortalecer mente y cuerpo. Tambi\u00e9n informaci\u00f3n sobre talleres, retiros de yoga y eventos especiales.\",\"potentialAction\":[{\"@type\":\"SearchAction\",\"target\":{\"@type\":\"EntryPoint\",\"urlTemplate\":\"https:\\\/\\\/piayogaonline.com\\\/es\\\/?s={search_term_string}\"},\"query-input\":{\"@type\":\"PropertyValueSpecification\",\"valueRequired\":true,\"valueName\":\"search_term_string\"}}],\"inLanguage\":\"es-CO\"}]}<\/script>\n<!-- \/ Yoast SEO plugin. -->","yoast_head_json":{"title":"Servicios - Pia Yoga Online - Yoga para fortalecer mente y cuerpo","robots":{"index":"index","follow":"follow","max-snippet":"max-snippet:-1","max-image-preview":"max-image-preview:large","max-video-preview":"max-video-preview:-1"},"canonical":"https:\/\/piayogaonline.com\/es\/servicios\/","og_locale":"es_ES","og_type":"article","og_title":"Servicios - Pia Yoga Online - Yoga para fortalecer mente y cuerpo","og_description":"I am available for group teachings for your company, brand or friends, as well as for one on one classes. If also do content creation and have sponsored options in my chanles (Instagram, Youtube, Blog) Click on the list below for more information or contact me if you have any idea, inquiry or question. Private [&hellip;]","og_url":"https:\/\/piayogaonline.com\/es\/servicios\/","og_site_name":"Pia Yoga Online - Yoga para fortalecer mente y cuerpo","article_publisher":"https:\/\/www.facebook.com\/PiaYoga108\/","article_modified_time":"2024-12-31T03:46:10+00:00","og_image":[{"width":1500,"height":1000,"url":"https:\/\/piayogaonline.com\/wp-content\/uploads\/2020\/01\/yoga-events-in-miami.jpg","type":"image\/jpeg"}],"twitter_card":"summary_large_image","twitter_misc":{"Tiempo de lectura":"1 minuto"},"schema":{"@context":"https:\/\/schema.org","@graph":[{"@type":"WebPage","@id":"https:\/\/piayogaonline.com\/es\/servicios\/","url":"https:\/\/piayogaonline.com\/es\/servicios\/","name":"Servicios - Pia Yoga Online - Yoga para fortalecer mente y cuerpo","isPartOf":{"@id":"https:\/\/piayogaonline.com\/es\/#website"},"primaryImageOfPage":{"@id":"https:\/\/piayogaonline.com\/es\/servicios\/#primaryimage"},"image":{"@id":"https:\/\/piayogaonline.com\/es\/servicios\/#primaryimage"},"thumbnailUrl":"https:\/\/piayogaonline.com\/wp-content\/uploads\/2020\/01\/yoga-events-in-miami.jpg","datePublished":"2020-05-25T22:59:50+00:00","dateModified":"2024-12-31T03:46:10+00:00","breadcrumb":{"@id":"https:\/\/piayogaonline.com\/es\/servicios\/#breadcrumb"},"inLanguage":"es-CO","potentialAction":[{"@type":"ReadAction","target":["https:\/\/piayogaonline.com\/es\/servicios\/"]}]},{"@type":"ImageObject","inLanguage":"es-CO","@id":"https:\/\/piayogaonline.com\/es\/servicios\/#primaryimage","url":"https:\/\/piayogaonline.com\/wp-content\/uploads\/2020\/01\/yoga-events-in-miami.jpg","contentUrl":"https:\/\/piayogaonline.com\/wp-content\/uploads\/2020\/01\/yoga-events-in-miami.jpg","width":1500,"height":1000},{"@type":"BreadcrumbList","@id":"https:\/\/piayogaonline.com\/es\/servicios\/#breadcrumb","itemListElement":[{"@type":"ListItem","position":1,"name":"Home","item":"https:\/\/piayogaonline.com\/es\/"},{"@type":"ListItem","position":2,"name":"Servicios"}]},{"@type":"WebSite","@id":"https:\/\/piayogaonline.com\/es\/#website","url":"https:\/\/piayogaonline.com\/es\/","name":"Pia Yoga Online - Yoga para fortalecer mente y cuerpo","description":"Clases de yoga online, videos y consejos para tu pr\u00e1ctica de yoga, enfocados en fortalecer mente y cuerpo. Tambi\u00e9n informaci\u00f3n sobre talleres, retiros de yoga y eventos especiales.","potentialAction":[{"@type":"SearchAction","target":{"@type":"EntryPoint","urlTemplate":"https:\/\/piayogaonline.com\/es\/?s={search_term_string}"},"query-input":{"@type":"PropertyValueSpecification","valueRequired":true,"valueName":"search_term_string"}}],"inLanguage":"es-CO"}]}},"_links":{"self":[{"href":"https:\/\/piayogaonline.com\/es\/wp-json\/wp\/v2\/pages\/1382","targetHints":{"allow":["GET"]}}],"collection":[{"href":"https:\/\/piayogaonline.com\/es\/wp-json\/wp\/v2\/pages"}],"about":[{"href":"https:\/\/piayogaonline.com\/es\/wp-json\/wp\/v2\/types\/page"}],"author":[{"embeddable":true,"href":"https:\/\/piayogaonline.com\/es\/wp-json\/wp\/v2\/users\/231"}],"replies":[{"embeddable":true,"href":"https:\/\/piayogaonline.com\/es\/wp-json\/wp\/v2\/comments?post=1382"}],"version-history":[{"count":5,"href":"https:\/\/piayogaonline.com\/es\/wp-json\/wp\/v2\/pages\/1382\/revisions"}],"predecessor-version":[{"id":12675,"href":"https:\/\/piayogaonline.com\/es\/wp-json\/wp\/v2\/pages\/1382\/revisions\/12675"}],"wp:featuredmedia":[{"embeddable":true,"href":"https:\/\/piayogaonline.com\/es\/wp-json\/wp\/v2\/media\/1310"}],"wp:attachment":[{"href":"https:\/\/piayogaonline.com\/es\/wp-json\/wp\/v2\/media?parent=1382"}],"curies":[{"name":"wp","href":"https:\/\/api.w.org\/{rel}","templated":true}]}}