{"id":10036,"date":"2023-03-22T12:57:39","date_gmt":"2023-03-22T16:57:39","guid":{"rendered":"https:\/\/piayogaonline.com\/?page_id=10036"},"modified":"2024-12-30T22:55:24","modified_gmt":"2024-12-31T03:55:24","slug":"creacion-de-contenido-para-marcas","status":"publish","type":"page","link":"https:\/\/piayogaonline.com\/es\/creacion-de-contenido-para-marcas\/","title":{"rendered":"Creaci\u00f3n de contenido para marcas"},"content":{"rendered":"\t\t<div data-elementor-type=\"wp-page\" data-elementor-id=\"10036\" class=\"elementor elementor-10036 elementor-10020\" data-elementor-post-type=\"page\">\n\t\t\t\t\t\t<section class=\"elementor-section elementor-top-section elementor-element elementor-element-1b83216 elementor-section-boxed elementor-section-height-default elementor-section-height-default\" data-id=\"1b83216\" data-element_type=\"section\" data-e-type=\"section\">\n\t\t\t\t\t\t<div class=\"elementor-container elementor-column-gap-default\">\n\t\t\t\t\t<div class=\"elementor-column elementor-col-100 elementor-top-column elementor-element elementor-element-58a798a\" data-id=\"58a798a\" data-element_type=\"column\" data-e-type=\"column\">\n\t\t\t<div class=\"elementor-widget-wrap elementor-element-populated\">\n\t\t\t\t\t\t<section class=\"elementor-section elementor-inner-section elementor-element elementor-element-2957451 elementor-section-boxed elementor-section-height-default elementor-section-height-default\" data-id=\"2957451\" data-element_type=\"section\" data-e-type=\"section\">\n\t\t\t\t\t\t<div class=\"elementor-container elementor-column-gap-default\">\n\t\t\t\t\t<div class=\"elementor-column elementor-col-100 elementor-inner-column elementor-element elementor-element-35fbf64\" data-id=\"35fbf64\" data-element_type=\"column\" data-e-type=\"column\">\n\t\t\t<div class=\"elementor-widget-wrap elementor-element-populated\">\n\t\t\t\t\t\t<div class=\"elementor-element elementor-element-2abab23 elementor-widget elementor-widget-text-editor\" data-id=\"2abab23\" data-element_type=\"widget\" data-e-type=\"widget\" data-widget_type=\"text-editor.default\">\n\t\t\t\t<div class=\"elementor-widget-container\">\n\t\t\t\t\t\t\t\t\t<p><span style=\"font-weight: 400;\">Puedo promover tu marca, a trav\u00e9s de creaci\u00f3n de contenido para o como:<\/span><\/p><ul><li><span style=\"font-weight: 400;\">Campa\u00f1as\u00a0<\/span><\/li><li><span style=\"font-weight: 400;\">Sponsored Posts\u00a0<\/span><\/li><li><span style=\"font-weight: 400;\">Embajadora de marca<\/span><\/li><li><span style=\"font-weight: 400;\">Fotograf\u00eda o video<\/span><\/li><li><span style=\"font-weight: 400;\">Eventos en persona u online<\/span><\/li><li><span style=\"font-weight: 400;\">Blogs<\/span><\/li><li><span style=\"font-weight: 400;\">Podcasts<\/span><\/li><li><span style=\"font-weight: 400;\">Y m\u00e1s!<\/span><\/li><\/ul>\t\t\t\t\t\t\t\t<\/div>\n\t\t\t\t<\/div>\n\t\t\t\t<div class=\"elementor-element elementor-element-6466745 elementor-widget elementor-widget-image\" data-id=\"6466745\" data-element_type=\"widget\" data-e-type=\"widget\" data-widget_type=\"image.default\">\n\t\t\t\t<div class=\"elementor-widget-container\">\n\t\t\t\t\t\t\t\t\t\t\t\t\t\t\t<img fetchpriority=\"high\" decoding=\"async\" width=\"800\" height=\"591\" src=\"https:\/\/piayogaonline.com\/wp-content\/uploads\/2023\/03\/Screen-Shot-2023-03-22-at-12.29.13-PM-1024x757.png\" class=\"attachment-large size-large wp-image-10024\" alt=\"\" srcset=\"https:\/\/piayogaonline.com\/wp-content\/uploads\/2023\/03\/Screen-Shot-2023-03-22-at-12.29.13-PM-1024x757.png 1024w, https:\/\/piayogaonline.com\/wp-content\/uploads\/2023\/03\/Screen-Shot-2023-03-22-at-12.29.13-PM-600x444.png 600w, https:\/\/piayogaonline.com\/wp-content\/uploads\/2023\/03\/Screen-Shot-2023-03-22-at-12.29.13-PM-300x222.png 300w, https:\/\/piayogaonline.com\/wp-content\/uploads\/2023\/03\/Screen-Shot-2023-03-22-at-12.29.13-PM-768x568.png 768w, https:\/\/piayogaonline.com\/wp-content\/uploads\/2023\/03\/Screen-Shot-2023-03-22-at-12.29.13-PM-1536x1136.png 1536w, https:\/\/piayogaonline.com\/wp-content\/uploads\/2023\/03\/Screen-Shot-2023-03-22-at-12.29.13-PM-2048x1515.png 2048w\" sizes=\"(max-width: 800px) 100vw, 800px\" \/>\t\t\t\t\t\t\t\t\t\t\t\t\t\t\t<\/div>\n\t\t\t\t<\/div>\n\t\t\t\t<div class=\"elementor-element elementor-element-923c044 elementor-align-center elementor-widget elementor-widget-button\" data-id=\"923c044\" data-element_type=\"widget\" data-e-type=\"widget\" data-widget_type=\"button.default\">\n\t\t\t\t<div class=\"elementor-widget-container\">\n\t\t\t\t\t\t\t\t\t<div class=\"elementor-button-wrapper\">\n\t\t\t\t\t<a class=\"elementor-button elementor-button-link elementor-size-sm\" href=\"https:\/\/drive.google.com\/file\/d\/1hzzqUMHYtlEJxWJUgg1VBc8lviLMJL8I\/view?usp=share_link\">\n\t\t\t\t\t\t<span class=\"elementor-button-content-wrapper\">\n\t\t\t\t\t\t\t\t\t<span class=\"elementor-button-text\">Download Pia's Marketing Kit<\/span>\n\t\t\t\t\t<\/span>\n\t\t\t\t\t<\/a>\n\t\t\t\t<\/div>\n\t\t\t\t\t\t\t\t<\/div>\n\t\t\t\t<\/div>\n\t\t\t\t\t<\/div>\n\t\t<\/div>\n\t\t\t\t\t<\/div>\n\t\t<\/section>\n\t\t\t\t\t<\/div>\n\t\t<\/div>\n\t\t\t\t\t<\/div>\n\t\t<\/section>\n\t\t\t\t<\/div>\n\t\t","protected":false},"excerpt":{"rendered":"<p>Puedo promover tu marca, a trav\u00e9s de creaci\u00f3n de contenido para o como: Campa\u00f1as\u00a0 Sponsored Posts\u00a0 Embajadora de marca Fotograf\u00eda o video Eventos en persona u online Blogs Podcasts Y m\u00e1s! Download Pia&#8217;s Marketing Kit<\/p>\n","protected":false},"author":231,"featured_media":10078,"parent":0,"menu_order":0,"comment_status":"closed","ping_status":"closed","template":"","meta":{"footnotes":""},"class_list":["post-10036","page","type-page","status-publish","has-post-thumbnail","hentry"],"yoast_head":"<!-- This site is optimized with the Yoast SEO plugin v27.4 - https:\/\/yoast.com\/product\/yoast-seo-wordpress\/ -->\n<title>Creaci\u00f3n de contenido para marcas - Pia Yoga Online - Yoga para fortalecer mente y cuerpo<\/title>\n<meta name=\"robots\" content=\"index, follow, max-snippet:-1, max-image-preview:large, max-video-preview:-1\" \/>\n<link rel=\"canonical\" href=\"https:\/\/piayogaonline.com\/es\/creacion-de-contenido-para-marcas\/\" \/>\n<meta property=\"og:locale\" content=\"es_ES\" \/>\n<meta property=\"og:type\" content=\"article\" \/>\n<meta property=\"og:title\" content=\"Creaci\u00f3n de contenido para marcas - Pia Yoga Online - Yoga para fortalecer mente y cuerpo\" \/>\n<meta property=\"og:description\" content=\"Puedo promover tu marca, a trav\u00e9s de creaci\u00f3n de contenido para o como: Campa\u00f1as\u00a0 Sponsored Posts\u00a0 Embajadora de marca Fotograf\u00eda o video Eventos en persona u online Blogs Podcasts Y m\u00e1s! Download Pia&#8217;s Marketing Kit\" \/>\n<meta property=\"og:url\" content=\"https:\/\/piayogaonline.com\/es\/creacion-de-contenido-para-marcas\/\" \/>\n<meta property=\"og:site_name\" content=\"Pia Yoga Online - Yoga para fortalecer mente y cuerpo\" \/>\n<meta property=\"article:publisher\" content=\"https:\/\/www.facebook.com\/PiaYoga108\/\" \/>\n<meta property=\"article:modified_time\" content=\"2024-12-31T03:55:24+00:00\" \/>\n<meta property=\"og:image\" content=\"https:\/\/piayogaonline.com\/wp-content\/uploads\/2023\/03\/PIA-YOGA-1.jpeg\" \/>\n\t<meta property=\"og:image:width\" content=\"2000\" \/>\n\t<meta property=\"og:image:height\" content=\"1333\" \/>\n\t<meta property=\"og:image:type\" content=\"image\/jpeg\" \/>\n<meta name=\"twitter:card\" content=\"summary_large_image\" \/>\n<meta name=\"twitter:label1\" content=\"Tiempo de lectura\" \/>\n\t<meta name=\"twitter:data1\" content=\"1 minuto\" \/>\n<script type=\"application\/ld+json\" class=\"yoast-schema-graph\">{\"@context\":\"https:\\\/\\\/schema.org\",\"@graph\":[{\"@type\":\"WebPage\",\"@id\":\"https:\\\/\\\/piayogaonline.com\\\/es\\\/creacion-de-contenido-para-marcas\\\/\",\"url\":\"https:\\\/\\\/piayogaonline.com\\\/es\\\/creacion-de-contenido-para-marcas\\\/\",\"name\":\"Creaci\u00f3n de contenido para marcas - Pia Yoga Online - Yoga para fortalecer mente y cuerpo\",\"isPartOf\":{\"@id\":\"https:\\\/\\\/piayogaonline.com\\\/es\\\/#website\"},\"primaryImageOfPage\":{\"@id\":\"https:\\\/\\\/piayogaonline.com\\\/es\\\/creacion-de-contenido-para-marcas\\\/#primaryimage\"},\"image\":{\"@id\":\"https:\\\/\\\/piayogaonline.com\\\/es\\\/creacion-de-contenido-para-marcas\\\/#primaryimage\"},\"thumbnailUrl\":\"https:\\\/\\\/piayogaonline.com\\\/wp-content\\\/uploads\\\/2023\\\/03\\\/PIA-YOGA-1.jpeg\",\"datePublished\":\"2023-03-22T16:57:39+00:00\",\"dateModified\":\"2024-12-31T03:55:24+00:00\",\"breadcrumb\":{\"@id\":\"https:\\\/\\\/piayogaonline.com\\\/es\\\/creacion-de-contenido-para-marcas\\\/#breadcrumb\"},\"inLanguage\":\"es-CO\",\"potentialAction\":[{\"@type\":\"ReadAction\",\"target\":[\"https:\\\/\\\/piayogaonline.com\\\/es\\\/creacion-de-contenido-para-marcas\\\/\"]}]},{\"@type\":\"ImageObject\",\"inLanguage\":\"es-CO\",\"@id\":\"https:\\\/\\\/piayogaonline.com\\\/es\\\/creacion-de-contenido-para-marcas\\\/#primaryimage\",\"url\":\"https:\\\/\\\/piayogaonline.com\\\/wp-content\\\/uploads\\\/2023\\\/03\\\/PIA-YOGA-1.jpeg\",\"contentUrl\":\"https:\\\/\\\/piayogaonline.com\\\/wp-content\\\/uploads\\\/2023\\\/03\\\/PIA-YOGA-1.jpeg\",\"width\":2000,\"height\":1333},{\"@type\":\"BreadcrumbList\",\"@id\":\"https:\\\/\\\/piayogaonline.com\\\/es\\\/creacion-de-contenido-para-marcas\\\/#breadcrumb\",\"itemListElement\":[{\"@type\":\"ListItem\",\"position\":1,\"name\":\"Home\",\"item\":\"https:\\\/\\\/piayogaonline.com\\\/es\\\/\"},{\"@type\":\"ListItem\",\"position\":2,\"name\":\"Creaci\u00f3n de contenido para marcas\"}]},{\"@type\":\"WebSite\",\"@id\":\"https:\\\/\\\/piayogaonline.com\\\/es\\\/#website\",\"url\":\"https:\\\/\\\/piayogaonline.com\\\/es\\\/\",\"name\":\"Pia Yoga Online - Yoga para fortalecer mente y cuerpo\",\"description\":\"Clases de yoga online, videos y consejos para tu pr\u00e1ctica de yoga, enfocados en fortalecer mente y cuerpo. Tambi\u00e9n informaci\u00f3n sobre talleres, retiros de yoga y eventos especiales.\",\"potentialAction\":[{\"@type\":\"SearchAction\",\"target\":{\"@type\":\"EntryPoint\",\"urlTemplate\":\"https:\\\/\\\/piayogaonline.com\\\/es\\\/?s={search_term_string}\"},\"query-input\":{\"@type\":\"PropertyValueSpecification\",\"valueRequired\":true,\"valueName\":\"search_term_string\"}}],\"inLanguage\":\"es-CO\"}]}<\/script>\n<!-- \/ Yoast SEO plugin. -->","yoast_head_json":{"title":"Creaci\u00f3n de contenido para marcas - Pia Yoga Online - Yoga para fortalecer mente y cuerpo","robots":{"index":"index","follow":"follow","max-snippet":"max-snippet:-1","max-image-preview":"max-image-preview:large","max-video-preview":"max-video-preview:-1"},"canonical":"https:\/\/piayogaonline.com\/es\/creacion-de-contenido-para-marcas\/","og_locale":"es_ES","og_type":"article","og_title":"Creaci\u00f3n de contenido para marcas - Pia Yoga Online - Yoga para fortalecer mente y cuerpo","og_description":"Puedo promover tu marca, a trav\u00e9s de creaci\u00f3n de contenido para o como: Campa\u00f1as\u00a0 Sponsored Posts\u00a0 Embajadora de marca Fotograf\u00eda o video Eventos en persona u online Blogs Podcasts Y m\u00e1s! Download Pia&#8217;s Marketing Kit","og_url":"https:\/\/piayogaonline.com\/es\/creacion-de-contenido-para-marcas\/","og_site_name":"Pia Yoga Online - Yoga para fortalecer mente y cuerpo","article_publisher":"https:\/\/www.facebook.com\/PiaYoga108\/","article_modified_time":"2024-12-31T03:55:24+00:00","og_image":[{"width":2000,"height":1333,"url":"https:\/\/piayogaonline.com\/wp-content\/uploads\/2023\/03\/PIA-YOGA-1.jpeg","type":"image\/jpeg"}],"twitter_card":"summary_large_image","twitter_misc":{"Tiempo de lectura":"1 minuto"},"schema":{"@context":"https:\/\/schema.org","@graph":[{"@type":"WebPage","@id":"https:\/\/piayogaonline.com\/es\/creacion-de-contenido-para-marcas\/","url":"https:\/\/piayogaonline.com\/es\/creacion-de-contenido-para-marcas\/","name":"Creaci\u00f3n de contenido para marcas - Pia Yoga Online - Yoga para fortalecer mente y cuerpo","isPartOf":{"@id":"https:\/\/piayogaonline.com\/es\/#website"},"primaryImageOfPage":{"@id":"https:\/\/piayogaonline.com\/es\/creacion-de-contenido-para-marcas\/#primaryimage"},"image":{"@id":"https:\/\/piayogaonline.com\/es\/creacion-de-contenido-para-marcas\/#primaryimage"},"thumbnailUrl":"https:\/\/piayogaonline.com\/wp-content\/uploads\/2023\/03\/PIA-YOGA-1.jpeg","datePublished":"2023-03-22T16:57:39+00:00","dateModified":"2024-12-31T03:55:24+00:00","breadcrumb":{"@id":"https:\/\/piayogaonline.com\/es\/creacion-de-contenido-para-marcas\/#breadcrumb"},"inLanguage":"es-CO","potentialAction":[{"@type":"ReadAction","target":["https:\/\/piayogaonline.com\/es\/creacion-de-contenido-para-marcas\/"]}]},{"@type":"ImageObject","inLanguage":"es-CO","@id":"https:\/\/piayogaonline.com\/es\/creacion-de-contenido-para-marcas\/#primaryimage","url":"https:\/\/piayogaonline.com\/wp-content\/uploads\/2023\/03\/PIA-YOGA-1.jpeg","contentUrl":"https:\/\/piayogaonline.com\/wp-content\/uploads\/2023\/03\/PIA-YOGA-1.jpeg","width":2000,"height":1333},{"@type":"BreadcrumbList","@id":"https:\/\/piayogaonline.com\/es\/creacion-de-contenido-para-marcas\/#breadcrumb","itemListElement":[{"@type":"ListItem","position":1,"name":"Home","item":"https:\/\/piayogaonline.com\/es\/"},{"@type":"ListItem","position":2,"name":"Creaci\u00f3n de contenido para marcas"}]},{"@type":"WebSite","@id":"https:\/\/piayogaonline.com\/es\/#website","url":"https:\/\/piayogaonline.com\/es\/","name":"Pia Yoga Online - Yoga para fortalecer mente y cuerpo","description":"Clases de yoga online, videos y consejos para tu pr\u00e1ctica de yoga, enfocados en fortalecer mente y cuerpo. Tambi\u00e9n informaci\u00f3n sobre talleres, retiros de yoga y eventos especiales.","potentialAction":[{"@type":"SearchAction","target":{"@type":"EntryPoint","urlTemplate":"https:\/\/piayogaonline.com\/es\/?s={search_term_string}"},"query-input":{"@type":"PropertyValueSpecification","valueRequired":true,"valueName":"search_term_string"}}],"inLanguage":"es-CO"}]}},"_links":{"self":[{"href":"https:\/\/piayogaonline.com\/es\/wp-json\/wp\/v2\/pages\/10036","targetHints":{"allow":["GET"]}}],"collection":[{"href":"https:\/\/piayogaonline.com\/es\/wp-json\/wp\/v2\/pages"}],"about":[{"href":"https:\/\/piayogaonline.com\/es\/wp-json\/wp\/v2\/types\/page"}],"author":[{"embeddable":true,"href":"https:\/\/piayogaonline.com\/es\/wp-json\/wp\/v2\/users\/231"}],"replies":[{"embeddable":true,"href":"https:\/\/piayogaonline.com\/es\/wp-json\/wp\/v2\/comments?post=10036"}],"version-history":[{"count":3,"href":"https:\/\/piayogaonline.com\/es\/wp-json\/wp\/v2\/pages\/10036\/revisions"}],"predecessor-version":[{"id":12736,"href":"https:\/\/piayogaonline.com\/es\/wp-json\/wp\/v2\/pages\/10036\/revisions\/12736"}],"wp:featuredmedia":[{"embeddable":true,"href":"https:\/\/piayogaonline.com\/es\/wp-json\/wp\/v2\/media\/10078"}],"wp:attachment":[{"href":"https:\/\/piayogaonline.com\/es\/wp-json\/wp\/v2\/media?parent=10036"}],"curies":[{"name":"wp","href":"https:\/\/api.w.org\/{rel}","templated":true}]}}