{"id":10004,"date":"2023-03-21T23:01:30","date_gmt":"2023-03-22T03:01:30","guid":{"rendered":"https:\/\/piayogaonline.com\/?page_id=10004"},"modified":"2023-03-21T23:04:40","modified_gmt":"2023-03-22T03:04:40","slug":"clases-privadas-de-yoga-con-pia","status":"publish","type":"page","link":"https:\/\/piayogaonline.com\/es\/clases-privadas-de-yoga-con-pia\/","title":{"rendered":"Clases privadas de yoga con Pia"},"content":{"rendered":"\t\t<div data-elementor-type=\"wp-page\" data-elementor-id=\"10004\" class=\"elementor elementor-10004 elementor-9720\" data-elementor-post-type=\"page\">\n\t\t\t\t\t\t<section class=\"elementor-section elementor-top-section elementor-element elementor-element-aca0b5a elementor-section-boxed elementor-section-height-default elementor-section-height-default\" data-id=\"aca0b5a\" data-element_type=\"section\" data-e-type=\"section\">\n\t\t\t\t\t\t<div class=\"elementor-container elementor-column-gap-default\">\n\t\t\t\t\t<div class=\"elementor-column elementor-col-100 elementor-top-column elementor-element elementor-element-845fa4e\" data-id=\"845fa4e\" data-element_type=\"column\" data-e-type=\"column\">\n\t\t\t<div class=\"elementor-widget-wrap elementor-element-populated\">\n\t\t\t\t\t\t<div class=\"elementor-element elementor-element-5515e95 elementor-widget elementor-widget-heading\" data-id=\"5515e95\" data-element_type=\"widget\" data-e-type=\"widget\" data-widget_type=\"heading.default\">\n\t\t\t\t<div class=\"elementor-widget-container\">\n\t\t\t\t\t<h2 class=\"elementor-heading-title elementor-size-default\">En persona en Miami o por Zoom en cualquier parte del mundo<\/h2>\t\t\t\t<\/div>\n\t\t\t\t<\/div>\n\t\t\t\t<div class=\"elementor-element elementor-element-178242c elementor-widget elementor-widget-text-editor\" data-id=\"178242c\" data-element_type=\"widget\" data-e-type=\"widget\" data-widget_type=\"text-editor.default\">\n\t\t\t\t<div class=\"elementor-widget-container\">\n\t\t\t\t\t\t\t\t\t<p>En las clases privadas vamos al detalle, enfoc\u00e1ndonos en lo que quieres o necesitas mejorar o reforzar. Por tanto, es la mejor forma de cubrir tus necesidades espec\u00edficas tanto f\u00edsicas como internas.<\/p><p>Clases Privadas de: Power vinyasa, Skanda Yoga, Asthanga Yoga, yoga restaurativo, Pre-natal, y cualquier necesidad espec\u00edfica que tengas (ejemplo: enfoque en parada de manos, balanceo de brazos, apertura de cadera, meditaci\u00f3n, pranayama, etc).<\/p>\t\t\t\t\t\t\t\t<\/div>\n\t\t\t\t<\/div>\n\t\t\t\t<div class=\"elementor-element elementor-element-4f0f451 elementor-widget elementor-widget-gallery\" data-id=\"4f0f451\" data-element_type=\"widget\" data-e-type=\"widget\" data-settings=\"{&quot;lazyload&quot;:&quot;yes&quot;,&quot;gallery_layout&quot;:&quot;grid&quot;,&quot;columns&quot;:4,&quot;columns_tablet&quot;:2,&quot;columns_mobile&quot;:1,&quot;gap&quot;:{&quot;unit&quot;:&quot;px&quot;,&quot;size&quot;:10,&quot;sizes&quot;:[]},&quot;gap_tablet&quot;:{&quot;unit&quot;:&quot;px&quot;,&quot;size&quot;:10,&quot;sizes&quot;:[]},&quot;gap_mobile&quot;:{&quot;unit&quot;:&quot;px&quot;,&quot;size&quot;:10,&quot;sizes&quot;:[]},&quot;link_to&quot;:&quot;file&quot;,&quot;aspect_ratio&quot;:&quot;3:2&quot;,&quot;overlay_background&quot;:&quot;yes&quot;,&quot;content_hover_animation&quot;:&quot;fade-in&quot;}\" data-widget_type=\"gallery.default\">\n\t\t\t\t<div class=\"elementor-widget-container\">\n\t\t\t\t\t\t\t<div class=\"elementor-gallery__container\">\n\t\t\t\t\t\t\t<a class=\"e-gallery-item elementor-gallery-item elementor-animated-content\" href=\"https:\/\/piayogaonline.com\/wp-content\/uploads\/2020\/12\/private-yoga-class-in-miami.jpg\" data-elementor-open-lightbox=\"yes\" data-elementor-lightbox-slideshow=\"4f0f451\" data-elementor-lightbox-title=\"private yoga class in miami\" data-e-action-hash=\"#elementor-action%3Aaction%3Dlightbox%26settings%3DeyJpZCI6Mzg4NiwidXJsIjoiaHR0cHM6XC9cL3BpYXlvZ2FvbmxpbmUuY29tXC93cC1jb250ZW50XC91cGxvYWRzXC8yMDIwXC8xMlwvcHJpdmF0ZS15b2dhLWNsYXNzLWluLW1pYW1pLmpwZyIsInNsaWRlc2hvdyI6IjRmMGY0NTEifQ%3D%3D\">\n\t\t\t\t\t<div class=\"e-gallery-image elementor-gallery-item__image\" data-thumbnail=\"https:\/\/piayogaonline.com\/wp-content\/uploads\/2020\/12\/private-yoga-class-in-miami-240x300.jpg\" data-width=\"240\" data-height=\"300\" aria-label=\"Private yoga classes in miami\" role=\"img\" ><\/div>\n\t\t\t\t\t\t\t\t\t\t\t<div class=\"elementor-gallery-item__overlay\"><\/div>\n\t\t\t\t\t\t\t\t\t\t\t\t\t\t<\/a>\n\t\t\t\t\t\t\t<a class=\"e-gallery-item elementor-gallery-item elementor-animated-content\" href=\"https:\/\/piayogaonline.com\/wp-content\/uploads\/2020\/06\/private-yoga-classes-miami-testimonial-pia-yoga-1.jpeg\" data-elementor-open-lightbox=\"yes\" data-elementor-lightbox-slideshow=\"4f0f451\" data-elementor-lightbox-title=\"private-yoga-classes-miami-testimonial-pia-yoga-1\" data-e-action-hash=\"#elementor-action%3Aaction%3Dlightbox%26settings%3DeyJpZCI6MjIxMCwidXJsIjoiaHR0cHM6XC9cL3BpYXlvZ2FvbmxpbmUuY29tXC93cC1jb250ZW50XC91cGxvYWRzXC8yMDIwXC8wNlwvcHJpdmF0ZS15b2dhLWNsYXNzZXMtbWlhbWktdGVzdGltb25pYWwtcGlhLXlvZ2EtMS5qcGVnIiwic2xpZGVzaG93IjoiNGYwZjQ1MSJ9\">\n\t\t\t\t\t<div class=\"e-gallery-image elementor-gallery-item__image\" data-thumbnail=\"https:\/\/piayogaonline.com\/wp-content\/uploads\/2020\/06\/private-yoga-classes-miami-testimonial-pia-yoga-1-300x232.jpeg\" data-width=\"300\" data-height=\"232\" aria-label=\"\" role=\"img\" ><\/div>\n\t\t\t\t\t\t\t\t\t\t\t<div class=\"elementor-gallery-item__overlay\"><\/div>\n\t\t\t\t\t\t\t\t\t\t\t\t\t\t<\/a>\n\t\t\t\t\t\t\t<a class=\"e-gallery-item elementor-gallery-item elementor-animated-content\" href=\"https:\/\/piayogaonline.com\/wp-content\/uploads\/2020\/12\/private-yoga-class-in-miami-1.jpg\" data-elementor-open-lightbox=\"yes\" data-elementor-lightbox-slideshow=\"4f0f451\" data-elementor-lightbox-title=\"private yoga class in miami 1\" data-e-action-hash=\"#elementor-action%3Aaction%3Dlightbox%26settings%3DeyJpZCI6MzkyNCwidXJsIjoiaHR0cHM6XC9cL3BpYXlvZ2FvbmxpbmUuY29tXC93cC1jb250ZW50XC91cGxvYWRzXC8yMDIwXC8xMlwvcHJpdmF0ZS15b2dhLWNsYXNzLWluLW1pYW1pLTEuanBnIiwic2xpZGVzaG93IjoiNGYwZjQ1MSJ9\">\n\t\t\t\t\t<div class=\"e-gallery-image elementor-gallery-item__image\" data-thumbnail=\"https:\/\/piayogaonline.com\/wp-content\/uploads\/2020\/12\/private-yoga-class-in-miami-1-234x300.jpg\" data-width=\"234\" data-height=\"300\" aria-label=\"private yoga class in miami 1\" role=\"img\" ><\/div>\n\t\t\t\t\t\t\t\t\t\t\t<div class=\"elementor-gallery-item__overlay\"><\/div>\n\t\t\t\t\t\t\t\t\t\t\t\t\t\t<\/a>\n\t\t\t\t\t\t\t<a class=\"e-gallery-item elementor-gallery-item elementor-animated-content\" href=\"https:\/\/piayogaonline.com\/wp-content\/uploads\/2020\/12\/private-yoga-class-in-miami-3-1.jpg\" data-elementor-open-lightbox=\"yes\" data-elementor-lightbox-slideshow=\"4f0f451\" data-elementor-lightbox-title=\"private yoga class in miami 3\" data-e-action-hash=\"#elementor-action%3Aaction%3Dlightbox%26settings%3DeyJpZCI6MzkzNiwidXJsIjoiaHR0cHM6XC9cL3BpYXlvZ2FvbmxpbmUuY29tXC93cC1jb250ZW50XC91cGxvYWRzXC8yMDIwXC8xMlwvcHJpdmF0ZS15b2dhLWNsYXNzLWluLW1pYW1pLTMtMS5qcGciLCJzbGlkZXNob3ciOiI0ZjBmNDUxIn0%3D\">\n\t\t\t\t\t<div class=\"e-gallery-image elementor-gallery-item__image\" data-thumbnail=\"https:\/\/piayogaonline.com\/wp-content\/uploads\/2020\/12\/private-yoga-class-in-miami-3-1-300x218.jpg\" data-width=\"300\" data-height=\"218\" aria-label=\"private yoga class in miami 3\" role=\"img\" ><\/div>\n\t\t\t\t\t\t\t\t\t\t\t<div class=\"elementor-gallery-item__overlay\"><\/div>\n\t\t\t\t\t\t\t\t\t\t\t\t\t\t<\/a>\n\t\t\t\t\t\t\t<a class=\"e-gallery-item elementor-gallery-item elementor-animated-content\" href=\"https:\/\/piayogaonline.com\/wp-content\/uploads\/2020\/12\/private-yoga-class-in-miami-4-scaled.jpg\" data-elementor-open-lightbox=\"yes\" data-elementor-lightbox-slideshow=\"4f0f451\" data-elementor-lightbox-title=\"private yoga class in miami 4\" data-e-action-hash=\"#elementor-action%3Aaction%3Dlightbox%26settings%3DeyJpZCI6MzkzNCwidXJsIjoiaHR0cHM6XC9cL3BpYXlvZ2FvbmxpbmUuY29tXC93cC1jb250ZW50XC91cGxvYWRzXC8yMDIwXC8xMlwvcHJpdmF0ZS15b2dhLWNsYXNzLWluLW1pYW1pLTQtc2NhbGVkLmpwZyIsInNsaWRlc2hvdyI6IjRmMGY0NTEifQ%3D%3D\">\n\t\t\t\t\t<div class=\"e-gallery-image elementor-gallery-item__image\" data-thumbnail=\"https:\/\/piayogaonline.com\/wp-content\/uploads\/2020\/12\/private-yoga-class-in-miami-4-300x225.jpg\" data-width=\"300\" data-height=\"225\" aria-label=\"private yoga class in miami 4\" role=\"img\" ><\/div>\n\t\t\t\t\t\t\t\t\t\t\t<div class=\"elementor-gallery-item__overlay\"><\/div>\n\t\t\t\t\t\t\t\t\t\t\t\t\t\t<\/a>\n\t\t\t\t\t\t\t<a class=\"e-gallery-item elementor-gallery-item elementor-animated-content\" href=\"https:\/\/piayogaonline.com\/wp-content\/uploads\/2020\/12\/online-private-yoga-class-zoom-5.png\" data-elementor-open-lightbox=\"yes\" data-elementor-lightbox-slideshow=\"4f0f451\" data-elementor-lightbox-title=\"online private yoga class zoom 5\" data-e-action-hash=\"#elementor-action%3Aaction%3Dlightbox%26settings%3DeyJpZCI6Mzk1MywidXJsIjoiaHR0cHM6XC9cL3BpYXlvZ2FvbmxpbmUuY29tXC93cC1jb250ZW50XC91cGxvYWRzXC8yMDIwXC8xMlwvb25saW5lLXByaXZhdGUteW9nYS1jbGFzcy16b29tLTUucG5nIiwic2xpZGVzaG93IjoiNGYwZjQ1MSJ9\">\n\t\t\t\t\t<div class=\"e-gallery-image elementor-gallery-item__image\" data-thumbnail=\"https:\/\/piayogaonline.com\/wp-content\/uploads\/2020\/12\/online-private-yoga-class-zoom-5-300x158.png\" data-width=\"300\" data-height=\"158\" aria-label=\"online private yoga class zoom 5\" role=\"img\" ><\/div>\n\t\t\t\t\t\t\t\t\t\t\t<div class=\"elementor-gallery-item__overlay\"><\/div>\n\t\t\t\t\t\t\t\t\t\t\t\t\t\t<\/a>\n\t\t\t\t\t\t\t<a class=\"e-gallery-item elementor-gallery-item elementor-animated-content\" href=\"https:\/\/piayogaonline.com\/wp-content\/uploads\/2020\/12\/online-private-yoga-class-zoom-6.png\" data-elementor-open-lightbox=\"yes\" data-elementor-lightbox-slideshow=\"4f0f451\" data-elementor-lightbox-title=\"online private yoga class zoom 6\" data-e-action-hash=\"#elementor-action%3Aaction%3Dlightbox%26settings%3DeyJpZCI6Mzk1NSwidXJsIjoiaHR0cHM6XC9cL3BpYXlvZ2FvbmxpbmUuY29tXC93cC1jb250ZW50XC91cGxvYWRzXC8yMDIwXC8xMlwvb25saW5lLXByaXZhdGUteW9nYS1jbGFzcy16b29tLTYucG5nIiwic2xpZGVzaG93IjoiNGYwZjQ1MSJ9\">\n\t\t\t\t\t<div class=\"e-gallery-image elementor-gallery-item__image\" data-thumbnail=\"https:\/\/piayogaonline.com\/wp-content\/uploads\/2020\/12\/online-private-yoga-class-zoom-6-249x300.png\" data-width=\"249\" data-height=\"300\" aria-label=\"online private yoga class zoom 6\" role=\"img\" ><\/div>\n\t\t\t\t\t\t\t\t\t\t\t<div class=\"elementor-gallery-item__overlay\"><\/div>\n\t\t\t\t\t\t\t\t\t\t\t\t\t\t<\/a>\n\t\t\t\t\t<\/div>\n\t\t\t\t\t<\/div>\n\t\t\t\t<\/div>\n\t\t\t\t<div class=\"elementor-element elementor-element-e54d9f8 elementor-align-center elementor-widget elementor-widget-button\" data-id=\"e54d9f8\" data-element_type=\"widget\" data-e-type=\"widget\" data-widget_type=\"button.default\">\n\t\t\t\t<div class=\"elementor-widget-container\">\n\t\t\t\t\t\t\t\t\t<div class=\"elementor-button-wrapper\">\n\t\t\t\t\t<a class=\"elementor-button elementor-button-link elementor-size-md\" href=\"mailto:piayogacontact@gmail.com\">\n\t\t\t\t\t\t<span class=\"elementor-button-content-wrapper\">\n\t\t\t\t\t\t\t\t\t<span class=\"elementor-button-text\">CONT\u00c1CTAME<\/span>\n\t\t\t\t\t<\/span>\n\t\t\t\t\t<\/a>\n\t\t\t\t<\/div>\n\t\t\t\t\t\t\t\t<\/div>\n\t\t\t\t<\/div>\n\t\t\t\t<div class=\"elementor-element elementor-element-d2789b0 elementor-testimonial--skin-default elementor-testimonial--layout-image_inline elementor-testimonial--align-center elementor-arrows-yes elementor-pagination-type-bullets elementor-widget elementor-widget-testimonial-carousel\" data-id=\"d2789b0\" data-element_type=\"widget\" data-e-type=\"widget\" data-settings=\"{&quot;show_arrows&quot;:&quot;yes&quot;,&quot;pagination&quot;:&quot;bullets&quot;,&quot;speed&quot;:500,&quot;autoplay&quot;:&quot;yes&quot;,&quot;autoplay_speed&quot;:5000,&quot;loop&quot;:&quot;yes&quot;,&quot;pause_on_hover&quot;:&quot;yes&quot;,&quot;pause_on_interaction&quot;:&quot;yes&quot;,&quot;space_between&quot;:{&quot;unit&quot;:&quot;px&quot;,&quot;size&quot;:10,&quot;sizes&quot;:[]},&quot;space_between_tablet&quot;:{&quot;unit&quot;:&quot;px&quot;,&quot;size&quot;:10,&quot;sizes&quot;:[]},&quot;space_between_mobile&quot;:{&quot;unit&quot;:&quot;px&quot;,&quot;size&quot;:10,&quot;sizes&quot;:[]}}\" data-widget_type=\"testimonial-carousel.default\">\n\t\t\t\t<div class=\"elementor-widget-container\">\n\t\t\t\t\t\t\t\t\t<div class=\"elementor-swiper\">\n\t\t\t\t\t<div class=\"elementor-main-swiper swiper\" role=\"region\" aria-roledescription=\"carousel\" aria-label=\"Slides\">\n\t\t\t\t<div class=\"swiper-wrapper\">\n\t\t\t\t\t\t\t\t\t\t\t<div class=\"swiper-slide\" role=\"group\" aria-roledescription=\"slide\">\n\t\t\t\t\t\t\t\t\t<div class=\"elementor-testimonial\">\n\t\t\t\t\t\t\t<div class=\"elementor-testimonial__content\">\n\t\t\t\t\t<div class=\"elementor-testimonial__text\">\n\t\t\t\t\t\t\"Pia es una instructora de yoga incre\u00edble. He estado tomando clases individuales con ella durante m\u00e1s de un a\u00f1o y los resultados son fant\u00e1sticos. Hoy tengo mucha m\u00e1s fuerza, flexibilidad y un mayor nivel de concentraci\u00f3n. Adem\u00e1s de eso, me siento muy bien despu\u00e9s de cada clase. Sus clases tienen un equilibrio perfecto entre el bienestar y la relajaci\u00f3n. Su atenci\u00f3n al detalle tiene un impacto en todos los aspectos de la clase. Mis dos hijas (de 5 y 9 a\u00f1os) se me unen de vez en cuando y tambi\u00e9n est\u00e1n empezando a amar sus clases\"\t\t\t\t\t<\/div>\n\t\t\t\t\t\t\t\t\t<\/div>\n\t\t\t\t\t\t<div class=\"elementor-testimonial__footer\">\n\t\t\t\t\t\t\t\t\t<div class=\"elementor-testimonial__image\">\n\t\t\t\t\t\t<img decoding=\"async\" src=\"https:\/\/piayogaonline.com\/wp-content\/uploads\/2020\/12\/Gerardo-Mahuad.jpg\" alt=\"Gerardo-Mahuad-pia-yoga\">\n\t\t\t\t\t\t\t\t\t\t\t<\/div>\n\t\t\t\t\t\t\t\t<cite class=\"elementor-testimonial__cite\"><span class=\"elementor-testimonial__name\">Gerardo Mahuad<\/span><span class=\"elementor-testimonial__title\">Managing Principal at Eagle Property Capital<\/span><\/cite>\t\t\t<\/div>\n\t\t<\/div>\n\t\t\t\t\t\t\t\t<\/div>\n\t\t\t\t\t\t\t\t\t\t\t<div class=\"swiper-slide\" role=\"group\" aria-roledescription=\"slide\">\n\t\t\t\t\t\t\t\t\t<div class=\"elementor-testimonial\">\n\t\t\t\t\t\t\t<div class=\"elementor-testimonial__content\">\n\t\t\t\t\t<div class=\"elementor-testimonial__text\">\n\t\t\t\t\t\t\u201cPia me hizo enamorarme del yoga. Soy una persona atl\u00e9tica y prob\u00e9 yoga un par de veces pero no me sirvi\u00f3 de mucho, hasta cuando decid\u00ed probar un paquete de clases con Pia. Las clases son desafiantes y eso es genial para mi mente y mi cuerpo. Me encantan las clases y la energ\u00eda de Pia, cada d\u00eda estoy mejorando, ganando equilibrio y flexibilidad. Agradecida por su ense\u00f1anza, conocimiento y clases divertidas\"\t\t\t\t\t<\/div>\n\t\t\t\t\t\t\t\t\t<\/div>\n\t\t\t\t\t\t<div class=\"elementor-testimonial__footer\">\n\t\t\t\t\t\t\t\t\t<div class=\"elementor-testimonial__image\">\n\t\t\t\t\t\t<img decoding=\"async\" src=\"https:\/\/piayogaonline.com\/wp-content\/uploads\/2020\/12\/ZWzEx1kQ.jpeg\" alt=\"Andrea-minski-pia-yoga\">\n\t\t\t\t\t\t\t\t\t\t\t<\/div>\n\t\t\t\t\t\t\t\t<cite class=\"elementor-testimonial__cite\"><span class=\"elementor-testimonial__name\">Andrea Minski<\/span><span class=\"elementor-testimonial__title\">TV Host & Lifestyle expert<\/span><\/cite>\t\t\t<\/div>\n\t\t<\/div>\n\t\t\t\t\t\t\t\t<\/div>\n\t\t\t\t\t\t\t\t\t<\/div>\n\t\t\t\t\t\t\t\t\t\t\t\t\t\t\t<div class=\"elementor-swiper-button elementor-swiper-button-prev\" role=\"button\" tabindex=\"0\" aria-label=\"Previous\">\n\t\t\t\t\t\t\t<i aria-hidden=\"true\" class=\"eicon-chevron-left\"><\/i>\t\t\t\t\t\t<\/div>\n\t\t\t\t\t\t<div class=\"elementor-swiper-button elementor-swiper-button-next\" role=\"button\" tabindex=\"0\" aria-label=\"Next\">\n\t\t\t\t\t\t\t<i aria-hidden=\"true\" class=\"eicon-chevron-right\"><\/i>\t\t\t\t\t\t<\/div>\n\t\t\t\t\t\t\t\t\t\t\t\t\t\t\t\t<div class=\"swiper-pagination\"><\/div>\n\t\t\t\t\t\t\t\t\t\t\t\t<\/div>\n\t\t\t\t<\/div>\n\t\t\t\t\t\t\t\t<\/div>\n\t\t\t\t<\/div>\n\t\t\t\t<div class=\"elementor-element elementor-element-6cf1586 elementor-widget elementor-widget-spacer\" data-id=\"6cf1586\" data-element_type=\"widget\" data-e-type=\"widget\" data-widget_type=\"spacer.default\">\n\t\t\t\t<div class=\"elementor-widget-container\">\n\t\t\t\t\t\t\t<div class=\"elementor-spacer\">\n\t\t\t<div class=\"elementor-spacer-inner\"><\/div>\n\t\t<\/div>\n\t\t\t\t\t\t<\/div>\n\t\t\t\t<\/div>\n\t\t\t\t\t<\/div>\n\t\t<\/div>\n\t\t\t\t\t<\/div>\n\t\t<\/section>\n\t\t\t\t<\/div>\n\t\t","protected":false},"excerpt":{"rendered":"<p>En persona en Miami o por Zoom en cualquier parte del mundo En las clases privadas vamos al detalle, enfoc\u00e1ndonos en lo que quieres o necesitas mejorar o reforzar. Por tanto, es la mejor forma de cubrir tus necesidades espec\u00edficas tanto f\u00edsicas como internas. Clases Privadas de: Power vinyasa, Skanda Yoga, Asthanga Yoga, yoga restaurativo, [&hellip;]<\/p>\n","protected":false},"author":231,"featured_media":1276,"parent":0,"menu_order":0,"comment_status":"closed","ping_status":"closed","template":"elementor_theme","meta":{"footnotes":""},"class_list":["post-10004","page","type-page","status-publish","has-post-thumbnail","hentry"],"yoast_head":"<!-- This site is optimized with the Yoast SEO plugin v27.4 - https:\/\/yoast.com\/product\/yoast-seo-wordpress\/ -->\n<title>Clases privadas de yoga con Pia - Pia Yoga Online - Yoga para fortalecer mente y cuerpo<\/title>\n<meta name=\"robots\" content=\"index, follow, max-snippet:-1, max-image-preview:large, max-video-preview:-1\" \/>\n<link rel=\"canonical\" href=\"https:\/\/piayogaonline.com\/es\/clases-privadas-de-yoga-con-pia\/\" \/>\n<meta property=\"og:locale\" content=\"es_ES\" \/>\n<meta property=\"og:type\" content=\"article\" \/>\n<meta property=\"og:title\" content=\"Clases privadas de yoga con Pia - Pia Yoga Online - Yoga para fortalecer mente y cuerpo\" \/>\n<meta property=\"og:description\" content=\"En persona en Miami o por Zoom en cualquier parte del mundo En las clases privadas vamos al detalle, enfoc\u00e1ndonos en lo que quieres o necesitas mejorar o reforzar. Por tanto, es la mejor forma de cubrir tus necesidades espec\u00edficas tanto f\u00edsicas como internas. Clases Privadas de: Power vinyasa, Skanda Yoga, Asthanga Yoga, yoga restaurativo, [&hellip;]\" \/>\n<meta property=\"og:url\" content=\"https:\/\/piayogaonline.com\/es\/clases-privadas-de-yoga-con-pia\/\" \/>\n<meta property=\"og:site_name\" content=\"Pia Yoga Online - Yoga para fortalecer mente y cuerpo\" \/>\n<meta property=\"article:publisher\" content=\"https:\/\/www.facebook.com\/PiaYoga108\/\" \/>\n<meta property=\"article:modified_time\" content=\"2023-03-22T03:04:40+00:00\" \/>\n<meta property=\"og:image\" content=\"https:\/\/piayogaonline.com\/wp-content\/uploads\/2019\/12\/private-yoga-classes-in-miami-by-pia-yoga.jpg\" \/>\n\t<meta property=\"og:image:width\" content=\"1500\" \/>\n\t<meta property=\"og:image:height\" content=\"1058\" \/>\n\t<meta property=\"og:image:type\" content=\"image\/jpeg\" \/>\n<meta name=\"twitter:card\" content=\"summary_large_image\" \/>\n<script type=\"application\/ld+json\" class=\"yoast-schema-graph\">{\"@context\":\"https:\\\/\\\/schema.org\",\"@graph\":[{\"@type\":\"WebPage\",\"@id\":\"https:\\\/\\\/piayogaonline.com\\\/es\\\/clases-privadas-de-yoga-con-pia\\\/\",\"url\":\"https:\\\/\\\/piayogaonline.com\\\/es\\\/clases-privadas-de-yoga-con-pia\\\/\",\"name\":\"Clases privadas de yoga con Pia - Pia Yoga Online - Yoga para fortalecer mente y cuerpo\",\"isPartOf\":{\"@id\":\"https:\\\/\\\/piayogaonline.com\\\/es\\\/#website\"},\"primaryImageOfPage\":{\"@id\":\"https:\\\/\\\/piayogaonline.com\\\/es\\\/clases-privadas-de-yoga-con-pia\\\/#primaryimage\"},\"image\":{\"@id\":\"https:\\\/\\\/piayogaonline.com\\\/es\\\/clases-privadas-de-yoga-con-pia\\\/#primaryimage\"},\"thumbnailUrl\":\"https:\\\/\\\/piayogaonline.com\\\/wp-content\\\/uploads\\\/2019\\\/12\\\/private-yoga-classes-in-miami-by-pia-yoga.jpg\",\"datePublished\":\"2023-03-22T03:01:30+00:00\",\"dateModified\":\"2023-03-22T03:04:40+00:00\",\"breadcrumb\":{\"@id\":\"https:\\\/\\\/piayogaonline.com\\\/es\\\/clases-privadas-de-yoga-con-pia\\\/#breadcrumb\"},\"inLanguage\":\"es-CO\",\"potentialAction\":[{\"@type\":\"ReadAction\",\"target\":[\"https:\\\/\\\/piayogaonline.com\\\/es\\\/clases-privadas-de-yoga-con-pia\\\/\"]}]},{\"@type\":\"ImageObject\",\"inLanguage\":\"es-CO\",\"@id\":\"https:\\\/\\\/piayogaonline.com\\\/es\\\/clases-privadas-de-yoga-con-pia\\\/#primaryimage\",\"url\":\"https:\\\/\\\/piayogaonline.com\\\/wp-content\\\/uploads\\\/2019\\\/12\\\/private-yoga-classes-in-miami-by-pia-yoga.jpg\",\"contentUrl\":\"https:\\\/\\\/piayogaonline.com\\\/wp-content\\\/uploads\\\/2019\\\/12\\\/private-yoga-classes-in-miami-by-pia-yoga.jpg\",\"width\":1500,\"height\":1058},{\"@type\":\"BreadcrumbList\",\"@id\":\"https:\\\/\\\/piayogaonline.com\\\/es\\\/clases-privadas-de-yoga-con-pia\\\/#breadcrumb\",\"itemListElement\":[{\"@type\":\"ListItem\",\"position\":1,\"name\":\"Home\",\"item\":\"https:\\\/\\\/piayogaonline.com\\\/es\\\/\"},{\"@type\":\"ListItem\",\"position\":2,\"name\":\"Clases privadas de yoga con Pia\"}]},{\"@type\":\"WebSite\",\"@id\":\"https:\\\/\\\/piayogaonline.com\\\/es\\\/#website\",\"url\":\"https:\\\/\\\/piayogaonline.com\\\/es\\\/\",\"name\":\"Pia Yoga Online - Yoga para fortalecer mente y cuerpo\",\"description\":\"Clases de yoga online, videos y consejos para tu pr\u00e1ctica de yoga, enfocados en fortalecer mente y cuerpo. Tambi\u00e9n informaci\u00f3n sobre talleres, retiros de yoga y eventos especiales.\",\"potentialAction\":[{\"@type\":\"SearchAction\",\"target\":{\"@type\":\"EntryPoint\",\"urlTemplate\":\"https:\\\/\\\/piayogaonline.com\\\/es\\\/?s={search_term_string}\"},\"query-input\":{\"@type\":\"PropertyValueSpecification\",\"valueRequired\":true,\"valueName\":\"search_term_string\"}}],\"inLanguage\":\"es-CO\"}]}<\/script>\n<!-- \/ Yoast SEO plugin. -->","yoast_head_json":{"title":"Clases privadas de yoga con Pia - Pia Yoga Online - Yoga para fortalecer mente y cuerpo","robots":{"index":"index","follow":"follow","max-snippet":"max-snippet:-1","max-image-preview":"max-image-preview:large","max-video-preview":"max-video-preview:-1"},"canonical":"https:\/\/piayogaonline.com\/es\/clases-privadas-de-yoga-con-pia\/","og_locale":"es_ES","og_type":"article","og_title":"Clases privadas de yoga con Pia - Pia Yoga Online - Yoga para fortalecer mente y cuerpo","og_description":"En persona en Miami o por Zoom en cualquier parte del mundo En las clases privadas vamos al detalle, enfoc\u00e1ndonos en lo que quieres o necesitas mejorar o reforzar. Por tanto, es la mejor forma de cubrir tus necesidades espec\u00edficas tanto f\u00edsicas como internas. Clases Privadas de: Power vinyasa, Skanda Yoga, Asthanga Yoga, yoga restaurativo, [&hellip;]","og_url":"https:\/\/piayogaonline.com\/es\/clases-privadas-de-yoga-con-pia\/","og_site_name":"Pia Yoga Online - Yoga para fortalecer mente y cuerpo","article_publisher":"https:\/\/www.facebook.com\/PiaYoga108\/","article_modified_time":"2023-03-22T03:04:40+00:00","og_image":[{"width":1500,"height":1058,"url":"https:\/\/piayogaonline.com\/wp-content\/uploads\/2019\/12\/private-yoga-classes-in-miami-by-pia-yoga.jpg","type":"image\/jpeg"}],"twitter_card":"summary_large_image","schema":{"@context":"https:\/\/schema.org","@graph":[{"@type":"WebPage","@id":"https:\/\/piayogaonline.com\/es\/clases-privadas-de-yoga-con-pia\/","url":"https:\/\/piayogaonline.com\/es\/clases-privadas-de-yoga-con-pia\/","name":"Clases privadas de yoga con Pia - Pia Yoga Online - Yoga para fortalecer mente y cuerpo","isPartOf":{"@id":"https:\/\/piayogaonline.com\/es\/#website"},"primaryImageOfPage":{"@id":"https:\/\/piayogaonline.com\/es\/clases-privadas-de-yoga-con-pia\/#primaryimage"},"image":{"@id":"https:\/\/piayogaonline.com\/es\/clases-privadas-de-yoga-con-pia\/#primaryimage"},"thumbnailUrl":"https:\/\/piayogaonline.com\/wp-content\/uploads\/2019\/12\/private-yoga-classes-in-miami-by-pia-yoga.jpg","datePublished":"2023-03-22T03:01:30+00:00","dateModified":"2023-03-22T03:04:40+00:00","breadcrumb":{"@id":"https:\/\/piayogaonline.com\/es\/clases-privadas-de-yoga-con-pia\/#breadcrumb"},"inLanguage":"es-CO","potentialAction":[{"@type":"ReadAction","target":["https:\/\/piayogaonline.com\/es\/clases-privadas-de-yoga-con-pia\/"]}]},{"@type":"ImageObject","inLanguage":"es-CO","@id":"https:\/\/piayogaonline.com\/es\/clases-privadas-de-yoga-con-pia\/#primaryimage","url":"https:\/\/piayogaonline.com\/wp-content\/uploads\/2019\/12\/private-yoga-classes-in-miami-by-pia-yoga.jpg","contentUrl":"https:\/\/piayogaonline.com\/wp-content\/uploads\/2019\/12\/private-yoga-classes-in-miami-by-pia-yoga.jpg","width":1500,"height":1058},{"@type":"BreadcrumbList","@id":"https:\/\/piayogaonline.com\/es\/clases-privadas-de-yoga-con-pia\/#breadcrumb","itemListElement":[{"@type":"ListItem","position":1,"name":"Home","item":"https:\/\/piayogaonline.com\/es\/"},{"@type":"ListItem","position":2,"name":"Clases privadas de yoga con Pia"}]},{"@type":"WebSite","@id":"https:\/\/piayogaonline.com\/es\/#website","url":"https:\/\/piayogaonline.com\/es\/","name":"Pia Yoga Online - Yoga para fortalecer mente y cuerpo","description":"Clases de yoga online, videos y consejos para tu pr\u00e1ctica de yoga, enfocados en fortalecer mente y cuerpo. Tambi\u00e9n informaci\u00f3n sobre talleres, retiros de yoga y eventos especiales.","potentialAction":[{"@type":"SearchAction","target":{"@type":"EntryPoint","urlTemplate":"https:\/\/piayogaonline.com\/es\/?s={search_term_string}"},"query-input":{"@type":"PropertyValueSpecification","valueRequired":true,"valueName":"search_term_string"}}],"inLanguage":"es-CO"}]}},"_links":{"self":[{"href":"https:\/\/piayogaonline.com\/es\/wp-json\/wp\/v2\/pages\/10004","targetHints":{"allow":["GET"]}}],"collection":[{"href":"https:\/\/piayogaonline.com\/es\/wp-json\/wp\/v2\/pages"}],"about":[{"href":"https:\/\/piayogaonline.com\/es\/wp-json\/wp\/v2\/types\/page"}],"author":[{"embeddable":true,"href":"https:\/\/piayogaonline.com\/es\/wp-json\/wp\/v2\/users\/231"}],"replies":[{"embeddable":true,"href":"https:\/\/piayogaonline.com\/es\/wp-json\/wp\/v2\/comments?post=10004"}],"version-history":[{"count":0,"href":"https:\/\/piayogaonline.com\/es\/wp-json\/wp\/v2\/pages\/10004\/revisions"}],"wp:featuredmedia":[{"embeddable":true,"href":"https:\/\/piayogaonline.com\/es\/wp-json\/wp\/v2\/media\/1276"}],"wp:attachment":[{"href":"https:\/\/piayogaonline.com\/es\/wp-json\/wp\/v2\/media?parent=10004"}],"curies":[{"name":"wp","href":"https:\/\/api.w.org\/{rel}","templated":true}]}}